{"id":8503,"date":"2023-05-17T08:44:12","date_gmt":"2023-05-17T06:44:12","guid":{"rendered":"https:\/\/glinik.dev10.pro\/?page_id=8503"},"modified":"2023-05-17T08:53:08","modified_gmt":"2023-05-17T06:53:08","slug":"%d8%a7%d9%84%d8%aa%d9%88%d8%a7%d8%b5%d9%84-%d9%85%d8%b9%d9%86%d8%a7","status":"publish","type":"page","link":"https:\/\/glinik.dev10.pro\/ar\/%d8%a7%d9%84%d8%aa%d9%88%d8%a7%d8%b5%d9%84-%d9%85%d8%b9%d9%86%d8%a7\/","title":{"rendered":"\u0627\u0644\u062a\u0648\u0627\u0635\u0644 \u0645\u0639\u0646\u0627"},"content":{"rendered":"\n<p class=\"has-text-align-center\"><strong>\u0623\u062f\u0648\u0627\u062a \u0648\u0645\u0639\u062f\u0627\u062a \u0627\u0644\u062d\u0641\u0631 &#8220;\u062c\u0644\u064a\u0646\u064a\u0643&#8221; Sp. z o.o. \u0645\u0639 \u0627\u0644\u0645\u0642\u0631 \u0627\u0644\u0631\u0626\u064a\u0633\u064a \u0641\u064a Gorlice <\/strong><\/p>\n\n\n\n<p class=\"has-text-align-center\"><strong>\u060c \u0645\u0627\u064a. \u0645\u064a\u062e\u0627\u0644\u0648\u0633\u0627 1 \u060c 38-320 \u063a\u0648\u0631\u0644\u064a\u0633 \u060c \u062f\u062e\u0644\u062a \u0641\u064a \u0633\u062c\u0644 \u0631\u0648\u0627\u062f \u0627\u0644\u0623\u0639\u0645\u0627\u0644 \u0641\u064a \u0633\u062c\u0644<\/strong><\/p>\n\n\n\n<p class=\"has-text-align-center\"><strong> \u0627\u0644\u0645\u062d\u0627\u0643\u0645 \u0627\u0644\u0648\u0637\u0646\u064a\u0629 \u062a\u062d\u062a\u0641\u0638 \u0628\u0647\u0627 \u0645\u062d\u0643\u0645\u0629 \u0645\u0642\u0627\u0637\u0639\u0629 \u0643\u0631\u0627\u0643\u0648\u0641 \u015ar\u00f3dmie\u015bcie <\/strong><\/p>\n\n\n\n<p class=\"has-text-align-center\"><strong>\u0641\u064a \u0643\u0631\u0627\u0643\u0648\u0641 \u0627\u0644\u0642\u0633\u0645 \u0627\u0644\u062a\u062c\u0627\u0631\u064a \u0627\u0644\u062b\u0627\u0646\u064a \u0639\u0634\u0631 \u0628\u0631\u0642\u0645 <\/strong><\/p>\n\n\n\n<p class=\"has-text-align-center\"><strong>KRS 0000127409<\/strong><\/p>\n\n\n\n<p class=\"has-text-align-center\"><strong>NIP: 7381051327<\/strong><\/p>\n\n\n\n<p><\/p>\n\n\n\n<p class=\"has-text-align-center\"><br><\/p>\n\n\n\n<p><\/p>\n\n\n\n<iframe src=\"https:\/\/www.google.com\/maps\/embed?pb=!1m14!1m8!1m3!1d10328.623314395492!2d21.1714804!3d49.6702033!3m2!1i1024!2i768!4f13.1!3m3!1m2!1s0x0%3A0xda4739ed935624d7!2sNIUW%20Glinik!5e0!3m2!1spl!2spl!4v1621321264729!5m2!1spl!2spl\" style=\"border:0;\" allowfullscreen=\"\" loading=\"lazy\" width=\"100%\" height=\"600\"><\/iframe>\n\n\n\n<p><\/p>\n","protected":false},"excerpt":{"rendered":"<p>\u0623\u062f\u0648\u0627\u062a \u0648\u0645\u0639\u062f\u0627\u062a \u0627\u0644\u062d\u0641\u0631 &#8220;\u062c\u0644\u064a\u0646\u064a\u0643&#8221; Sp. z o.o. \u0645\u0639 \u0627\u0644\u0645\u0642\u0631 \u0627\u0644\u0631\u0626\u064a\u0633\u064a \u0641\u064a Gorlice \u060c \u0645\u0627\u064a. \u0645\u064a\u062e\u0627\u0644\u0648\u0633\u0627 1 \u060c 38-320 \u063a\u0648\u0631\u0644\u064a\u0633 \u060c \u062f\u062e\u0644\u062a \u0641\u064a \u0633\u062c\u0644 \u0631\u0648\u0627\u062f \u0627\u0644\u0623\u0639\u0645\u0627\u0644 \u0641\u064a \u0633\u062c\u0644 \u0627\u0644\u0645\u062d\u0627\u0643\u0645 \u0627\u0644\u0648\u0637\u0646\u064a\u0629 \u062a\u062d\u062a\u0641\u0638 \u0628\u0647\u0627 \u0645\u062d\u0643\u0645\u0629 \u0645\u0642\u0627\u0637\u0639\u0629 \u0643\u0631\u0627\u0643\u0648\u0641 \u015ar\u00f3dmie\u015bcie \u0641\u064a \u0643\u0631\u0627\u0643\u0648\u0641 \u0627\u0644\u0642\u0633\u0645 \u0627\u0644\u062a\u062c\u0627\u0631\u064a \u0627\u0644\u062b\u0627\u0646\u064a \u0639\u0634\u0631 \u0628\u0631\u0642\u0645 KRS 0000127409 NIP: 7381051327<\/p>\n","protected":false},"author":9,"featured_media":0,"parent":0,"menu_order":0,"comment_status":"closed","ping_status":"closed","template":"page-kontakt.php","meta":{"footnotes":""},"class_list":["post-8503","page","type-page","status-publish","hentry"],"acf":[],"_links":{"self":[{"href":"https:\/\/glinik.dev10.pro\/ar\/wp-json\/wp\/v2\/pages\/8503","targetHints":{"allow":["GET"]}}],"collection":[{"href":"https:\/\/glinik.dev10.pro\/ar\/wp-json\/wp\/v2\/pages"}],"about":[{"href":"https:\/\/glinik.dev10.pro\/ar\/wp-json\/wp\/v2\/types\/page"}],"author":[{"embeddable":true,"href":"https:\/\/glinik.dev10.pro\/ar\/wp-json\/wp\/v2\/users\/9"}],"replies":[{"embeddable":true,"href":"https:\/\/glinik.dev10.pro\/ar\/wp-json\/wp\/v2\/comments?post=8503"}],"version-history":[{"count":6,"href":"https:\/\/glinik.dev10.pro\/ar\/wp-json\/wp\/v2\/pages\/8503\/revisions"}],"predecessor-version":[{"id":8513,"href":"https:\/\/glinik.dev10.pro\/ar\/wp-json\/wp\/v2\/pages\/8503\/revisions\/8513"}],"wp:attachment":[{"href":"https:\/\/glinik.dev10.pro\/ar\/wp-json\/wp\/v2\/media?parent=8503"}],"curies":[{"name":"wp","href":"https:\/\/api.w.org\/{rel}","templated":true}]}}