{"id":8984,"date":"2021-06-25T14:09:09","date_gmt":"2021-06-25T12:09:09","guid":{"rendered":"https:\/\/glinik.dev10.pro\/praca-studenci\/"},"modified":"2021-06-25T14:09:09","modified_gmt":"2021-06-25T12:09:09","slug":"praca-studenci","status":"publish","type":"page","link":"https:\/\/glinik.dev10.pro\/ar\/praca-studenci\/","title":{"rendered":"Studenci"},"content":{"rendered":"\n<p>Od in\u017cynierii wiertnictwa elektrotechnik\u0119, mechanik\u0119 maszyn , mechatronik\u0119, logistyk\u0119, po lingwistyk\u0119,&nbsp; reklam\u0119 i , marketing . Mamy praktykant\u00f3w&nbsp; ucz\u0105cych si\u0119&nbsp; w r\u00f3\u017cnych dziedzinach.&nbsp; Je\u015bli chcesz przeku\u0107 &nbsp;&nbsp;teorie w praktyk\u0119 zapraszamy do nas. Im szybciej z\u0142o\u017cysz wniosek, tym lepiej.&nbsp;Trzy miesi\u0105ce przed dat\u0105 rozpocz\u0119cia s\u0105 idealne.&nbsp;Cztery tygodnie s\u0105 nadal mo\u017cliwe, poniewa\u017c niekt\u00f3re praktyki wakacyjne s\u0105 planowane z kr\u00f3tkim wyprzedzeniem.<\/p>\n\n\n\n<ul class=\"lista wp-block-list\"><li><a href=\"https:\/\/glinik.dev10.pro\/praca-pracownicy-produkcyjni-2\/\" data-type=\"URL\" data-id=\"https:\/\/glinik.dev10.pro\/praca-pracownicy-produkcyjni-2\/\">studenci o nas<\/a><\/li><\/ul>\n\n\n\n<hr class=\"wp-block-separator\"\/>\n\n\n\n<p><\/p>\n","protected":false},"excerpt":{"rendered":"<p>Od in\u017cynierii wiertnictwa elektrotechnik\u0119, mechanik\u0119 maszyn , mechatronik\u0119, logistyk\u0119, po lingwistyk\u0119,&nbsp; reklam\u0119 i , marketing . Mamy praktykant\u00f3w&nbsp; ucz\u0105cych si\u0119&nbsp; w r\u00f3\u017cnych dziedzinach.&nbsp; Je\u015bli chcesz przeku\u0107 &nbsp;&nbsp;teorie w praktyk\u0119 zapraszamy do nas. Im szybciej z\u0142o\u017cysz wniosek, tym lepiej.&nbsp;Trzy miesi\u0105ce przed dat\u0105 rozpocz\u0119cia s\u0105 idealne.&nbsp;Cztery tygodnie s\u0105 nadal mo\u017cliwe, poniewa\u017c niekt\u00f3re praktyki wakacyjne s\u0105 planowane z [&hellip;]<\/p>\n","protected":false},"author":1,"featured_media":0,"parent":0,"menu_order":0,"comment_status":"closed","ping_status":"closed","template":"page-praca.php","meta":{"footnotes":""},"class_list":["post-8984","page","type-page","status-publish","hentry"],"acf":[],"_links":{"self":[{"href":"https:\/\/glinik.dev10.pro\/ar\/wp-json\/wp\/v2\/pages\/8984","targetHints":{"allow":["GET"]}}],"collection":[{"href":"https:\/\/glinik.dev10.pro\/ar\/wp-json\/wp\/v2\/pages"}],"about":[{"href":"https:\/\/glinik.dev10.pro\/ar\/wp-json\/wp\/v2\/types\/page"}],"author":[{"embeddable":true,"href":"https:\/\/glinik.dev10.pro\/ar\/wp-json\/wp\/v2\/users\/1"}],"replies":[{"embeddable":true,"href":"https:\/\/glinik.dev10.pro\/ar\/wp-json\/wp\/v2\/comments?post=8984"}],"version-history":[{"count":0,"href":"https:\/\/glinik.dev10.pro\/ar\/wp-json\/wp\/v2\/pages\/8984\/revisions"}],"wp:attachment":[{"href":"https:\/\/glinik.dev10.pro\/ar\/wp-json\/wp\/v2\/media?parent=8984"}],"curies":[{"name":"wp","href":"https:\/\/api.w.org\/{rel}","templated":true}]}}