{"id":8987,"date":"2021-06-28T03:16:20","date_gmt":"2021-06-28T01:16:20","guid":{"rendered":"https:\/\/glinik.dev10.pro\/praca-uczniowie\/"},"modified":"2021-06-28T03:16:20","modified_gmt":"2021-06-28T01:16:20","slug":"praca-uczniowie","status":"publish","type":"page","link":"https:\/\/glinik.dev10.pro\/ar\/praca-uczniowie\/","title":{"rendered":"Uczniowie"},"content":{"rendered":"\n<p>W Glinik NIUW oferujemy praktyki, dzi\u0119ki kt\u00f3rym , b\u0119dziesz mie\u0107&nbsp; mo\u017cliwo\u015b\u0107 pozna\u0107 &nbsp;NASZ zak\u0142ad, nauczy\u0107 si\u0119&nbsp; zawodu.&nbsp; Im szybciej z\u0142o\u017cysz wniosek tym lepiej. Cztery tygodnie przed rozpocz\u0119ciem praktyk&nbsp; jest idealne.<\/p>\n\n\n\n<div style=\"height:100px\" aria-hidden=\"true\" class=\"wp-block-spacer\"><\/div>\n\n\n\n<p><\/p>\n","protected":false},"excerpt":{"rendered":"<p>W Glinik NIUW oferujemy praktyki, dzi\u0119ki kt\u00f3rym , b\u0119dziesz mie\u0107&nbsp; mo\u017cliwo\u015b\u0107 pozna\u0107 &nbsp;NASZ zak\u0142ad, nauczy\u0107 si\u0119&nbsp; zawodu.&nbsp; Im szybciej z\u0142o\u017cysz wniosek tym lepiej. Cztery tygodnie przed rozpocz\u0119ciem praktyk&nbsp; jest idealne.<\/p>\n","protected":false},"author":1,"featured_media":0,"parent":0,"menu_order":0,"comment_status":"closed","ping_status":"closed","template":"page-praca.php","meta":{"footnotes":""},"class_list":["post-8987","page","type-page","status-publish","hentry"],"acf":[],"_links":{"self":[{"href":"https:\/\/glinik.dev10.pro\/ar\/wp-json\/wp\/v2\/pages\/8987","targetHints":{"allow":["GET"]}}],"collection":[{"href":"https:\/\/glinik.dev10.pro\/ar\/wp-json\/wp\/v2\/pages"}],"about":[{"href":"https:\/\/glinik.dev10.pro\/ar\/wp-json\/wp\/v2\/types\/page"}],"author":[{"embeddable":true,"href":"https:\/\/glinik.dev10.pro\/ar\/wp-json\/wp\/v2\/users\/1"}],"replies":[{"embeddable":true,"href":"https:\/\/glinik.dev10.pro\/ar\/wp-json\/wp\/v2\/comments?post=8987"}],"version-history":[{"count":0,"href":"https:\/\/glinik.dev10.pro\/ar\/wp-json\/wp\/v2\/pages\/8987\/revisions"}],"wp:attachment":[{"href":"https:\/\/glinik.dev10.pro\/ar\/wp-json\/wp\/v2\/media?parent=8987"}],"curies":[{"name":"wp","href":"https:\/\/api.w.org\/{rel}","templated":true}]}}