{"id":1719,"date":"2021-07-14T09:02:01","date_gmt":"2021-07-14T07:02:01","guid":{"rendered":"https:\/\/glinik.dev10.pro\/dialog-techniczny\/"},"modified":"2021-07-14T11:43:44","modified_gmt":"2021-07-14T09:43:44","slug":"dialog-techniczny","status":"publish","type":"page","link":"https:\/\/glinik.dev10.pro\/en\/dialog-techniczny\/","title":{"rendered":"Dialog techniczny"},"content":{"rendered":"\n<div class=\"wp-block-group alignwide container-m\"><div class=\"wp-block-group__inner-container is-layout-flow wp-block-group-is-layout-flow\">\n<div class=\"wp-block-image\"><figure class=\"aligncenter size-large\"><img decoding=\"async\" width=\"1024\" height=\"192\" src=\"https:\/\/glinik.dev10.pro\/wp-content\/uploads\/2021\/07\/Zrzut-ekranu-2021-07-2-o-17.10.13-1024x192.png\" alt=\"\" class=\"wp-image-1555\" srcset=\"https:\/\/glinik.dev10.pro\/wp-content\/uploads\/2021\/07\/Zrzut-ekranu-2021-07-2-o-17.10.13-1024x192.png 1024w, https:\/\/glinik.dev10.pro\/wp-content\/uploads\/2021\/07\/Zrzut-ekranu-2021-07-2-o-17.10.13-500x94.png 500w, https:\/\/glinik.dev10.pro\/wp-content\/uploads\/2021\/07\/Zrzut-ekranu-2021-07-2-o-17.10.13-768x144.png 768w, https:\/\/glinik.dev10.pro\/wp-content\/uploads\/2021\/07\/Zrzut-ekranu-2021-07-2-o-17.10.13-1536x288.png 1536w, https:\/\/glinik.dev10.pro\/wp-content\/uploads\/2021\/07\/Zrzut-ekranu-2021-07-2-o-17.10.13.png 1996w\" sizes=\"(max-width: 1024px) 100vw, 1024px\" \/><\/figure><\/div>\n\n\n\n<p><strong>NFORMACJA O ZAKO\u0143CZENIU DIALOGU TECHNICZNEGO<\/strong><\/p>\n\n\n\n<p>&nbsp;Sp\u00f3\u0142ka&nbsp;<strong>Narz\u0119dzia i Urz\u0105dzenia Wiertnicze ,,Glinik&#8221; Sp. z o.o.<\/strong>&nbsp;z siedzib\u0105 przy ulicy J\u00f3zefa Michalusa 1, 38-320 Gorlice<strong>, informuje, \u017ce w dniu 21 czerwca 2019 r. zako\u0144czy\u0142a dialog techniczny<\/strong>&nbsp;poprzedzaj\u0105cy wszcz\u0119cie post\u0119powania o udzielenie zam\u00f3wienia publicznego na<strong>:&nbsp;<em>Wyprodukowanie i dostarczenie optymalnego materia\u0142u do napawania powierzchni roboczych gryz\u00f3w i \u0142ap \u015bwidr\u00f3w wielko\u015brednicowych oraz dla wytwarzania wybranych element\u00f3w \u015bwidr\u00f3w PDC<\/em><\/strong><em>,<\/em>&nbsp;powy\u017csze zam\u00f3wienie dotyczy realizacji projektu pt. \u201e<em>Opracowanie i weryfikacja w warunkach rzeczywistych nowej technologii wytwarzania wielko\u015brednicowych \u015bwidr\u00f3w wielogryzowych oraz typu PDC z wykorzystaniem metod wytwarzania przyrostowego (druk 3D) realizowanych w technologii Laser Metal Deposition (LMD)<\/em>\u201d wsp\u00f3\u0142finasowanego ze przez Uni\u0119 Europejsk\u0105 ze \u015brodk\u00f3w Europejskiego Funduszu Rozwoju Regionalnego.<br>Dzi\u0119kujemy wszystkim podmiotom, kt\u00f3re uczestniczy\u0142y w dialogu technicznym oraz podmiotom, kt\u00f3re zg\u0142osi\u0142y ch\u0119\u0107 udzia\u0142u w dialogu.&nbsp;<\/p>\n\n\n\n<p>Zesp\u00f3\u0142 ds. Dialogu Technicznego<\/p>\n\n\n\n<p><strong>INFORMACJA O ZAKO\u0143CZENIU DIALOGU TECHNICZNEGO<\/strong><\/p>\n\n\n\n<p>&nbsp;Sp\u00f3\u0142ka&nbsp;<strong>Narz\u0119dzia i Urz\u0105dzenia Wiertnicze ,,Glinik&#8221; Sp. z o.o.<\/strong>&nbsp;z siedzib\u0105 przy ulicy J\u00f3zefa Michalusa 1, 38-320 Gorlice<strong>, informuje, \u017ce w dniu 31 lipca 2019 r. zako\u0144czy\u0142a dialog techniczny<\/strong>&nbsp;poprzedzaj\u0105cy wszcz\u0119cie post\u0119powania o udzielenie zam\u00f3wienia publicznego na<strong>:&nbsp;<em>Wyprodukowanie i dostarczenie niezb\u0119dnych element\u00f3w do budowy laboratoryjnego prototypu urz\u0105dzenia dla metody wytwarzania przyrostowego w technologii LMD<\/em><\/strong><em>,<\/em>&nbsp;powy\u017csze zam\u00f3wienie dotyczy realizacji projektu pt. \u201e<em>Opracowanie i weryfikacja w warunkach rzeczywistych nowej technologii wytwarzania wielko\u015brednicowych \u015bwidr\u00f3w wielogryzowych oraz typu PDC z wykorzystaniem metod wytwarzania przyrostowego (druk 3D) realizowanych w technologii Laser Metal Deposition (LMD)<\/em>\u201d wsp\u00f3\u0142finasowanego ze przez Uni\u0119 Europejsk\u0105 ze \u015brodk\u00f3w Europejskiego Funduszu Rozwoju Regionalnego.<\/p>\n\n\n\n<p>Dzi\u0119kujemy wszystkim podmiotom, kt\u00f3re uczestniczy\u0142y w dialogu technicznym oraz podmiotom, kt\u00f3re zg\u0142osi\u0142y ch\u0119\u0107 udzia\u0142u w dialogu.<br>&nbsp;Zesp\u00f3\u0142 ds. Dialogu Technicznego&nbsp;<\/p>\n<\/div><\/div>\n","protected":false},"excerpt":{"rendered":"<p>NFORMACJA O ZAKO\u0143CZENIU DIALOGU TECHNICZNEGO &nbsp;Sp\u00f3\u0142ka&nbsp;Narz\u0119dzia i Urz\u0105dzenia Wiertnicze ,,Glinik&#8221; Sp. z o.o.&nbsp;z siedzib\u0105 przy ulicy J\u00f3zefa Michalusa 1, 38-320 Gorlice, informuje, \u017ce w dniu 21 czerwca 2019 r. zako\u0144czy\u0142a dialog techniczny&nbsp;poprzedzaj\u0105cy wszcz\u0119cie post\u0119powania o udzielenie zam\u00f3wienia publicznego na:&nbsp;Wyprodukowanie i dostarczenie optymalnego materia\u0142u do napawania powierzchni roboczych gryz\u00f3w i \u0142ap \u015bwidr\u00f3w wielko\u015brednicowych oraz dla wytwarzania [&hellip;]<\/p>\n","protected":false},"author":2,"featured_media":0,"parent":0,"menu_order":0,"comment_status":"closed","ping_status":"closed","template":"page-full.php","meta":{"footnotes":""},"class_list":["post-1719","page","type-page","status-publish","hentry"],"acf":[],"_links":{"self":[{"href":"https:\/\/glinik.dev10.pro\/en\/wp-json\/wp\/v2\/pages\/1719","targetHints":{"allow":["GET"]}}],"collection":[{"href":"https:\/\/glinik.dev10.pro\/en\/wp-json\/wp\/v2\/pages"}],"about":[{"href":"https:\/\/glinik.dev10.pro\/en\/wp-json\/wp\/v2\/types\/page"}],"author":[{"embeddable":true,"href":"https:\/\/glinik.dev10.pro\/en\/wp-json\/wp\/v2\/users\/2"}],"replies":[{"embeddable":true,"href":"https:\/\/glinik.dev10.pro\/en\/wp-json\/wp\/v2\/comments?post=1719"}],"version-history":[{"count":1,"href":"https:\/\/glinik.dev10.pro\/en\/wp-json\/wp\/v2\/pages\/1719\/revisions"}],"predecessor-version":[{"id":1720,"href":"https:\/\/glinik.dev10.pro\/en\/wp-json\/wp\/v2\/pages\/1719\/revisions\/1720"}],"wp:attachment":[{"href":"https:\/\/glinik.dev10.pro\/en\/wp-json\/wp\/v2\/media?parent=1719"}],"curies":[{"name":"wp","href":"https:\/\/api.w.org\/{rel}","templated":true}]}}