{"id":1749,"date":"2021-07-02T16:36:02","date_gmt":"2021-07-02T14:36:02","guid":{"rendered":"https:\/\/glinik.dev10.pro\/ogloszenia-ofertowe\/"},"modified":"2023-09-25T10:36:44","modified_gmt":"2023-09-25T08:36:44","slug":"ogloszenia-ofertowe","status":"publish","type":"page","link":"https:\/\/glinik.dev10.pro\/en\/ogloszenia-ofertowe\/","title":{"rendered":"Og\u0142oszenia ofertowe"},"content":{"rendered":"\n<div class=\"wp-block-image\"><figure class=\"aligncenter size-large\"><img decoding=\"async\" src=\"https:\/\/glinik.dev10.pro\/wp-content\/uploads\/2023\/08\/belka-POIR_pl-1024x104.jpg\" alt=\"\" class=\"wp-image-9691\"\/><\/figure><\/div>\n\n\n\n<div class=\"wp-block-group container-full mt-100\"><div class=\"wp-block-group__inner-container is-layout-flow wp-block-group-is-layout-flow\">\n<div class=\"wp-block-columns is-layout-flex wp-container-core-columns-is-layout-9d6595d7 wp-block-columns-is-layout-flex\">\n<div class=\"wp-block-column c-md-12 is-layout-flow wp-block-column-is-layout-flow\">\n<p><strong>Status naszych og\u0142osze\u0144 ofertowych:<br><br>Aktualne:<\/strong><\/p>\n\n\n\n<p><strong>Zako\u0144czone:<\/strong><\/p>\n\n\n\n<ul class=\"wp-block-list\"><li><a href=\"https:\/\/glinik.dev10.pro\/wp-content\/uploads\/2023\/09\/94336.zip\">nr 94336<\/a><\/li><li><a href=\"https:\/\/glinik.dev10.pro\/wp-content\/uploads\/2023\/09\/94521.zip\">nr 94521<\/a><\/li><li>nr 1201649<\/li><li>nr 1191811<\/li><li>nr 1191812<\/li><li>nr 1198332<\/li><li>nr 1202964<\/li><li>nr 1214549<\/li><li>nr 1250188<\/li><li>nr 1251899<\/li><li>nr 2020-3404-4323<\/li><li>nr 2021-3404-40925<\/li><\/ul>\n\n\n\n<p><strong><strong>\u200bAnulowane<\/strong><\/strong><\/p>\n\n\n\n<ul class=\"wp-block-list\"><li>nr 169373<\/li><li>nr 1212997<\/li><\/ul>\n\n\n\n<p><strong>Do pobrania:<\/strong><\/p>\n\n\n\n<ul id=\"block-2cd76157-d293-45c9-9450-44ed54960b9d\" class=\"lista wp-block-list\"><li><a href=\"https:\/\/glinik.dev10.pro\/laser\/\"><\/a><a href=\"https:\/\/glinik.dev10.pro\/wp-content\/uploads\/2021\/07\/ogolne-warunki-dostaw-srodki-ue-1.pdf\" target=\"_blank\" rel=\"noreferrer noopener\">OG\u00d3LNE WARUNKI DOSTAW \u015aRODKI UE<\/a><\/li><li><a href=\"https:\/\/glinik.dev10.pro\/lozyska\/\"><\/a><a href=\"https:\/\/glinik.dev10.pro\/wp-content\/uploads\/2021\/07\/tresc_ogloszenia_nr_2021_3404_40925-1.pdf\" target=\"_blank\" rel=\"noreferrer noopener\">OG\u0141OSZENIE_NR_2021-3404-40925<\/a><\/li><li><a href=\"https:\/\/glinik.dev10.pro\/systemy-plukania\/\"><\/a><a href=\"https:\/\/glinik.dev10.pro\/wp-content\/uploads\/2021\/07\/zalacznik_1-formularz-oferty-1.pdf\" target=\"_blank\" rel=\"noreferrer noopener\">ZA\u0141.1- FORMULARZ OFERTOWY &#8211; DO OG\u0141OSZENIA NR 2021-3404-40925<\/a><\/li><li><a href=\"https:\/\/glinik.dev10.pro\/systemy-plukania\/\"><\/a><a href=\"https:\/\/glinik.dev10.pro\/wp-content\/uploads\/2021\/07\/zalacznik_2-oswiadczenie-o-braku-powiazan-1.pdf\" target=\"_blank\" rel=\"noreferrer noopener\">ZA\u0141.2 &#8211; O\u015aWIADCZENIE O BRAKU POWI\u0104ZA\u0143 &#8211; DO OG\u0141OSZENIA NR 2021-3404-40925<\/a><\/li><li><a href=\"https:\/\/glinik.dev10.pro\/systemy-plukania\/\"><\/a><a href=\"https:\/\/glinik.dev10.pro\/wp-content\/uploads\/2021\/07\/zalacznik_3-klauzula-rodo-1.pdf\" target=\"_blank\" rel=\"noreferrer noopener\">ZA\u0141.3 &#8211; KLAUZULA RODO &#8211; DO OG\u0141OSZENIA NR 2021-3404-40925<\/a><\/li><li><a href=\"https:\/\/glinik.dev10.pro\/wp-content\/uploads\/2021\/07\/zalacznik_5-parametry-techniczne-komponentow-2.pdf\" target=\"_blank\" rel=\"noreferrer noopener\">ZA\u0141.5 &#8211; PARAMETRY TECHNICZNE KOMPONENT\u00d3W &#8211; DO OG\u0141OSZENIA NR 2021-3404-40925<\/a><\/li><\/ul>\n\n\n\n<p><\/p>\n\n\n\n<p><\/p>\n\n\n\n<p><\/p>\n<\/div>\n<\/div>\n<\/div><\/div>\n\n\n\n<p><\/p>\n\n\n\n<div class=\"wp-block-group container-full mt-100\"><div class=\"wp-block-group__inner-container is-layout-flow wp-block-group-is-layout-flow\">\n<div class=\"wp-block-columns is-layout-flex wp-container-core-columns-is-layout-9d6595d7 wp-block-columns-is-layout-flex\">\n<div class=\"wp-block-column c-md-12 is-layout-flow wp-block-column-is-layout-flow\"><\/div>\n<\/div>\n<\/div><\/div>\n\n\n\n<p><\/p>\n","protected":false},"excerpt":{"rendered":"<p>Status naszych og\u0142osze\u0144 ofertowych: Aktualne: Zako\u0144czone: nr 94336 nr 94521 nr 1201649 nr 1191811 nr 1191812 nr 1198332 nr 1202964 nr 1214549 nr 1250188 nr 1251899 nr 2020-3404-4323 nr 2021-3404-40925 \u200bAnulowane nr 169373 nr 1212997 Do pobrania: OG\u00d3LNE WARUNKI DOSTAW \u015aRODKI UE OG\u0141OSZENIE_NR_2021-3404-40925 ZA\u0141.1- FORMULARZ OFERTOWY &#8211; DO OG\u0141OSZENIA NR 2021-3404-40925 ZA\u0141.2 &#8211; O\u015aWIADCZENIE O [&hellip;]<\/p>\n","protected":false},"author":2,"featured_media":0,"parent":0,"menu_order":0,"comment_status":"closed","ping_status":"closed","template":"page-full.php","meta":{"footnotes":""},"class_list":["post-1749","page","type-page","status-publish","hentry"],"acf":[],"_links":{"self":[{"href":"https:\/\/glinik.dev10.pro\/en\/wp-json\/wp\/v2\/pages\/1749","targetHints":{"allow":["GET"]}}],"collection":[{"href":"https:\/\/glinik.dev10.pro\/en\/wp-json\/wp\/v2\/pages"}],"about":[{"href":"https:\/\/glinik.dev10.pro\/en\/wp-json\/wp\/v2\/types\/page"}],"author":[{"embeddable":true,"href":"https:\/\/glinik.dev10.pro\/en\/wp-json\/wp\/v2\/users\/2"}],"replies":[{"embeddable":true,"href":"https:\/\/glinik.dev10.pro\/en\/wp-json\/wp\/v2\/comments?post=1749"}],"version-history":[{"count":8,"href":"https:\/\/glinik.dev10.pro\/en\/wp-json\/wp\/v2\/pages\/1749\/revisions"}],"predecessor-version":[{"id":9954,"href":"https:\/\/glinik.dev10.pro\/en\/wp-json\/wp\/v2\/pages\/1749\/revisions\/9954"}],"wp:attachment":[{"href":"https:\/\/glinik.dev10.pro\/en\/wp-json\/wp\/v2\/media?parent=1749"}],"curies":[{"name":"wp","href":"https:\/\/api.w.org\/{rel}","templated":true}]}}