{"id":1790,"date":"2021-07-02T17:05:43","date_gmt":"2021-07-02T15:05:43","guid":{"rendered":"https:\/\/glinik.dev10.pro\/wyniki-postepowan\/"},"modified":"2021-07-14T12:58:41","modified_gmt":"2021-07-14T10:58:41","slug":"wyniki-postepowan","status":"publish","type":"page","link":"https:\/\/glinik.dev10.pro\/en\/wyniki-postepowan\/","title":{"rendered":"Wyniki post\u0119powa\u0144"},"content":{"rendered":"\n<div class=\"wp-block-group alignwide container-m\"><div class=\"wp-block-group__inner-container is-layout-flow wp-block-group-is-layout-flow\">\n<div class=\"wp-block-image\"><figure class=\"aligncenter size-large\"><img decoding=\"async\" width=\"1024\" height=\"192\" src=\"https:\/\/glinik.dev10.pro\/wp-content\/uploads\/2021\/07\/Zrzut-ekranu-2021-07-2-o-17.10.13-1024x192.png\" alt=\"\" class=\"wp-image-1555\" srcset=\"https:\/\/glinik.dev10.pro\/wp-content\/uploads\/2021\/07\/Zrzut-ekranu-2021-07-2-o-17.10.13-1024x192.png 1024w, https:\/\/glinik.dev10.pro\/wp-content\/uploads\/2021\/07\/Zrzut-ekranu-2021-07-2-o-17.10.13-500x94.png 500w, https:\/\/glinik.dev10.pro\/wp-content\/uploads\/2021\/07\/Zrzut-ekranu-2021-07-2-o-17.10.13-768x144.png 768w, https:\/\/glinik.dev10.pro\/wp-content\/uploads\/2021\/07\/Zrzut-ekranu-2021-07-2-o-17.10.13-1536x288.png 1536w, https:\/\/glinik.dev10.pro\/wp-content\/uploads\/2021\/07\/Zrzut-ekranu-2021-07-2-o-17.10.13.png 1996w\" sizes=\"(max-width: 1024px) 100vw, 1024px\" \/><\/figure><\/div>\n\n\n\n<p><strong>INFORMACJA O WYNIKU POST\u0118POWANIAdo og\u0142oszenia z dnia 22 czerwca 2019 r.,<br>numer 1191812<\/strong><\/p>\n\n\n\n<p><br>&nbsp;Sp\u00f3\u0142ka&nbsp;<strong>Narz\u0119dzia i Urz\u0105dzenia Wiertnicze ,,Glinik&#8221; Sp. z o.o.<\/strong>&nbsp;z siedzib\u0105 przy ulicy J\u00f3zefa Michalusa 1, 38-320 Gorlice, informuje, i\u017c w ramach og\u0142oszenia dnia 22 czerwca 2019 r. nr 1191812, dotycz\u0105cego: Bada\u0144 laboratoryjnych w\u0142asno\u015bci materia\u0142\u00f3w do procesu napawania powierzchni roboczych gryz\u00f3w i \u0142ap \u015bwidr\u00f3w wielko\u015brednicowych oraz bada\u0144 laboratoryjnych materia\u0142\u00f3w do wytwarzania wybranych element\u00f3w \u015bwidr\u00f3w PDC w ramach projektu: ,,Opracowanie i weryfikacja w warunkach rzeczywistych nowej technologii wytwarzania wielko\u015brednicowych \u015bwidr\u00f3w wielogryzowych oraz typu PDC z wykorzystaniem metod wytwarzania przyrostowego (druk 3D) realizowanego w technologii Laser Metal Deposition (LMD)&#8221;, wsp\u00f3\u0142finasowanego ze przez Uni\u0119 Europejsk\u0105 ze \u015brodk\u00f3w Europejskiego Funduszu Rozwoju Regionalnego,&nbsp;<strong>prowadzonego zgodnie z zasad\u0105 konkurencyjno\u015bci z dnia 10 pa\u017adziernika 2017 r. &#8211; nie wp\u0142yn\u0119\u0142a \u017cadna oferta.<\/strong><\/p>\n\n\n\n<p><strong>INFORMACJA O WYNIKU POST\u0118POWANIAdo og\u0142oszenia z dnia 22 czerwca 2019 r., numer 1191811<\/strong>&nbsp;<\/p>\n\n\n\n<p><\/p>\n\n\n\n<p>Sp\u00f3\u0142ka&nbsp;<strong>Narz\u0119dzia i Urz\u0105dzenia Wiertnicze \u201eGlinik\u201dSp. z o.o.<\/strong>&nbsp; z siedzib\u0105 przy ulicy J\u00f3zefa Michalusa , 38-320 Gorlice, informuje, i\u017c w ramach og\u0142oszenia ofertowego&nbsp; dnia 22&nbsp;czerwca&nbsp;2019 r. nr 1191811 dotycz\u0105cego:&nbsp; Wyprodukowania i dostarczenia optymalnego materia\u0142u dla napawania powierzchni roboczych gryz\u00f3w i \u0142ap \u015bwidr\u00f3w wielko\u015brednicowych oraz wyprodukowania i dostarczenia optymalnego materia\u0142u do wytwarzania wybranych element\u00f3w \u015bwidr\u00f3w PDC&nbsp;w ramach projektu: \u201eOpracowanie i weryfikacja w warunkach rzeczywistych nowej technologii wytwarzania wielko\u015brednicowych \u015bwidr\u00f3w wielogryzowych oraz typu PDC<em>&nbsp;z wykorzystaniem metod wytwarzania przyrostowego (druk 3D) realizowanego w technologii Laser Metal Deposition (LMD)\u201d<\/em>, wsp\u00f3\u0142finasowanego ze przez Uni\u0119 Europejsk\u0105 ze \u015brodk\u00f3w Europejskiego Funduszu Rozwoju Regionalnego,&nbsp;<strong>prowadzonego zgodnie z zasad\u0105 konkurencyjno\u015bci z dnia 10 pa\u017adziernika 2017 r.<\/strong>&nbsp;&#8211;&nbsp;wp\u0142yn\u0119\u0142y 2&nbsp;<em>(s\u0142ownie: dwie)&nbsp;<\/em>oferty.<br><br>W wyniku przeprowadzonej analizy dokonano wyboru oferty firmy:&nbsp;<strong>Technogenia SAS,&nbsp;<\/strong>poniewa\u017c uzyska\u0142a ona najwi\u0119ksz\u0105 liczb\u0119 punkt\u00f3w zgodnie z kryteriami oceny oferty.Og\u00f3lnie znana teza g\u0142osi, i\u017c u\u017cytkownika mo\u017ce rozprasza\u0107 zrozumia\u0142a zawarto\u015b\u0107 strony, kiedy ten chce zobaczy\u0107 sam jej wygl\u0105d. Jedn\u0105 z mocnych stron u\u017cywania <\/p>\n\n\n\n<p><strong>INFORMACJA O WYNIKU POST\u0118POWANI<\/strong>A <strong>do og\u0142oszenia z dnia 31 lipca 2019 r., numer 1198332<\/strong>&nbsp;<\/p>\n\n\n\n<p>Sp\u00f3\u0142ka&nbsp;<strong>Narz\u0119dzia i Urz\u0105dzenia Wiertnicze ,,Glinik&#8221; Sp. z o.o.<\/strong>&nbsp;z siedzib\u0105 przy ulicy J\u00f3zefa Michalusa 1, 38-320 Gorlice, informuje, i\u017c w ramach og\u0142oszenia dnia 31 lipca 2019 r., nr 1198332, dotycz\u0105cego: Bada\u0144 laboratoryjnych w\u0142asno\u015bci materia\u0142\u00f3w do procesu napawania powierzchni roboczych gryz\u00f3w i \u0142ap \u015bwidr\u00f3w wielko\u015brednicowych oraz bada\u0144 laboratoryjnych materia\u0142\u00f3w do wytwarzania wybranych element\u00f3w \u015bwidr\u00f3w PDC&nbsp;w ramach projektu:&nbsp;<em>,,Opracowanie i weryfikacja w warunkach rzeczywistych nowej technologii wytwarzania wielko\u015brednicowych \u015bwidr\u00f3w wielogryzowych oraz typu PDC z wykorzystaniem metod wytwarzania przyrostowego (druk 3D) realizowanego w technologii Laser Metal Deposition (LMD)&#8221;<\/em>, wsp\u00f3\u0142finasowanego ze przez Uni\u0119 Europejsk\u0105 ze \u015brodk\u00f3w Europejskiego Funduszu Rozwoju Regionalnego,&nbsp;prowadzonego zgodnie z zasad\u0105 konkurencyjno\u015bci z dnia 10 pa\u017adziernika 2017 r. \u2013&nbsp;<strong>wp\u0142yn\u0119\u0142a jedna oferta, kt\u00f3ra&nbsp;ze wzgl\u0119du na b\u0142\u0119dy formalne nie zosta\u0142a dopuszczona do oceny merytorycznej. Komisja podj\u0119\u0142a decyzj\u0119 o ponownym zamieszczeniu og\u0142oszenia w bazie konkurencyjno\u015bci.<\/strong><\/p>\n\n\n\n<p><strong>INFORMACJA O WYNIKU POST\u0118POWANIA<\/strong> <strong>do og\u0142oszenia z dnia 21 sierpnia 2019 r., numer 1201649<\/strong><br><\/p>\n\n\n\n<p>Sp\u00f3\u0142ka&nbsp;<strong>Narz\u0119dzia i Urz\u0105dzenia Wiertnicze ,,Glinik&#8221; Sp. z o.o.<\/strong>&nbsp;z siedzib\u0105 przy ulicy J\u00f3zefa Michalusa 1, 38-320 Gorlice, informuje, i\u017c w ramach og\u0142oszenia dnia 21 sierpnia 2019 r. nr 1201649, dotycz\u0105cego:&nbsp;<em>Bada\u0144 laboratoryjnych w\u0142asno\u015bci materia\u0142\u00f3w do procesu napawania powierzchni roboczych gryz\u00f3w i \u0142ap \u015bwidr\u00f3w wielko\u015brednicowych oraz bada\u0144 laboratoryjnych materia\u0142\u00f3w do wytwarzania wybranych element\u00f3w \u015bwidr\u00f3w PDC,&nbsp;<\/em>ramach projektu:&nbsp;<em>,,Opracowanie i weryfikacja w warunkach rzeczywistych nowej technologii wytwarzania wielko\u015brednicowych \u015bwidr\u00f3w wielogryzowych oraz typu PDC z wykorzystaniem metod wytwarzania przyrostowego (druk 3D) realizowanego w technologii Laser Metal Deposition (LMD)&#8221;<\/em>, wsp\u00f3\u0142finasowanego ze przez Uni\u0119 Europejsk\u0105 ze \u015brodk\u00f3w Europejskiego Funduszu Rozwoju Regionalnego, prowadzonego zgodnie z zasad\u0105 konkurencyjno\u015bci z dnia 10 pa\u017adziernika 2017 r. &#8211; &nbsp;wp\u0142yn\u0119\u0142y 2 (s\u0142ownie: dwie) oferty.<br>W wyniku przeprowadzonej analizy dokonano wyboru najkorzystniejszej oferty:&nbsp;<strong>Instytutu Materia\u0142\u00f3w In\u017cynierskich i Biomedycznych, Wydzia\u0142u Mechanicznego Technologicznego, Politechniki \u015al\u0105skiej<\/strong>, poniewa\u017c uzyska\u0142a ona najwi\u0119ksz\u0105 liczb\u0119 punkt\u00f3w zgodnie z kryteriami oceny ofert<\/p>\n\n\n\n<p><strong>INFORMACJA O WYNIKU POST\u0118POWANIA<\/strong><\/p>\n\n\n\n<p><strong>do og\u0142oszenia z dnia 27 sierpnia 2019 r., numer 1202964<\/strong><br>&nbsp;Sp\u00f3\u0142ka&nbsp;<strong>Narz\u0119dzia i Urz\u0105dzenia Wiertnicze ,,Glinik&#8221; Sp. z o.o<\/strong>. z siedzib\u0105 przy ulicy J\u00f3zefa Michalusa 1, 38-320 Gorlice, informuje, i\u017c w ramach og\u0142oszenia dnia 27 sierpnia 2019 r. nr 1202964, dotycz\u0105cego:&nbsp;<em>Dostarczenia element\u00f3w laboratoryjnego prototypu urz\u0105dzenia dla metody wytwarzania przyrostowego w technologii LMD,&nbsp;<\/em>w ramach projektu:&nbsp;<em>,,Opracowanie i weryfikacja w warunkach rzeczywistych nowej technologii wytwarzania wielko\u015brednicowych \u015bwidr\u00f3w wielogryzowych oraz typu PDC z wykorzystaniem metod wytwarzania przyrostowego (druk 3D) realizowanego w technologii Laser Metal Deposition (LMD)&#8221;<\/em>, wsp\u00f3\u0142finasowanego ze przez Uni\u0119 Europejsk\u0105 ze \u015brodk\u00f3w Europejskiego Funduszu Rozwoju Regionalnego, prowadzonego zgodnie z zasad\u0105 konkurencyjno\u015bci &#8211;&nbsp;<strong>wp\u0142yn\u0119\u0142a jedna oferta, kt\u00f3ra ze wzgl\u0119du na nie spe\u0142nienie wszystkich wymog\u00f3w\/kryteri\u00f3w zawartych w og\u0142oszeniu, zosta\u0142a odrzucona. Komisja podj\u0119\u0142a decyzj\u0119 o ponownym zamieszczeniu og\u0142oszenia w bazie konkurencyjno\u015bci.<\/strong><\/p>\n\n\n\n<p><strong>NFORMATION ON THE OUTCOME OF THE PROCEDURE<\/strong> <strong>to the notice dated 27 August 2019, 1202964<\/strong><\/p>\n\n\n\n<p><br><strong>Narz\u0119dzia i Urz\u0105dzenia Wiertnicze \u201eGlinik\u201d Sp. z o.o.<\/strong>&nbsp;with its registered office at ul. J\u00f3zefa Michalusa 1, 38-320 Gorlice, hereby informs that under the notice dated 27 August 2019 no. 1202964 regarding:&nbsp;<em>Providing elements of the laboratory prototype device for the incremental production method in LMD technology<\/em>, as part of the project: \u201c<em>Development and verification of a new manufacturing technology of large diameter multicone roller&nbsp; bits as well as PDC-type roller bits with the use of additive manufacturing (3D printing) in real conditions performed in Laser Metal Deposition (LMD) technolog<\/em>y\u201d, co-funded by the European Regional Development Fund of the European Union in accordance with the principle of competitiveness \u2013&nbsp;<strong>one tender was submitted, which was rejected, as it did not meet all the requirements\/criteria included in the notice. The Committee decided to re-publish the notice on the Competitiveness Database.<\/strong><\/p>\n\n\n\n<p><strong>INFORMACJA O WYNIKU POST\u0118POWANIA<\/strong> <strong>do og\u0142oszenia z dnia 31 pa\u017adziernika 2019 r., numer 1214549<\/strong><\/p>\n\n\n\n<p><br>Sp\u00f3\u0142ka Narz\u0119dzia i Urz\u0105dzenia Wiertnicze ,,Glinik&#8221; Sp. z o.o. z siedzib\u0105 przy ulicy J\u00f3zefa Michalusa 1, 38-320 Gorlice, informuje, i\u017c w ramach og\u0142oszenia dnia 31 pa\u017adziernika 2019 r. nr 1214549, dotycz\u0105cego:&nbsp;<strong>Dostarczenia element\u00f3w laboratoryjnego prototypu urz\u0105dzenia dla metody wytwarzania przyrostowego w technologii LMD<\/strong>, w ramach projektu: ,,<em>Opracowanie i weryfikacja w warunkach rzeczywistych nowej technologii wytwarzania wielko\u015brednicowych \u015bwidr\u00f3w wielogryzowych oraz typu PDC z wykorzystaniem metod wytwarzania przyrostowego (druk 3D) realizowanego w technologii Laser Metal Deposition (LMD)<\/em>&#8220;, wsp\u00f3\u0142finasowanego ze przez Uni\u0119 Europejsk\u0105 ze \u015brodk\u00f3w Europejskiego Funduszu Rozwoju Regionalnego, prowadzonego zgodnie z zasad\u0105 konkurencyjno\u015bci &#8211; wp\u0142yn\u0119\u0142y trzy oferty.<\/p>\n\n\n\n<p>W wyniku przeprowadzonej analizy dokonano wyboru oferty firmy:&nbsp;<strong>LaserTec S.A<\/strong>., poniewa\u017c uzyska\u0142a ona najwi\u0119ksz\u0105 liczb\u0119 punkt\u00f3w zgodnie z kryteriami oceny oferty.<\/p>\n\n\n\n<p><strong><br><strong><br>INFORMATION ON THE OUTCOME OF THE PROCEDURE to the notice dated October 31<sup>st<\/sup>, 2019, no. 1214549<\/strong><\/strong><br><\/p>\n\n\n\n<p>Narz\u0119dzia i Urz\u0105dzenia Wiertnicze \u201eGlinik\u201d Sp. z o.o. with its registered office at 1 J\u00f3zefa Michalusa Street, 38-320 Gorlice, hereby informs that under the notice dated 31 October 2019 no. 1214549 regarding:&nbsp;<strong>Providing elements of the laboratory prototype device for the incremental production method in LMD technology<\/strong>, as part of the project: \u201c<em>Development and verification of a new manufacturing technology of large diameter roller cone bits as well as PDC-type bits with the use of additive manufacturing (3D printing) in real conditions performed in Laser Metal Deposition (LMD) technology<\/em>\u201d, co-funded by the European Regional Development Fund of the European Union in accordance with the principle of competitiveness \u2013 three tender was submitted.<\/p>\n\n\n\n<p>As a result of the analysis, the offer of the company:<br><strong>LaserTec S.A.&nbsp;<\/strong>was selected, because it obtained the highest number of points according to the bid evaluation criteria.<\/p>\n\n\n\n<p><strong>INFORMACJA O WYNIKU POST\u0118POWANIA<\/strong> do og\u0142oszenia z dnia 17 czerwca 2020 r., numer&nbsp;<strong>1250188<\/strong><\/p>\n\n\n\n<p>Sp\u00f3\u0142ka Narz\u0119dzia i Urz\u0105dzenia Wiertnicze ,,Glinik&#8221; Sp. z o.o. z siedzib\u0105 przy ulicy J\u00f3zefa Michalusa 1, 38-320 Gorlice, informuje, i\u017c w ramach og\u0142oszenia dnia 17 czerwca 2020r., nr 1250188,&nbsp;<strong>dotycz\u0105cego: dostawy materia\u0142\u00f3w do budowy prototyp\u00f3w \u015bwidr\u00f3w wielko\u015brednicowych 32\u201d \u2013 36\u201d oraz typu PDC 12-1\/4\u201d<\/strong>w ramach projektu: ,,Opracowanie i weryfikacja w warunkach rzeczywistych nowej technologii wytwarzania wielko\u015brednicowych \u015bwidr\u00f3w wielogryzowych oraz typu PDC z wykorzystaniem metod wytwarzania przyrostowego (druk 3D) realizowanego w technologii Laser Metal Deposition (LMD)&#8221;, wsp\u00f3\u0142finasowanego ze przez Uni\u0119 Europejsk\u0105 ze \u015brodk\u00f3w Europejskiego Funduszu Rozwoju Regionalnego, prowadzonego zgodnie z zasad\u0105 konkurencyjno\u015bci z dnia 10 pa\u017adziernika 2017 r. \u2013&nbsp;<strong>wp\u0142yn\u0119\u0142a jedna oferta, kt\u00f3ra ze wzgl\u0119du na nie spe\u0142nienie wszystkich wymog\u00f3w\/kryteri\u00f3w zawartych w og\u0142oszeniu, zosta\u0142a odrzucona. Komisja podj\u0119\u0142a decyzj\u0119 o ponownym zamieszczeniu og\u0142oszenia w bazie konkurencyjno\u015bci.<\/strong><\/p>\n\n\n\n<p><\/p>\n\n\n\n<p><strong>INFORMACJA O WYNIKU POST\u0118POWANIA<\/strong> <strong>do og\u0142oszenia z dnia 30&nbsp;czerwca 2020 r., numer&nbsp;1251899<\/strong><\/p>\n\n\n\n<p>Sp\u00f3\u0142ka Narz\u0119dzia i Urz\u0105dzenia Wiertnicze ,,Glinik&#8221; Sp. z o.o. z siedzib\u0105 przy ulicy J\u00f3zefa Michalusa 1, 38-320 Gorlice, informuje, i\u017c w ramach og\u0142oszenia z dnia 30&nbsp;czerwca 2020r., nr 1251899,&nbsp;<strong>dotycz\u0105cego: dostawy materia\u0142\u00f3w do budowy prototyp\u00f3w \u015bwidr\u00f3w wielko\u015brednicowych 32\u201d \u2013 36\u201d oraz typu PDC 12-1\/4\u201d&nbsp;<\/strong>w ramach projektu: ,,Opracowanie i weryfikacja w warunkach rzeczywistych nowej technologii wytwarzania wielko\u015brednicowych \u015bwidr\u00f3w wielogryzowych oraz typu PDC z wykorzystaniem metod wytwarzania przyrostowego (druk 3D) realizowanego w technologii Laser Metal Deposition (LMD)&#8221;, wsp\u00f3\u0142finasowanego przez Uni\u0119 Europejsk\u0105 ze \u015brodk\u00f3w Europejskiego Funduszu Rozwoju Regionalnego, prowadzonego zgodnie z zasad\u0105 konkurencyjno\u015bci z dnia 10 pa\u017adziernika 2017 r. \u2013&nbsp;<strong>wp\u0142yn\u0119\u0142y dwie oferty.<\/strong><\/p>\n\n\n\n<p>W wyniku przeprowadzonej analizy dokonano wyboru najkorzystniejszej oferty firmy:&nbsp;<strong>HSW &#8211; Ku\u017ania Stalowa Wola<\/strong>, poniewa\u017c uzyska\u0142a ona najwi\u0119ksz\u0105 liczb\u0119 punkt\u00f3w zgodnie z kryteriami oceny oferty.<\/p>\n\n\n\n<p><\/p>\n\n\n\n<p><strong>INFORMACJA O WYNIKU POST\u0118POWANIA<\/strong> do og\u0142oszenia z dnia 14 wrze\u015bnia 2020 r., <strong>numer&nbsp;2020-3404-4323<\/strong><\/p>\n\n\n\n<p>Sp\u00f3\u0142ka Narz\u0119dzia i Urz\u0105dzenia Wiertnicze ,,Glinik&#8221; Sp. z o.o. z siedzib\u0105 przy ulicy J\u00f3zefa Michalusa 1, 38-320 Gorlice, informuje, i\u017c w ramach og\u0142oszenia z dnia 14 wrze\u015bnia 2020r., nr 2020-3404-4323,&nbsp;dotycz\u0105cego:&nbsp;<strong>\u201eDostarczenia przyrz\u0105du do wyprodukowania detali, kt\u00f3re b\u0119d\u0105 podlega\u0142y weryfikacji metody wytwarzania przyrostowego w technologii LMD -pozycjonera dwuosiowego do wsp\u00f3\u0142pracy z robotem Fanuc system sterowania R-30iB Plus\u201d<\/strong>&nbsp;w ramach projektu: ,,Opracowanie i weryfikacja w warunkach rzeczywistych nowej technologii wytwarzania wielko\u015brednicowych \u015bwidr\u00f3w wielogryzowych oraz typu PDC z wykorzystaniem metod wytwarzania przyrostowego (druk 3D) realizowanego w technologii Laser Metal Deposition (LMD)&#8221;, wsp\u00f3\u0142finasowanego przez Uni\u0119 Europejsk\u0105 ze \u015brodk\u00f3w Europejskiego Funduszu Rozwoju Regionalnego, prowadzonego zgodnie z zasad\u0105 konkurencyjno\u015bci z dnia 10 pa\u017adziernika 2017 r.&nbsp;<strong>\u2013&nbsp;wp\u0142yn\u0119\u0142a jedna oferta<\/strong>.<br>W wyniku przeprowadzonej analizy formalnej i merytorycznej dokonano wyboru najkorzystniejszej oferty firmy:&nbsp;<strong>LaserTec S.A.,<\/strong>&nbsp;poniewa\u017c uzyska\u0142a ona najwi\u0119ksz\u0105 liczb\u0119 punkt\u00f3w zgodnie z kryteriami oceny oferty.<\/p>\n\n\n\n<p><\/p>\n\n\n\n<p><strong>INFORMACJA O WYNIKU POST\u0118POWANIA<\/strong> do og\u0142oszenia z dnia 31 marca 2021 r., numer&nbsp;<strong>2021-3404-40925<\/strong><\/p>\n\n\n\n<p>Sp\u00f3\u0142ka&nbsp;Narz\u0119dzia i Urz\u0105dzenia Wiertnicze ,,Glinik&#8221; Sp. z o.o.&nbsp;z siedzib\u0105 przy ulicy J\u00f3zefa Michalusa 1, 38-320 Gorlice, informuje, i\u017c w ramach og\u0142oszenia dnia 31 marca 2021 r. nr 2021-3404-40925, dotycz\u0105cego:&nbsp;<strong>\u201eDostarczenia materia\u0142\u00f3w do produkcji proszk\u00f3w wykorzystywanych do napawania metod\u0105 wytwarzania przyrostowego w technologii LMD\u201d<\/strong>&nbsp;w ramach projektu: ,,Opracowanie i weryfikacja w warunkach rzeczywistych nowej technologii wytwarzania wielko\u015brednicowych \u015bwidr\u00f3w wielogryzowych oraz typu PDC z wykorzystaniem metod wytwarzania przyrostowego (druk 3D) realizowanego w technologii Laser Metal Deposition (LMD)&#8221;, wsp\u00f3\u0142finasowanego ze przez Uni\u0119 Europejsk\u0105 ze \u015brodk\u00f3w Europejskiego Funduszu Rozwoju Regionalnego,&nbsp;prowadzonego zgodnie z zasad\u0105 konkurencyjno\u015bci &#8211; wp\u0142yn\u0119\u0142y dwie oferty.<br>&nbsp;<br>W wyniku przeprowadzonej analizy dokonano wyboru oferty firmy:&nbsp;<strong>KOS-Technika Biuro Doradcze S\u0142awomir Koz\u0142owski,&nbsp;<\/strong>poniewa\u017c uzyska\u0142a ona najwi\u0119ksz\u0105 liczb\u0119 punkt\u00f3w zgodnie z kryteriami oceny oferty.<\/p>\n<\/div><\/div>\n","protected":false},"excerpt":{"rendered":"<p>INFORMACJA O WYNIKU POST\u0118POWANIAdo og\u0142oszenia z dnia 22 czerwca 2019 r.,numer 1191812 &nbsp;Sp\u00f3\u0142ka&nbsp;Narz\u0119dzia i Urz\u0105dzenia Wiertnicze ,,Glinik&#8221; Sp. z o.o.&nbsp;z siedzib\u0105 przy ulicy J\u00f3zefa Michalusa 1, 38-320 Gorlice, informuje, i\u017c w ramach og\u0142oszenia dnia 22 czerwca 2019 r. nr 1191812, dotycz\u0105cego: Bada\u0144 laboratoryjnych w\u0142asno\u015bci materia\u0142\u00f3w do procesu napawania powierzchni roboczych gryz\u00f3w i \u0142ap \u015bwidr\u00f3w wielko\u015brednicowych [&hellip;]<\/p>\n","protected":false},"author":2,"featured_media":0,"parent":0,"menu_order":0,"comment_status":"closed","ping_status":"closed","template":"page-full.php","meta":{"footnotes":""},"class_list":["post-1790","page","type-page","status-publish","hentry"],"acf":[],"_links":{"self":[{"href":"https:\/\/glinik.dev10.pro\/en\/wp-json\/wp\/v2\/pages\/1790","targetHints":{"allow":["GET"]}}],"collection":[{"href":"https:\/\/glinik.dev10.pro\/en\/wp-json\/wp\/v2\/pages"}],"about":[{"href":"https:\/\/glinik.dev10.pro\/en\/wp-json\/wp\/v2\/types\/page"}],"author":[{"embeddable":true,"href":"https:\/\/glinik.dev10.pro\/en\/wp-json\/wp\/v2\/users\/2"}],"replies":[{"embeddable":true,"href":"https:\/\/glinik.dev10.pro\/en\/wp-json\/wp\/v2\/comments?post=1790"}],"version-history":[{"count":1,"href":"https:\/\/glinik.dev10.pro\/en\/wp-json\/wp\/v2\/pages\/1790\/revisions"}],"predecessor-version":[{"id":1791,"href":"https:\/\/glinik.dev10.pro\/en\/wp-json\/wp\/v2\/pages\/1790\/revisions\/1791"}],"wp:attachment":[{"href":"https:\/\/glinik.dev10.pro\/en\/wp-json\/wp\/v2\/media?parent=1790"}],"curies":[{"name":"wp","href":"https:\/\/api.w.org\/{rel}","templated":true}]}}