{"id":1796,"date":"2021-05-12T11:00:28","date_gmt":"2021-05-12T09:00:28","guid":{"rendered":"https:\/\/glinik.dev10.pro\/zespol\/"},"modified":"2023-09-22T09:03:40","modified_gmt":"2023-09-22T07:03:40","slug":"zespol","status":"publish","type":"page","link":"https:\/\/glinik.dev10.pro\/en\/zespol\/","title":{"rendered":"Team"},"content":{"rendered":"<div class=\"pracownik\">\n    <div class=\"container-full\">\n            <h2> People, their knowledge, experience and passion are our asset and value.<\/h2>\n                            <ul>\n                                    <li>\n                    <div data-aos=\"zoom-in\" data-aos-duration=\"300\" data-aos-delay=\"300\"  class=\"img-1\">\n                        <img decoding=\"async\" src=\"https:\/\/glinik.dev10.pro\/wp-content\/uploads\/2021\/06\/G.-Sidor-e1629976533468-500x456.jpg\" alt=\"\">\n                    <\/div>\n\n                    <div data-aos=\"fade-left\" data-aos-duration=\"300\" data-aos-delay=\"300\" class=\"box-right\">\n\n                            <h2>Grzegorz Sidor<\/h2>\n                            <h3>President of the Board <\/h3>\n                            <p>A graduate of the Rzesz\u00f3w University of Technology Ignacy \u0141ukasiewicz and the Academy of Leon Ko\u017ami\u0144ski in Warsaw (MBA). He started his professional career as an IT Specialist (SAP) at EADS PZL Warszawa-Ok\u0119cie. In 2003, the next stage was work at WSK Rzesz\u00f3w (now Pratt &#038; Whitney), starting as a consultant for the SAP system, then reaching managerial positions, he obtained the level of Program Manager (implementation of the production of PW800 engine components in Poland).   A further development is the position of Planning and Logistics Director at PZL Mielec (Sikorsky, 2011). In 2015, he assumed the position of Operations Director at the Sikorsky \/ Lockheed Martin factory in Mielec. Since 2019, he has been the President of the Management Board at NiUW Glinik in Gorlice.<\/p>\n\n                     <\/div>\n                <\/li>\n                           <li>\n                    <div data-aos=\"zoom-in\" data-aos-duration=\"300\" data-aos-delay=\"300\"  class=\"img-1\">\n                        <img decoding=\"async\" src=\"https:\/\/glinik.dev10.pro\/wp-content\/uploads\/2021\/06\/IMG_3033a-\u2014-gotowe-e1629976581697-500x404.jpeg\" alt=\"\">\n                    <\/div>\n\n                    <div data-aos=\"fade-left\" data-aos-duration=\"300\" data-aos-delay=\"300\" class=\"box-right\">\n\n                            <h2>Wojciech Tomkiewicz<\/h2>\n                            <h3>Vice President of the Board <\/h3>\n                            <p>A graduate of Cracow University of Economics. His professional career began 20 years ago in Carrefour Polska as a bookkeeper. Then he worked for: BDO Polska &#8211; as Consultant, Kronospan Polska &#8211; as Internal Auditor, Masonite PL Polska -as Financial Director, Proxy. Then he served as Chief Financial Officer and Member of the Management Board in Mercator Medical S.A., which he prepared for the debut on the Warsaw Stock Exchange. While working for the aforementioned companies, he worked in several countries, including Russia, Ukraine, Thailand, Romania, Hungary, Turkey and Israel. He specializes in the development of financial strategies, control processes and financial restructuring of enterprises. His personal interests are the culture and customs of Southeast Asian countries and medicine &#8211; other than academic one. <\/p>\n\n                     <\/div>\n                <\/li>\n        <\/ul>\n <\/div>\n<\/div>\n\n\n<div class=\"pracownik pracownik-slider \">\n    <div class=\"container-full\">\n                    <h2>Key Specialists<\/h2>\n                            <ul id=\"pracownik-slider\">\n                                    <li>\n                        <div data-aos=\"zoom-in\" data-aos-duration=\"300\" data-aos-delay=\"300\" class=\"box-img\">\n                            <div class=\"p-desc\">\n                               <span class=\"p-hidden\">\n                               <h2>Jacek Szpyrka<\/h2>\n                                   <p>Technical Director<\/p>\n                                <\/span>\n                                <img decoding=\"async\" src=\"https:\/\/glinik.dev10.pro\/wp-content\/uploads\/2023\/01\/1-scaled-e1675242014717-491x500.jpg\"\n                                     alt=\"\">\n                            <\/div>\n                            <div class=\"block-b\">\n                                <h2>Jacek Szpyrka<\/h2>\n                                <h3><\/h3>\n\n                            <\/div>\n                        <\/div>\n\n\n                    <\/li>\n                                    <li>\n                        <div data-aos=\"zoom-in\" data-aos-duration=\"300\" data-aos-delay=\"300\" class=\"box-img\">\n                            <div class=\"p-desc\">\n                               <span class=\"p-hidden\">\n                               <h2>Pawe\u0142 Rzepiela<\/h2>\n                                   <p>Director of Production<\/p>\n                                <\/span>\n                                <img decoding=\"async\" src=\"https:\/\/glinik.dev10.pro\/wp-content\/uploads\/2021\/08\/IMG_3142a-scaled-e1632586208694-500x475.jpg\"\n                                     alt=\"\">\n                            <\/div>\n                            <div class=\"block-b\">\n                                <h2>Pawe\u0142 Rzepiela<\/h2>\n                                <h3><\/h3>\n\n                            <\/div>\n                        <\/div>\n\n\n                    <\/li>\n                                    <li>\n                        <div data-aos=\"zoom-in\" data-aos-duration=\"300\" data-aos-delay=\"300\" class=\"box-img\">\n                            <div class=\"p-desc\">\n                               <span class=\"p-hidden\">\n                               <h2>Katarzyna Kolarzyk<\/h2>\n                                   <p>Sales Dept Manager<\/p>\n                                <\/span>\n                                <img decoding=\"async\" src=\"https:\/\/glinik.dev10.pro\/wp-content\/uploads\/2021\/09\/IMG_KK-scaled-e1675255686531-500x447.jpg\"\n                                     alt=\"\">\n                            <\/div>\n                            <div class=\"block-b\">\n                                <h2>Katarzyna Kolarzyk<\/h2>\n                                <h3><\/h3>\n\n                            <\/div>\n                        <\/div>\n\n\n                    <\/li>\n                                    <li>\n                        <div data-aos=\"zoom-in\" data-aos-duration=\"300\" data-aos-delay=\"300\" class=\"box-img\">\n                            <div class=\"p-desc\">\n                               <span class=\"p-hidden\">\n                               <h2>Daniel Urz\u0119dowski<\/h2>\n                                   <p>QMS Manager<\/p>\n                                <\/span>\n                                <img decoding=\"async\" src=\"https:\/\/glinik.dev10.pro\/wp-content\/uploads\/2021\/08\/011-e1629980583217-439x500.jpg\"\n                                     alt=\"\">\n                            <\/div>\n                            <div class=\"block-b\">\n                                <h2>Daniel Urz\u0119dowski<\/h2>\n                                <h3><\/h3>\n\n                            <\/div>\n                        <\/div>\n\n\n                    <\/li>\n                                    <li>\n                        <div data-aos=\"zoom-in\" data-aos-duration=\"300\" data-aos-delay=\"300\" class=\"box-img\">\n                            <div class=\"p-desc\">\n                               <span class=\"p-hidden\">\n                               <h2>Iwona Dyl\u0105g<\/h2>\n                                   <p>Manager<\/p>\n                                <\/span>\n                                <img decoding=\"async\" src=\"https:\/\/glinik.dev10.pro\/wp-content\/uploads\/2023\/03\/013-1-e1678186279623-500x500.jpg\"\n                                     alt=\"\">\n                            <\/div>\n                            <div class=\"block-b\">\n                                <h2>Iwona Dyl\u0105g<\/h2>\n                                <h3><\/h3>\n\n                            <\/div>\n                        <\/div>\n\n\n                    <\/li>\n                                    <li>\n                        <div data-aos=\"zoom-in\" data-aos-duration=\"300\" data-aos-delay=\"300\" class=\"box-img\">\n                            <div class=\"p-desc\">\n                               <span class=\"p-hidden\">\n                               <h2>Iwona \u0141abno<\/h2>\n                                   <p>Logistic Dept Manager<\/p>\n                                <\/span>\n                                <img decoding=\"async\" src=\"https:\/\/glinik.dev10.pro\/wp-content\/uploads\/2023\/03\/DSC02109a-scaled-e1678272874273-500x439.jpg\"\n                                     alt=\"\">\n                            <\/div>\n                            <div class=\"block-b\">\n                                <h2>Iwona \u0141abno<\/h2>\n                                <h3><\/h3>\n\n                            <\/div>\n                        <\/div>\n\n\n                    <\/li>\n                                    <li>\n                        <div data-aos=\"zoom-in\" data-aos-duration=\"300\" data-aos-delay=\"300\" class=\"box-img\">\n                            <div class=\"p-desc\">\n                               <span class=\"p-hidden\">\n                               <h2>Piotr Jarocha<\/h2>\n                                   <p>Production Manager<\/p>\n                                <\/span>\n                                <img decoding=\"async\" src=\"https:\/\/glinik.dev10.pro\/wp-content\/uploads\/2023\/03\/DSC02067a-scaled-e1678186334528-500x495.jpg\"\n                                     alt=\"\">\n                            <\/div>\n                            <div class=\"block-b\">\n                                <h2>Piotr Jarocha<\/h2>\n                                <h3><\/h3>\n\n                            <\/div>\n                        <\/div>\n\n\n                    <\/li>\n                            <\/ul>\n            <div id=\"myPager4\"><\/div>\n                    <\/div>\n<\/div>\n","protected":false},"excerpt":{"rendered":"","protected":false},"author":1,"featured_media":0,"parent":0,"menu_order":0,"comment_status":"closed","ping_status":"closed","template":"page-full.php","meta":{"footnotes":""},"class_list":["post-1796","page","type-page","status-publish","hentry"],"acf":[],"_links":{"self":[{"href":"https:\/\/glinik.dev10.pro\/en\/wp-json\/wp\/v2\/pages\/1796","targetHints":{"allow":["GET"]}}],"collection":[{"href":"https:\/\/glinik.dev10.pro\/en\/wp-json\/wp\/v2\/pages"}],"about":[{"href":"https:\/\/glinik.dev10.pro\/en\/wp-json\/wp\/v2\/types\/page"}],"author":[{"embeddable":true,"href":"https:\/\/glinik.dev10.pro\/en\/wp-json\/wp\/v2\/users\/1"}],"replies":[{"embeddable":true,"href":"https:\/\/glinik.dev10.pro\/en\/wp-json\/wp\/v2\/comments?post=1796"}],"version-history":[{"count":40,"href":"https:\/\/glinik.dev10.pro\/en\/wp-json\/wp\/v2\/pages\/1796\/revisions"}],"predecessor-version":[{"id":9941,"href":"https:\/\/glinik.dev10.pro\/en\/wp-json\/wp\/v2\/pages\/1796\/revisions\/9941"}],"wp:attachment":[{"href":"https:\/\/glinik.dev10.pro\/en\/wp-json\/wp\/v2\/media?parent=1796"}],"curies":[{"name":"wp","href":"https:\/\/api.w.org\/{rel}","templated":true}]}}