{"id":9533,"date":"2021-05-17T09:36:01","date_gmt":"2021-05-17T07:36:01","guid":{"rendered":"https:\/\/glinik.dev10.pro\/o-nas\/"},"modified":"2023-08-23T10:00:11","modified_gmt":"2023-08-23T08:00:11","slug":"o-nas","status":"publish","type":"page","link":"https:\/\/glinik.dev10.pro\/es\/o-nas\/","title":{"rendered":"SOBRE NOSOTROS"},"content":{"rendered":"\n<div class=\"box-tab history-content\">\n    <div class=\"container-full\">\n                       <h2>Historia<\/h2>\n                            <ul id=\"slider-history\" class=\"numbers \">\n                                    <li data-pagenumber=\"1\"  data-aos=\"fade-up\" data-aos-duration=\"300\"   data-aos-delay=\"100\" class=\"\">\n                    <a rel=\"nofollow\"><span>1883<\/span><\/a>\n\n                    <div data-aos=\"zoom-in\" data-aos-duration=\"300\" data-aos-delay=\"300\" class=\"tabs-stage\">\n                        <div id=\"number-1\" >\n                            <h3>Creaci\u00f3n de la empresa<\/h3>\n                                                    <\/div>\n                     <\/div>\n                <\/li>\n\n\n\n                 \n                                    <li data-pagenumber=\"2\"  data-aos=\"fade-up\" data-aos-duration=\"300\"   data-aos-delay=\"200\" class=\"\">\n                    <a rel=\"nofollow\"><span>1952<\/span><\/a>\n\n                    <div data-aos=\"zoom-in\" data-aos-duration=\"300\" data-aos-delay=\"300\" class=\"tabs-stage\">\n                        <div id=\"number-2\" >\n                            <h3>Producci\u00f3n en serie de brocas<\/h3>\n                                                    <\/div>\n                     <\/div>\n                <\/li>\n\n\n\n                 \n                                    <li data-pagenumber=\"3\"  data-aos=\"fade-up\" data-aos-duration=\"300\"   data-aos-delay=\"300\" class=\"\">\n                    <a rel=\"nofollow\"><span>1998<\/span><\/a>\n\n                    <div data-aos=\"zoom-in\" data-aos-duration=\"300\" data-aos-delay=\"300\" class=\"tabs-stage\">\n                        <div id=\"number-3\" >\n                            <h3>Obtenci\u00f3n del certificado API Q1<\/h3>\n                                                    <\/div>\n                     <\/div>\n                <\/li>\n\n\n\n                 \n                                    <li data-pagenumber=\"4\"  data-aos=\"fade-up\" data-aos-duration=\"300\"   data-aos-delay=\"400\" class=\"\">\n                    <a rel=\"nofollow\"><span>2011<\/span><\/a>\n\n                    <div data-aos=\"zoom-in\" data-aos-duration=\"300\" data-aos-delay=\"300\" class=\"tabs-stage\">\n                        <div id=\"number-4\" >\n                            <h3>Integraci\u00f3n con TDJ Holding<\/h3>\n                                                    <\/div>\n                     <\/div>\n                <\/li>\n\n\n\n                 \n                                    <li data-pagenumber=\"5\"  data-aos=\"fade-up\" data-aos-duration=\"300\"   data-aos-delay=\"500\" class=\"\">\n                    <a rel=\"nofollow\"><span>2016<\/span><\/a>\n\n                    <div data-aos=\"zoom-in\" data-aos-duration=\"300\" data-aos-delay=\"300\" class=\"tabs-stage\">\n                        <div id=\"number-5\" >\n                            <h3>Ventas a 50 pa\u00edses de todo el mundo<\/h3>\n                                                    <\/div>\n                     <\/div>\n                <\/li>\n\n\n\n                 \n                                    <li data-pagenumber=\"6\"  data-aos=\"fade-up\" data-aos-duration=\"300\"   data-aos-delay=\"600\" class=\"\">\n                    <a rel=\"nofollow\"><span>2019<\/span><\/a>\n\n                    <div data-aos=\"zoom-in\" data-aos-duration=\"300\" data-aos-delay=\"300\" class=\"tabs-stage\">\n                        <div id=\"number-6\" >\n                            <h3>Primera broca de 42&#8243; producida en Glinik<\/h3>\n                                                    <\/div>\n                     <\/div>\n                <\/li>\n\n\n\n                 \n                                    <li data-pagenumber=\"7\"  data-aos=\"fade-up\" data-aos-duration=\"300\"   data-aos-delay=\"700\" class=\"nodot\">\n                    <a rel=\"nofollow\"><span><\/span><\/a>\n\n                    <div data-aos=\"zoom-in\" data-aos-duration=\"300\" data-aos-delay=\"300\" class=\"tabs-stage\">\n                        <div id=\"number-7\" >\n                            <h3><\/h3>\n                                                    <\/div>\n                     <\/div>\n                <\/li>\n\n\n\n                 \n                \n            <\/ul>\n            <div id=\"myPager8\"><\/div>\n        <\/div>\n<\/div>\n\n\n<div class=\"pracownik pracownik-slider \">\n    <div class=\"container-full\">\n                    <h2>Equipo<\/h2>\n                            <ul id=\"pracownik-slider\">\n                                    <li>\n                        <div data-aos=\"zoom-in\" data-aos-duration=\"300\" data-aos-delay=\"300\" class=\"box-img\">\n                            <div class=\"p-desc\">\n                               <span class=\"p-hidden\">\n                               <h2>Grzegorz Sidor<\/h2>\n                                   <p>Presidente del Consejo de Administraci\u00f3n<\/p>\n                                <\/span>\n                                <img decoding=\"async\" src=\"https:\/\/glinik.dev10.pro\/wp-content\/uploads\/2021\/06\/G.-Sidor-e1629976533468-500x456.jpg\"\n                                     alt=\"\">\n                            <\/div>\n                            <div class=\"block-b\">\n                                <h2>Grzegorz Sidor<\/h2>\n                                <h3><\/h3>\n\n                            <\/div>\n                        <\/div>\n\n\n                    <\/li>\n                                    <li>\n                        <div data-aos=\"zoom-in\" data-aos-duration=\"300\" data-aos-delay=\"300\" class=\"box-img\">\n                            <div class=\"p-desc\">\n                               <span class=\"p-hidden\">\n                               <h2>Wojciech Tomkiewicz<\/h2>\n                                   <p>Vicepresidente del Consejo de Administraci\u00f3n<\/p>\n                                <\/span>\n                                <img decoding=\"async\" src=\"https:\/\/glinik.dev10.pro\/wp-content\/uploads\/2021\/06\/IMG_3033a-\u2014-gotowe-e1629976581697-500x404.jpeg\"\n                                     alt=\"\">\n                            <\/div>\n                            <div class=\"block-b\">\n                                <h2>Wojciech Tomkiewicz<\/h2>\n                                <h3><\/h3>\n\n                            <\/div>\n                        <\/div>\n\n\n                    <\/li>\n                                    <li>\n                        <div data-aos=\"zoom-in\" data-aos-duration=\"300\" data-aos-delay=\"300\" class=\"box-img\">\n                            <div class=\"p-desc\">\n                               <span class=\"p-hidden\">\n                               <h2>Jacek Szpyrka<\/h2>\n                                   <p>Director T\u00e9cnico<\/p>\n                                <\/span>\n                                <img decoding=\"async\" src=\"https:\/\/glinik.dev10.pro\/wp-content\/uploads\/2023\/01\/1-scaled-e1673958406880-482x500.jpg\"\n                                     alt=\"\">\n                            <\/div>\n                            <div class=\"block-b\">\n                                <h2>Jacek Szpyrka<\/h2>\n                                <h3><\/h3>\n\n                            <\/div>\n                        <\/div>\n\n\n                    <\/li>\n                                    <li>\n                        <div data-aos=\"zoom-in\" data-aos-duration=\"300\" data-aos-delay=\"300\" class=\"box-img\">\n                            <div class=\"p-desc\">\n                               <span class=\"p-hidden\">\n                               <h2>Pawe\u0142 Rzepiela<\/h2>\n                                   <p>Responsable de Tratamiento T\u00e9rmico<\/p>\n                                <\/span>\n                                <img decoding=\"async\" src=\"https:\/\/glinik.dev10.pro\/wp-content\/uploads\/2021\/08\/IMG_3142a-scaled-e1629980487627-468x500.jpg\"\n                                     alt=\"\">\n                            <\/div>\n                            <div class=\"block-b\">\n                                <h2>Pawe\u0142 Rzepiela<\/h2>\n                                <h3><\/h3>\n\n                            <\/div>\n                        <\/div>\n\n\n                    <\/li>\n                                    <li>\n                        <div data-aos=\"zoom-in\" data-aos-duration=\"300\" data-aos-delay=\"300\" class=\"box-img\">\n                            <div class=\"p-desc\">\n                               <span class=\"p-hidden\">\n                               <h2>Katarzyna Kolarzyk<\/h2>\n                                   <p>Responsable de Ventas<\/p>\n                                <\/span>\n                                <img decoding=\"async\" src=\"https:\/\/glinik.dev10.pro\/wp-content\/uploads\/2021\/09\/IMG_KK-scaled-e1632226939589-500x474.jpg\"\n                                     alt=\"\">\n                            <\/div>\n                            <div class=\"block-b\">\n                                <h2>Katarzyna Kolarzyk<\/h2>\n                                <h3><\/h3>\n\n                            <\/div>\n                        <\/div>\n\n\n                    <\/li>\n                                    <li>\n                        <div data-aos=\"zoom-in\" data-aos-duration=\"300\" data-aos-delay=\"300\" class=\"box-img\">\n                            <div class=\"p-desc\">\n                               <span class=\"p-hidden\">\n                               <h2>Daniel Urz\u0119dowski<\/h2>\n                                   <p>Responsable de Calidad<\/p>\n                                <\/span>\n                                <img decoding=\"async\" src=\"https:\/\/glinik.dev10.pro\/wp-content\/uploads\/2021\/08\/011-e1629980351287-455x500.jpg\"\n                                     alt=\"\">\n                            <\/div>\n                            <div class=\"block-b\">\n                                <h2>Daniel Urz\u0119dowski<\/h2>\n                                <h3><\/h3>\n\n                            <\/div>\n                        <\/div>\n\n\n                    <\/li>\n                                    <li>\n                        <div data-aos=\"zoom-in\" data-aos-duration=\"300\" data-aos-delay=\"300\" class=\"box-img\">\n                            <div class=\"p-desc\">\n                               <span class=\"p-hidden\">\n                               <h2>Iwona Dyl\u0105g<\/h2>\n                                   <p>Responsable de Proyectos<\/p>\n                                <\/span>\n                                <img decoding=\"async\" src=\"https:\/\/glinik.dev10.pro\/wp-content\/uploads\/2023\/03\/013-1-e1678185999536-498x500.jpg\"\n                                     alt=\"\">\n                            <\/div>\n                            <div class=\"block-b\">\n                                <h2>Iwona Dyl\u0105g<\/h2>\n                                <h3><\/h3>\n\n                            <\/div>\n                        <\/div>\n\n\n                    <\/li>\n                                    <li>\n                        <div data-aos=\"zoom-in\" data-aos-duration=\"300\" data-aos-delay=\"300\" class=\"box-img\">\n                            <div class=\"p-desc\">\n                               <span class=\"p-hidden\">\n                               <h2>Iwona \u0141abno<\/h2>\n                                   <p>Responsable de Log\u00edstica<\/p>\n                                <\/span>\n                                <img decoding=\"async\" src=\"https:\/\/glinik.dev10.pro\/wp-content\/uploads\/2023\/03\/DSC02109a-1-scaled-e1678185474580-500x500.jpg\"\n                                     alt=\"\">\n                            <\/div>\n                            <div class=\"block-b\">\n                                <h2>Iwona \u0141abno<\/h2>\n                                <h3><\/h3>\n\n                            <\/div>\n                        <\/div>\n\n\n                    <\/li>\n                                    <li>\n                        <div data-aos=\"zoom-in\" data-aos-duration=\"300\" data-aos-delay=\"300\" class=\"box-img\">\n                            <div class=\"p-desc\">\n                               <span class=\"p-hidden\">\n                               <h2>Piotr Jarocha<\/h2>\n                                   <p>Responsable de Producci\u00f3n<\/p>\n                                <\/span>\n                                <img decoding=\"async\" src=\"https:\/\/glinik.dev10.pro\/wp-content\/uploads\/2023\/03\/DSC02067a-scaled-e1678185528969-498x500.jpg\"\n                                     alt=\"\">\n                            <\/div>\n                            <div class=\"block-b\">\n                                <h2>Piotr Jarocha<\/h2>\n                                <h3><\/h3>\n\n                            <\/div>\n                        <\/div>\n\n\n                    <\/li>\n                            <\/ul>\n            <div id=\"myPager4\"><\/div>\n                            <span class=\"text-center\"> <a data-aos=\"zoom-in\" class=\"more\"\n                                          href=\"https:\/\/glinik.dev10.pro\/es\/zespol\/\">Conozca al equipo<\/a> <\/span>\n            <\/div>\n<\/div>\n\n\n\n<div class=\"slider-typ-1  slider-o-nas\" >\n    <div class=\"container-full\">\n                    <ul id=\"lightSlider3\">\n                                    <li>\n                    <div class=\"img-1\">\n                        <img decoding=\"async\" src=\"https:\/\/glinik.dev10.pro\/wp-content\/uploads\/2021\/08\/wiara-1024x683.jpeg\" alt=\"\">\n                    <\/div>\n\n                    <div data-aos=\"fade-left\" data-aos-duration=\"300\" data-aos-delay=\"300\" class=\"box-right\">\n\n                            <h2>Creencia<\/h2>\n                            <p>Creemos en la visi\u00f3n com\u00fan.<br \/>\nSeguimos nuestro conjunto de valores.<br \/>\nNos centramos en el futuro.<br \/>\nCreemos que la inversi\u00f3n en educaci\u00f3n y desarrollo genera el m\u00e1ximo valor para la sociedad.<\/p>\n                            \n                     <\/div>\n                <\/li>\n\n\n\n                 \n                                    <li>\n                    <div class=\"img-1\">\n                        <img decoding=\"async\" src=\"https:\/\/glinik.dev10.pro\/wp-content\/uploads\/2021\/08\/odpowiedzialnosc-1024x682.jpeg\" alt=\"\">\n                    <\/div>\n\n                    <div data-aos=\"fade-left\" data-aos-duration=\"300\" data-aos-delay=\"300\" class=\"box-right\">\n\n                            <h2>Responsabilidad<\/h2>\n                            <p>Tomamos decisiones audaces y bien meditadas.<br \/>\nAsumimos la responsabilidad de nuestras decisiones y acciones y las de nuestro equipo.<br \/>\nNos exigimos iniciativa propia.<br \/>\nActuamos siempre en inter\u00e9s de la empresa.<\/p>\n                            \n                     <\/div>\n                <\/li>\n\n\n\n                 \n                                    <li>\n                    <div class=\"img-1\">\n                        <img decoding=\"async\" src=\"https:\/\/glinik.dev10.pro\/wp-content\/uploads\/2021\/08\/wspolpraca-1024x683.jpeg\" alt=\"\">\n                    <\/div>\n\n                    <div data-aos=\"fade-left\" data-aos-duration=\"300\" data-aos-delay=\"300\" class=\"box-right\">\n\n                            <h2>Cooperaci\u00f3n<\/h2>\n                            <p>Confiamos los unos en los otros y formamos un equipo muy unido.<br \/>\nEscuchamos y aprendemos de los dem\u00e1s teniendo en cuenta cada voz en el debate.<br \/>\nUna vez tomada la decisi\u00f3n, actuamos como uno solo para lograr nuestro objetivo.<br \/>\nCelebramos el \u00e9xito de nuestra gente promocion\u00e1ndola en la organizaci\u00f3n.<\/p>\n                            \n                     <\/div>\n                <\/li>\n\n\n\n                 \n                                    <li>\n                    <div class=\"img-1\">\n                        <img decoding=\"async\" src=\"https:\/\/glinik.dev10.pro\/wp-content\/uploads\/2021\/08\/otwartosc-1024x683.jpeg\" alt=\"\">\n                    <\/div>\n\n                    <div data-aos=\"fade-left\" data-aos-duration=\"300\" data-aos-delay=\"300\" class=\"box-right\">\n\n                            <h2>Apertura<\/h2>\n                            <p>Somos leales entre nosotros y nos comunicamos abiertamente y con honestidad.<br \/>\nRespetamos la diversidad de opiniones.<br \/>\nEstamos abiertos al cambio y a las innovaciones.<br \/>\nHablamos de los errores que cometemos y aprendemos de ellos.<\/p>\n                            \n                     <\/div>\n                <\/li>\n\n\n\n                 \n                                    <li>\n                    <div class=\"img-1\">\n                        <img decoding=\"async\" src=\"https:\/\/glinik.dev10.pro\/wp-content\/uploads\/2021\/06\/glinik-e1631706069902.jpg\" alt=\"\">\n                    <\/div>\n\n                    <div data-aos=\"fade-left\" data-aos-duration=\"300\" data-aos-delay=\"300\" class=\"box-right\">\n\n                            <h2>Credibilidad<\/h2>\n                            <p>Siempre cumplimos nuestra palabra.<br \/>\nSomos fiables y honestos.<br \/>\nNos comprometemos a jugar limpio.<br \/>\nCumplimos nuestros compromisos.<\/p>\n                            \n                     <\/div>\n                <\/li>\n\n\n\n                 \n                \n            <\/ul>\n            <div id=\"myPager3\"><\/div>\n\n        <\/div>\n<\/div>\n\n\n<div class=\"box-txt-2\">\n<div data-aos=\"fade-up\" data-aos-duration=\"500\" data-aos-delay=\"500\"  class=\"box-right\">\n        <h2 >Nuestra misi\u00f3n<\/h2>\n          <p>\u00a1Reto aceptado!<br \/>\n\u00abGanar gracias a nuestra fiabilidad y tecnolog\u00eda\u00bb<br \/>\nGlinik es un productor internacional de soluciones de alta calidad en una gama de herramientas de<br \/>\nperforaci\u00f3n que funcionan bien en todas las condiciones, en todos los continentes\u00bb<\/p>\n             <\/div>\n\n    <div data-aos=\"zoom-in\" data-aos-duration=\"500\" data-aos-delay=\"500\" class=\"box-left\">\n         <img decoding=\"async\" src=\"https:\/\/glinik.dev10.pro\/wp-content\/uploads\/2021\/05\/misja-firmy2-1024x477.jpg\" alt=\"Misja firmy\">\n    <\/div>\n\n\n<\/div>\n\n\n\n\n<h2 class=\"container-full mb-4 wp-block-heading\">Visita a la f\u00e1brica de Glinik<\/h2>\n\n\n\n<figure class=\"wp-block-embed is-type-video is-provider-youtube wp-block-embed-youtube wp-embed-aspect-16-9 wp-has-aspect-ratio\"><div class=\"wp-block-embed__wrapper\">\n<div class=\"embed-responsive embed-responsive-16by9\"><iframe title=\"Glinik Drilling Tools\" width=\"800\" height=\"450\" src=\"https:\/\/www.youtube.com\/embed\/Wxghh_kpirQ?start=2&#038;feature=oembed\" frameborder=\"0\" allow=\"accelerometer; autoplay; clipboard-write; encrypted-media; gyroscope; picture-in-picture; web-share\" allowfullscreen><\/iframe><\/div>\n<\/div><\/figure>\n\n\n\n<div class=\"kariera\">\n    <div data-aos=\"fade-up\" data-aos-duration=\"300\" data-aos-delay=\"300\" class=\"box-left\">\n\n        \n                    <\/div>\n    <\/div>\n","protected":false},"excerpt":{"rendered":"<p>Visita a la f\u00e1brica de Glinik<\/p>\n","protected":false},"author":1,"featured_media":0,"parent":0,"menu_order":0,"comment_status":"closed","ping_status":"closed","template":"page-full.php","meta":{"footnotes":""},"class_list":["post-9533","page","type-page","status-publish","hentry"],"acf":[],"_links":{"self":[{"href":"https:\/\/glinik.dev10.pro\/es\/wp-json\/wp\/v2\/pages\/9533","targetHints":{"allow":["GET"]}}],"collection":[{"href":"https:\/\/glinik.dev10.pro\/es\/wp-json\/wp\/v2\/pages"}],"about":[{"href":"https:\/\/glinik.dev10.pro\/es\/wp-json\/wp\/v2\/types\/page"}],"author":[{"embeddable":true,"href":"https:\/\/glinik.dev10.pro\/es\/wp-json\/wp\/v2\/users\/1"}],"replies":[{"embeddable":true,"href":"https:\/\/glinik.dev10.pro\/es\/wp-json\/wp\/v2\/comments?post=9533"}],"version-history":[{"count":4,"href":"https:\/\/glinik.dev10.pro\/es\/wp-json\/wp\/v2\/pages\/9533\/revisions"}],"predecessor-version":[{"id":9917,"href":"https:\/\/glinik.dev10.pro\/es\/wp-json\/wp\/v2\/pages\/9533\/revisions\/9917"}],"wp:attachment":[{"href":"https:\/\/glinik.dev10.pro\/es\/wp-json\/wp\/v2\/media?parent=9533"}],"curies":[{"name":"wp","href":"https:\/\/api.w.org\/{rel}","templated":true}]}}