{"id":9597,"date":"2021-06-23T22:42:43","date_gmt":"2021-06-23T20:42:43","guid":{"rendered":"https:\/\/glinik.dev10.pro\/laser\/"},"modified":"2023-08-09T09:11:24","modified_gmt":"2023-08-09T07:11:24","slug":"laser","status":"publish","type":"page","link":"https:\/\/glinik.dev10.pro\/es\/laser\/","title":{"rendered":"Dep\u00f3sito l\u00e1ser"},"content":{"rendered":"\n<div class=\"slider-typ-3\">\n     <div class=\"container-full\">\n                    <ul id=\"lightSlider6\">\n                                    <li>\n\n                    <div  data-aos=\"zoom-in\" data-aos-duration=\"300\" data-aos-delay=\"300\"  class=\"img-1\">\n                        <img decoding=\"async\" src=\"https:\/\/glinik.dev10.pro\/wp-content\/uploads\/2021\/06\/Laser-1-min-1024x1024.png\" alt=\"\">\n                    <\/div>\n\n\n                    <div data-aos=\"fade-left\" data-aos-duration=\"300\" data-aos-delay=\"300\" class=\"box-left\">\n\n                            <h2><\/h2>\n                            <p>Tecnolog\u00edas de vanguardia: esto es lo que tienen en com\u00fan los proyectos, iniciativas y productos fabricados por GLINIK. Son una de nuestras prioridades en la aplicaci\u00f3n de nuestra estrategia, pero tambi\u00e9n representan las herramientas de perforaci\u00f3n del futuro.<\/p>\n                            \n                     <\/div>\n\n                <\/li>\n\n\n\n                 \n                                    <li>\n\n                    <div  data-aos=\"zoom-in\" data-aos-duration=\"300\" data-aos-delay=\"300\"  class=\"img-1\">\n                        <img decoding=\"async\" src=\"https:\/\/glinik.dev10.pro\/wp-content\/uploads\/2021\/07\/MG_8861-min-1024x773.jpg\" alt=\"\">\n                    <\/div>\n\n\n                    <div data-aos=\"fade-left\" data-aos-duration=\"300\" data-aos-delay=\"300\" class=\"box-left\">\n\n                            <h2><\/h2>\n                            <p>Junto con el Centro Nacional de Investigaci\u00f3n y Desarrollo y las universidades polacas, GLINIK est\u00e1 llevando a cabo un proyecto de dep\u00f3sito de revestimiento duro avanzado.<\/p>\n                            \n                     <\/div>\n\n                <\/li>\n\n\n\n                 \n                                    <li>\n\n                    <div  data-aos=\"zoom-in\" data-aos-duration=\"300\" data-aos-delay=\"300\"  class=\"img-1\">\n                        <img decoding=\"async\" src=\"https:\/\/glinik.dev10.pro\/wp-content\/uploads\/2021\/07\/rozwoj-1-1.jpg\" alt=\"\">\n                    <\/div>\n\n\n                    <div data-aos=\"fade-left\" data-aos-duration=\"300\" data-aos-delay=\"300\" class=\"box-left\">\n\n                            <h2><\/h2>\n                            <p>El objetivo de este proyecto (POIR.01.01.01-00-0705\/18-00) es dise\u00f1ar nuevos materiales de protecci\u00f3n de superficies y la robotizaci\u00f3n de la deposici\u00f3n mediante tecnolog\u00eda l\u00e1ser (LMD).<br \/>\nLos resultados obtenidos hasta ahora son muy prometedores, y las pruebas han demostrado el brillante futuro de la nueva tecnolog\u00eda, que aportar\u00e1 a\u00fan mayor durabilidad y rendimiento a los productos Glinik.<\/p>\n                            \n                     <\/div>\n\n                <\/li>\n\n\n\n                 \n                \n            <\/ul>\n            <div id=\"myPager6\"><\/div>\n\n        <\/div>\n<\/div>\n\n\n\n<div style=\"height:198px\" aria-hidden=\"true\" class=\"wp-block-spacer\"><\/div>\n","protected":false},"excerpt":{"rendered":"","protected":false},"author":2,"featured_media":0,"parent":0,"menu_order":0,"comment_status":"closed","ping_status":"closed","template":"page-full.php","meta":{"footnotes":""},"class_list":["post-9597","page","type-page","status-publish","hentry"],"acf":[],"_links":{"self":[{"href":"https:\/\/glinik.dev10.pro\/es\/wp-json\/wp\/v2\/pages\/9597","targetHints":{"allow":["GET"]}}],"collection":[{"href":"https:\/\/glinik.dev10.pro\/es\/wp-json\/wp\/v2\/pages"}],"about":[{"href":"https:\/\/glinik.dev10.pro\/es\/wp-json\/wp\/v2\/types\/page"}],"author":[{"embeddable":true,"href":"https:\/\/glinik.dev10.pro\/es\/wp-json\/wp\/v2\/users\/2"}],"replies":[{"embeddable":true,"href":"https:\/\/glinik.dev10.pro\/es\/wp-json\/wp\/v2\/comments?post=9597"}],"version-history":[{"count":2,"href":"https:\/\/glinik.dev10.pro\/es\/wp-json\/wp\/v2\/pages\/9597\/revisions"}],"predecessor-version":[{"id":9613,"href":"https:\/\/glinik.dev10.pro\/es\/wp-json\/wp\/v2\/pages\/9597\/revisions\/9613"}],"wp:attachment":[{"href":"https:\/\/glinik.dev10.pro\/es\/wp-json\/wp\/v2\/media?parent=9597"}],"curies":[{"name":"wp","href":"https:\/\/api.w.org\/{rel}","templated":true}]}}