{"id":9614,"date":"2021-06-26T16:03:32","date_gmt":"2021-06-26T14:03:32","guid":{"rendered":"https:\/\/glinik.dev10.pro\/lozyska\/"},"modified":"2023-08-09T09:14:31","modified_gmt":"2023-08-09T07:14:31","slug":"lozyska","status":"publish","type":"page","link":"https:\/\/glinik.dev10.pro\/es\/lozyska\/","title":{"rendered":"Sistema de rodadura"},"content":{"rendered":"\n<div class=\"slider-typ-3\">\n     <div class=\"container-full\">\n                    <ul id=\"lightSlider6\">\n                                    <li>\n\n                    <div  data-aos=\"zoom-in\" data-aos-duration=\"300\" data-aos-delay=\"300\"  class=\"img-1\">\n                        <img decoding=\"async\" src=\"https:\/\/glinik.dev10.pro\/wp-content\/uploads\/2021\/07\/Lozysko_toczone_uszczelnione-scaled-e1629975055908-1024x855.jpg\" alt=\"\">\n                    <\/div>\n\n\n                    <div data-aos=\"fade-left\" data-aos-duration=\"300\" data-aos-delay=\"300\" class=\"box-left\">\n\n                            <h2>Rodamiento<br><span>de rodillos no sellado<\/h2>\n                            <p>Se utiliza para herramientas de perforaci\u00f3n con di\u00e1metros desde 2-3\/8&#8243; hasta 42&#8243;.<br \/>\nUna soluci\u00f3n ideal para los clientes que buscan una herramienta orientada a la eficacia de la perforaci\u00f3n a un coste competitivo. Recomendada para perforar secciones cortas.<\/p>\n                            \n                     <\/div>\n\n                <\/li>\n\n\n\n                 \n                                    <li>\n\n                    <div  data-aos=\"zoom-in\" data-aos-duration=\"300\" data-aos-delay=\"300\"  class=\"img-1\">\n                        <img decoding=\"async\" src=\"https:\/\/glinik.dev10.pro\/wp-content\/uploads\/2021\/09\/lozysko-toczne-uszczelnione-e1632892370625.jpg\" alt=\"\">\n                    <\/div>\n\n\n                    <div data-aos=\"fade-left\" data-aos-duration=\"300\" data-aos-delay=\"300\" class=\"box-left\">\n\n                            <h2>Rodamiento de rodillos sellado<\/h2>\n                            <p>Se utiliza para herramientas de perforaci\u00f3n con di\u00e1metros de 5-7\/8&#8243; a 28&#8243;.<br \/>\n\u2022 Incorpora un sistema especial de lubricaci\u00f3n y sellado.<br \/>\nEsta soluci\u00f3n garantiza una vida operativa mucho m\u00e1s larga, protegiendo los componentes del cojinete de la migraci\u00f3n de fluidos de perforaci\u00f3n y residuos.<\/p>\n                            \n                     <\/div>\n\n                <\/li>\n\n\n\n                 \n                                    <li>\n\n                    <div  data-aos=\"zoom-in\" data-aos-duration=\"300\" data-aos-delay=\"300\"  class=\"img-1\">\n                        <img decoding=\"async\" src=\"https:\/\/glinik.dev10.pro\/wp-content\/uploads\/2021\/07\/Lozysko_slizgowe_uszczelnione-scaled-e1629975147765-1024x782.jpg\" alt=\"\">\n                    <\/div>\n\n\n                    <div data-aos=\"fade-left\" data-aos-duration=\"300\" data-aos-delay=\"300\" class=\"box-left\">\n\n                            <h2>Cojinete liso sellado<\/h2>\n                            <p>Se utiliza para herramientas de perforaci\u00f3n con di\u00e1metros de 3-7\/8&#8243; a 17-1\/2&#8243;<br \/>\n\u2022 Se caracterizan por su alta durabilidad y resistencia al desgaste, gracias al uso de componentes innovadores que minimizan la fricci\u00f3n en el rodamiento. Las herramientas de perforaci\u00f3n selladas est\u00e1n dise\u00f1adas para funcionar en las condiciones m\u00e1s exigentes. El cojinete est\u00e1 sellado y va acompa\u00f1ado de un sistema de lubricaci\u00f3n.<\/p>\n                            \n                     <\/div>\n\n                <\/li>\n\n\n\n                 \n                \n            <\/ul>\n            <div id=\"myPager6\"><\/div>\n\n        <\/div>\n<\/div>\n\n\n\n<div style=\"height:206px\" aria-hidden=\"true\" class=\"wp-block-spacer\"><\/div>\n","protected":false},"excerpt":{"rendered":"","protected":false},"author":2,"featured_media":0,"parent":0,"menu_order":0,"comment_status":"closed","ping_status":"closed","template":"page-full.php","meta":{"footnotes":""},"class_list":["post-9614","page","type-page","status-publish","hentry"],"acf":[],"_links":{"self":[{"href":"https:\/\/glinik.dev10.pro\/es\/wp-json\/wp\/v2\/pages\/9614","targetHints":{"allow":["GET"]}}],"collection":[{"href":"https:\/\/glinik.dev10.pro\/es\/wp-json\/wp\/v2\/pages"}],"about":[{"href":"https:\/\/glinik.dev10.pro\/es\/wp-json\/wp\/v2\/types\/page"}],"author":[{"embeddable":true,"href":"https:\/\/glinik.dev10.pro\/es\/wp-json\/wp\/v2\/users\/2"}],"replies":[{"embeddable":true,"href":"https:\/\/glinik.dev10.pro\/es\/wp-json\/wp\/v2\/comments?post=9614"}],"version-history":[{"count":2,"href":"https:\/\/glinik.dev10.pro\/es\/wp-json\/wp\/v2\/pages\/9614\/revisions"}],"predecessor-version":[{"id":9623,"href":"https:\/\/glinik.dev10.pro\/es\/wp-json\/wp\/v2\/pages\/9614\/revisions\/9623"}],"wp:attachment":[{"href":"https:\/\/glinik.dev10.pro\/es\/wp-json\/wp\/v2\/media?parent=9614"}],"curies":[{"name":"wp","href":"https:\/\/api.w.org\/{rel}","templated":true}]}}