{"id":9624,"date":"2021-06-26T16:01:31","date_gmt":"2021-06-26T14:01:31","guid":{"rendered":"https:\/\/glinik.dev10.pro\/systemy-plukania\/"},"modified":"2023-08-09T09:16:23","modified_gmt":"2023-08-09T07:16:23","slug":"systemy-plukania","status":"publish","type":"page","link":"https:\/\/glinik.dev10.pro\/es\/systemy-plukania\/","title":{"rendered":"Sistema de limpieza"},"content":{"rendered":"\n<div class=\"slider-typ-3\">\n     <div class=\"container-full\">\n                    <ul id=\"lightSlider6\">\n                                    <li>\n\n                    <div  data-aos=\"zoom-in\" data-aos-duration=\"300\" data-aos-delay=\"300\"  class=\"img-1\">\n                        <img decoding=\"async\" src=\"https:\/\/glinik.dev10.pro\/wp-content\/uploads\/2021\/07\/1_dysza_przek-min-1024x1024.jpg\" alt=\"\">\n                    <\/div>\n\n\n                    <div data-aos=\"fade-left\" data-aos-duration=\"300\" data-aos-delay=\"300\" class=\"box-left\">\n\n                            <h2>Limpieza del orificio central<\/h2>\n                            <p>Se utiliza para herramientas de perforaci\u00f3n con di\u00e1metros de 2-3\/8&#8243; a 42&#8243;.<br \/>\nLa limpieza del orificio central se realiza con herramientas de perforaci\u00f3n dise\u00f1adas para la perforaci\u00f3n hidrogeol\u00f3gica y geot\u00e9cnica. Para las herramientas de perforaci\u00f3n destinadas a la perforaci\u00f3n con lodo inverso, el dise\u00f1o requiere que se seleccione un orificio central con el di\u00e1metro m\u00e1ximo para una conexi\u00f3n roscada determinada.<\/p>\n                            \n                     <\/div>\n\n                <\/li>\n\n\n\n                 \n                                    <li>\n\n                    <div  data-aos=\"zoom-in\" data-aos-duration=\"300\" data-aos-delay=\"300\"  class=\"img-1\">\n                        <img decoding=\"async\" src=\"https:\/\/glinik.dev10.pro\/wp-content\/uploads\/2021\/07\/3_dysze_przek-min-1024x1024.jpg\" alt=\"\">\n                    <\/div>\n\n\n                    <div data-aos=\"fade-left\" data-aos-duration=\"300\" data-aos-delay=\"300\" class=\"box-left\">\n\n                            <h2>Sistema de limpieza de tres boquillas<\/h2>\n                            <p>Se utiliza para herramientas de perforaci\u00f3n con di\u00e1metros de 3-7\/8&#8243; a 36&#8243;.<\/p>\n<p>La disposici\u00f3n de las boquillas y la orientaci\u00f3n de la salida de las boquillas garantizan una limpieza eficaz del fondo del orificio y de la estructura de corte de la herramienta. Esta soluci\u00f3n se ha dise\u00f1ado para obtener la m\u00e1xima eficacia de perforaci\u00f3n.<\/p>\n                            \n                     <\/div>\n\n                <\/li>\n\n\n\n                 \n                                    <li>\n\n                    <div  data-aos=\"zoom-in\" data-aos-duration=\"300\" data-aos-delay=\"300\"  class=\"img-1\">\n                        <img decoding=\"async\" src=\"https:\/\/glinik.dev10.pro\/wp-content\/uploads\/2021\/07\/4_dysze_przek-min-1024x1024.jpg\" alt=\"\">\n                    <\/div>\n\n\n                    <div data-aos=\"fade-left\" data-aos-duration=\"300\" data-aos-delay=\"300\" class=\"box-left\">\n\n                            <h2>Sistema de boquillas m\u00faltiples<\/h2>\n                            <p>Se utiliza para herramientas de perforaci\u00f3n con di\u00e1metros de 5-1\/2&#8243; a 42&#8243;.<\/p>\n<p>Un avanzado sistema de limpieza con boquillas adicionales para una limpieza m\u00e1s eficaz de la estructura de corte y el fondo del orificio, manteniendo un elevado progreso de perforaci\u00f3n.<\/p>\n                            \n                     <\/div>\n\n                <\/li>\n\n\n\n                 \n                \n            <\/ul>\n            <div id=\"myPager6\"><\/div>\n\n        <\/div>\n<\/div>\n","protected":false},"excerpt":{"rendered":"","protected":false},"author":2,"featured_media":0,"parent":0,"menu_order":0,"comment_status":"closed","ping_status":"closed","template":"page-full.php","meta":{"footnotes":""},"class_list":["post-9624","page","type-page","status-publish","hentry"],"acf":[],"_links":{"self":[{"href":"https:\/\/glinik.dev10.pro\/es\/wp-json\/wp\/v2\/pages\/9624","targetHints":{"allow":["GET"]}}],"collection":[{"href":"https:\/\/glinik.dev10.pro\/es\/wp-json\/wp\/v2\/pages"}],"about":[{"href":"https:\/\/glinik.dev10.pro\/es\/wp-json\/wp\/v2\/types\/page"}],"author":[{"embeddable":true,"href":"https:\/\/glinik.dev10.pro\/es\/wp-json\/wp\/v2\/users\/2"}],"replies":[{"embeddable":true,"href":"https:\/\/glinik.dev10.pro\/es\/wp-json\/wp\/v2\/comments?post=9624"}],"version-history":[{"count":2,"href":"https:\/\/glinik.dev10.pro\/es\/wp-json\/wp\/v2\/pages\/9624\/revisions"}],"predecessor-version":[{"id":9633,"href":"https:\/\/glinik.dev10.pro\/es\/wp-json\/wp\/v2\/pages\/9624\/revisions\/9633"}],"wp:attachment":[{"href":"https:\/\/glinik.dev10.pro\/es\/wp-json\/wp\/v2\/media?parent=9624"}],"curies":[{"name":"wp","href":"https:\/\/api.w.org\/{rel}","templated":true}]}}