{"id":9645,"date":"2021-05-17T05:33:58","date_gmt":"2021-05-17T03:33:58","guid":{"rendered":"https:\/\/glinik.dev10.pro\/zapewnienie-jakosci\/"},"modified":"2023-10-09T13:38:50","modified_gmt":"2023-10-09T11:38:50","slug":"zapewnienie-jakosci","status":"publish","type":"page","link":"https:\/\/glinik.dev10.pro\/es\/zapewnienie-jakosci\/","title":{"rendered":"Garant\u00eda de calidad"},"content":{"rendered":"\n<div class=\"wp-block-group alignfull\" id=\"labolatorium\"><div class=\"wp-block-group__inner-container is-layout-flow wp-block-group-is-layout-flow\">\n<div class=\"slider-typ-3\">\n     <div class=\"container-full\">\n                    <ul id=\"lightSlider6\">\n                                    <li>\n\n                    <div  data-aos=\"zoom-in\" data-aos-duration=\"300\" data-aos-delay=\"300\"  class=\"img-1\">\n                        <img decoding=\"async\" src=\"https:\/\/glinik.dev10.pro\/wp-content\/uploads\/2021\/08\/IMG_3784-scaled-e1629962930512-1024x727.jpg\" alt=\"\">\n                    <\/div>\n\n\n                    <div data-aos=\"fade-left\" data-aos-duration=\"300\" data-aos-delay=\"300\" class=\"box-left\">\n\n                            <h2>Laboratorio<\/h2>\n                            <p>Para mantener los m\u00e1s altos niveles de calidad, las caracter\u00edsticas seleccionadas deben verificarse en un entorno controlado.<br \/>\nGlinik dispone de su propio laboratorio y colabora con organismos de certificaci\u00f3n acreditados. Las \u00e1reas de investigaci\u00f3n incluyen el an\u00e1lisis metalogr\u00e1fico, la resistencia de los materiales y la composici\u00f3n qu\u00edmica, utilizando equipos de laboratorio de \u00faltima generaci\u00f3n.<\/p>\n                            \n                     <\/div>\n\n                <\/li>\n\n\n\n                 \n                \n            <\/ul>\n            <div id=\"myPager6\"><\/div>\n\n        <\/div>\n<\/div>\n<\/div><\/div>\n\n\n\n<div class=\"wp-block-group alignfull\" id=\"certyfikaty\"><div class=\"wp-block-group__inner-container is-layout-flow wp-block-group-is-layout-flow\">\n<div class=\"slider-typ-4\">\n                    <ul id=\"lightSlider7\">\n                                    <li>\n\n\n                    <div data-aos=\"fade-left\" data-aos-duration=\"300\" data-aos-delay=\"300\" class=\"box-left\">\n\n                            <h2>ISO9001<\/h2>\n                            <p>Las certificaciones API Q1 e ISO 9001 de Glinik garantizan que nuestra empresa opera conforme a las normas m\u00e1s exigentes de un sistema de gesti\u00f3n de calidad para el dise\u00f1o, la fabricaci\u00f3n, la reparaci\u00f3n y la renovaci\u00f3n de herramientas de perforaci\u00f3n.<\/p>\n                                                            <a target=\"blank\" data-aos=\"fade-right\" data-aos-duration=\"500\" data-aos-delay=\"300\" class=\"more\" href=\"https:\/\/glinik.dev10.pro\/wp-content\/uploads\/2023\/08\/Certificate-ISO-0195_20230719114444-2.pdf\">Descargar certificados<\/a>\n                            \n                     <\/div>\n\n                     <div  data-aos=\"zoom-in\" data-aos-duration=\"300\" data-aos-delay=\"300\"  class=\"img-1\">\n                        <img decoding=\"async\" src=\"https:\/\/glinik.dev10.pro\/wp-content\/uploads\/2023\/07\/Certificate-ISO-0195_20230719114444-2_page-0001-790x1024.jpg\" alt=\"\">\n                    <\/div>\n\n                <\/li>\n\n\n\n                 \n                                    <li>\n\n\n                    <div data-aos=\"fade-left\" data-aos-duration=\"300\" data-aos-delay=\"300\" class=\"box-left\">\n\n                            <h2>Certificaci\u00f3n API Q1<\/h2>\n                            <p>Glinik est\u00e1 autorizada a aplicar la marca monograma API a sus estabilizadores, conexiones rotativas roscadas, herramientas PDC, conos de rodillos y conectores que cumplen la especificaci\u00f3n API Q1 spec 7-1.<\/p>\n                                                            <a target=\"blank\" data-aos=\"fade-right\" data-aos-duration=\"500\" data-aos-delay=\"300\" class=\"more\" href=\"https:\/\/glinik.dev10.pro\/wp-content\/uploads\/2023\/08\/Certificate-Q1-1436_20230719114343-2.pdf\">Descargar certificados<\/a>\n                            \n                     <\/div>\n\n                     <div  data-aos=\"zoom-in\" data-aos-duration=\"300\" data-aos-delay=\"300\"  class=\"img-1\">\n                        <img decoding=\"async\" src=\"https:\/\/glinik.dev10.pro\/wp-content\/uploads\/2023\/07\/Certificate-Q1-1436_20230719114343-2_page-0001-790x1024.jpg\" alt=\"\">\n                    <\/div>\n\n                <\/li>\n\n\n\n                 \n                                    <li>\n\n\n                    <div data-aos=\"fade-left\" data-aos-duration=\"300\" data-aos-delay=\"300\" class=\"box-left\">\n\n                            <h2>Mejora continua<\/h2>\n                            <p>La mejora continua de los procesos inherente a nuestro sistema de gesti\u00f3n de la calidad garantiza el cumplimiento de los requisitos m\u00e1s estrictos de nuestros clientes.<\/p>\n                                                            <a target=\"blank\" data-aos=\"fade-right\" data-aos-duration=\"500\" data-aos-delay=\"300\" class=\"more\" href=\"https:\/\/glinik.dev10.pro\/wp-content\/uploads\/2023\/08\/Certificate-7-1-0307_20230719114235-2.pdf\">Descargar certificados<\/a>\n                            \n                     <\/div>\n\n                     <div  data-aos=\"zoom-in\" data-aos-duration=\"300\" data-aos-delay=\"300\"  class=\"img-1\">\n                        <img decoding=\"async\" src=\"https:\/\/glinik.dev10.pro\/wp-content\/uploads\/2023\/07\/Certificate-7-1-0307_20230719114235-2_page-0001-1024x791.jpg\" alt=\"\">\n                    <\/div>\n\n                <\/li>\n\n\n\n                 \n                \n            <\/ul>\n            <div id=\"myPager7\"><\/div>\n        <\/div>\n<\/div><\/div>\n","protected":false},"excerpt":{"rendered":"","protected":false},"author":1,"featured_media":0,"parent":0,"menu_order":0,"comment_status":"closed","ping_status":"closed","template":"page-full.php","meta":{"footnotes":""},"class_list":["post-9645","page","type-page","status-publish","hentry"],"acf":[],"_links":{"self":[{"href":"https:\/\/glinik.dev10.pro\/es\/wp-json\/wp\/v2\/pages\/9645","targetHints":{"allow":["GET"]}}],"collection":[{"href":"https:\/\/glinik.dev10.pro\/es\/wp-json\/wp\/v2\/pages"}],"about":[{"href":"https:\/\/glinik.dev10.pro\/es\/wp-json\/wp\/v2\/types\/page"}],"author":[{"embeddable":true,"href":"https:\/\/glinik.dev10.pro\/es\/wp-json\/wp\/v2\/users\/1"}],"replies":[{"embeddable":true,"href":"https:\/\/glinik.dev10.pro\/es\/wp-json\/wp\/v2\/comments?post=9645"}],"version-history":[{"count":4,"href":"https:\/\/glinik.dev10.pro\/es\/wp-json\/wp\/v2\/pages\/9645\/revisions"}],"predecessor-version":[{"id":10032,"href":"https:\/\/glinik.dev10.pro\/es\/wp-json\/wp\/v2\/pages\/9645\/revisions\/10032"}],"wp:attachment":[{"href":"https:\/\/glinik.dev10.pro\/es\/wp-json\/wp\/v2\/media?parent=9645"}],"curies":[{"name":"wp","href":"https:\/\/api.w.org\/{rel}","templated":true}]}}