{"id":9666,"date":"2021-05-13T14:25:30","date_gmt":"2021-05-13T12:25:30","guid":{"rendered":"https:\/\/glinik.dev10.pro\/rozwoj\/"},"modified":"2023-08-09T10:39:42","modified_gmt":"2023-08-09T08:39:42","slug":"rozwoj","status":"publish","type":"page","link":"https:\/\/glinik.dev10.pro\/es\/rozwoj\/","title":{"rendered":"DESARROLLO"},"content":{"rendered":"\n<div class=\"slider-typ-1 \" >\n    <div class=\"container-full\">\n                    <ul id=\"lightSlider3\">\n                                    <li>\n                    <div class=\"img-1\">\n                        <img decoding=\"async\" src=\"https:\/\/glinik.dev10.pro\/wp-content\/uploads\/2021\/06\/Laser-1-1024x1024.png\" alt=\"\">\n                    <\/div>\n\n                    <div data-aos=\"fade-left\" data-aos-duration=\"300\" data-aos-delay=\"300\" class=\"box-right\">\n\n                            <h2>Proyecto de revestimiento l\u00e1ser<\/h2>\n                                                        \n                     <\/div>\n                <\/li>\n\n\n\n                 \n                \n            <\/ul>\n            <div id=\"myPager3\"><\/div>\n\n        <\/div>\n<\/div>\n\n\n\n<div class=\"slider-typ-2\">\n\n                    <ul id=\"lightSlider5\">\n                                    <li>\n\n\n                    <div data-aos=\"fade-left\" data-aos-duration=\"300\" data-aos-delay=\"300\" class=\"box-left\">\n                        <div class=\"bg\">\n\n                            <h2>LEAN<\/h2>\n                            <p>Las crecientes exigencias de los operadores de perforaci\u00f3n, los objetivos de rendimiento y las consiguientes demandas de optimizaci\u00f3n de costes son los puntos de partida del equipo de LEAN Management de Glinik. El uso de las t\u00e9cnicas m\u00e1s eficaces, como las ideas Kaizen comunicadas por cada empleado, y la compleja cartograf\u00eda de los flujos de valor para optimizar los procesos, contribuyen a la mejora continua de los procesos de producci\u00f3n, as\u00ed como a la documentaci\u00f3n completa del flujo de informaci\u00f3n desde el registro de los requisitos hasta la entrega de las herramientas al cliente.<\/p>\n                                                        <\/div>\n                     <\/div>\n                     <div  data-aos=\"zoom-in\" data-aos-duration=\"300\" data-aos-delay=\"300\"  class=\"img-1\">\n                        <img decoding=\"async\" src=\"https:\/\/glinik.dev10.pro\/wp-content\/uploads\/2021\/05\/projekt-lean-1024x606.jpg\" alt=\"Projekt Lean i Kaizen\">\n                    <\/div>\n                <\/li>\n\n\n\n                 \n                                    <li>\n\n\n                    <div data-aos=\"fade-left\" data-aos-duration=\"300\" data-aos-delay=\"300\" class=\"box-left\">\n                        <div class=\"bg\">\n\n                            <h2>Mejora continua<\/h2>\n                            <p>El compromiso del equipo directivo, de los expertos LEAN y de cada empleado de producci\u00f3n garantiza el \u00e9xito de los proyectos de mejora continua. Esto repercute directamente en el tratamiento profesional y fiable de los datos y en la calidad del producto final.<\/p>\n                                                        <\/div>\n                     <\/div>\n                     <div  data-aos=\"zoom-in\" data-aos-duration=\"300\" data-aos-delay=\"300\"  class=\"img-1\">\n                        <img decoding=\"async\" src=\"https:\/\/glinik.dev10.pro\/wp-content\/uploads\/2021\/06\/MG_0882.jpg\" alt=\"\">\n                    <\/div>\n                <\/li>\n\n\n\n                 \n                \n            <\/ul>\n            <div id=\"myPager5\"><\/div>\n        \n<\/div>\n","protected":false},"excerpt":{"rendered":"","protected":false},"author":1,"featured_media":0,"parent":0,"menu_order":0,"comment_status":"closed","ping_status":"closed","template":"page-full.php","meta":{"footnotes":""},"class_list":["post-9666","page","type-page","status-publish","hentry"],"acf":[],"_links":{"self":[{"href":"https:\/\/glinik.dev10.pro\/es\/wp-json\/wp\/v2\/pages\/9666","targetHints":{"allow":["GET"]}}],"collection":[{"href":"https:\/\/glinik.dev10.pro\/es\/wp-json\/wp\/v2\/pages"}],"about":[{"href":"https:\/\/glinik.dev10.pro\/es\/wp-json\/wp\/v2\/types\/page"}],"author":[{"embeddable":true,"href":"https:\/\/glinik.dev10.pro\/es\/wp-json\/wp\/v2\/users\/1"}],"replies":[{"embeddable":true,"href":"https:\/\/glinik.dev10.pro\/es\/wp-json\/wp\/v2\/comments?post=9666"}],"version-history":[{"count":4,"href":"https:\/\/glinik.dev10.pro\/es\/wp-json\/wp\/v2\/pages\/9666\/revisions"}],"predecessor-version":[{"id":9800,"href":"https:\/\/glinik.dev10.pro\/es\/wp-json\/wp\/v2\/pages\/9666\/revisions\/9800"}],"wp:attachment":[{"href":"https:\/\/glinik.dev10.pro\/es\/wp-json\/wp\/v2\/media?parent=9666"}],"curies":[{"name":"wp","href":"https:\/\/api.w.org\/{rel}","templated":true}]}}