{"id":9714,"date":"2021-07-14T10:55:05","date_gmt":"2021-07-14T08:55:05","guid":{"rendered":"https:\/\/glinik.dev10.pro\/regeneracja-poszerzaczy\/"},"modified":"2023-08-09T10:12:56","modified_gmt":"2023-08-09T08:12:56","slug":"regeneracja-poszerzaczy","status":"publish","type":"page","link":"https:\/\/glinik.dev10.pro\/es\/regeneracja-poszerzaczy\/","title":{"rendered":"Regeneraci\u00f3n de abridores de orificios"},"content":{"rendered":"\n<figure class=\"wp-block-image size-large\"><img decoding=\"async\" src=\"blob:https:\/\/glinik.dev10.pro\/38cd85af-aa6d-40fe-9a52-d0c965c772e1\" alt=\"\"\/><\/figure>\n\n\n<div class=\"container-full\">\n<div class=\"box-txt-1\">\n    \n    <div data-aos=\"zoom-in\" data-aos-duration=\"500\" data-aos-delay=\"500\" class=\"box-left\">\n         <img decoding=\"async\" src=\"https:\/\/glinik.dev10.pro\/wp-content\/uploads\/2021\/07\/Zrzut-ekranu-2021-07-15-o-15.03.20-min-e1626354416318-500x444.png\" alt=\"\">\n    <\/div>\n    <div data-aos=\"fade-up\" data-aos-duration=\"500\" data-aos-delay=\"500\"  class=\"box-right\">\n        <h2 >Regeneraci\u00f3n <br> de abridores de orificios<\/h2>\n          <p>Glinik ofrece un servicio profesional de regeneraci\u00f3n y reparaci\u00f3n de herramientas de perforaci\u00f3n con el fin de reducir el coste de las operaciones para sus clientes. Estamos preparados para reparar las herramientas de perforaci\u00f3n de Glinik, as\u00ed como las de otros fabricantes. Cada herramienta entregada para su regeneraci\u00f3n se comprueba para detectar defectos ocultos. Sobre la base de esta evaluaci\u00f3n, se determina el alcance de los trabajos de reparaci\u00f3n. Tras un an\u00e1lisis exhaustivo, nos ponemos en contacto con el cliente para facilitarle todos los detalles del an\u00e1lisis, el coste y el calendario de los trabajos de regeneraci\u00f3n.<\/p>\n             <\/div>\n\n<\/div>\n\n         <\/div>","protected":false},"excerpt":{"rendered":"","protected":false},"author":2,"featured_media":9716,"parent":0,"menu_order":0,"comment_status":"closed","ping_status":"closed","template":"page-full.php","meta":{"footnotes":""},"class_list":["post-9714","page","type-page","status-publish","has-post-thumbnail","hentry"],"acf":[],"_links":{"self":[{"href":"https:\/\/glinik.dev10.pro\/es\/wp-json\/wp\/v2\/pages\/9714","targetHints":{"allow":["GET"]}}],"collection":[{"href":"https:\/\/glinik.dev10.pro\/es\/wp-json\/wp\/v2\/pages"}],"about":[{"href":"https:\/\/glinik.dev10.pro\/es\/wp-json\/wp\/v2\/types\/page"}],"author":[{"embeddable":true,"href":"https:\/\/glinik.dev10.pro\/es\/wp-json\/wp\/v2\/users\/2"}],"replies":[{"embeddable":true,"href":"https:\/\/glinik.dev10.pro\/es\/wp-json\/wp\/v2\/comments?post=9714"}],"version-history":[{"count":2,"href":"https:\/\/glinik.dev10.pro\/es\/wp-json\/wp\/v2\/pages\/9714\/revisions"}],"predecessor-version":[{"id":9720,"href":"https:\/\/glinik.dev10.pro\/es\/wp-json\/wp\/v2\/pages\/9714\/revisions\/9720"}],"wp:featuredmedia":[{"embeddable":true,"href":"https:\/\/glinik.dev10.pro\/es\/wp-json\/wp\/v2\/media\/9716"}],"wp:attachment":[{"href":"https:\/\/glinik.dev10.pro\/es\/wp-json\/wp\/v2\/media?parent=9714"}],"curies":[{"name":"wp","href":"https:\/\/api.w.org\/{rel}","templated":true}]}}