{"id":9739,"date":"2021-05-12T11:00:28","date_gmt":"2021-05-12T09:00:28","guid":{"rendered":"https:\/\/glinik.dev10.pro\/zespol\/"},"modified":"2023-09-22T09:04:43","modified_gmt":"2023-09-22T07:04:43","slug":"zespol","status":"publish","type":"page","link":"https:\/\/glinik.dev10.pro\/es\/zespol\/","title":{"rendered":"Equipo"},"content":{"rendered":"<div class=\"pracownik\">\n    <div class=\"container-full\">\n            <h2>Las personas, sus conocimientos, su experiencia y sus pasiones son nuestros activos y nuestros valores.<\/h2>\n                            <ul>\n                                    <li>\n                    <div data-aos=\"zoom-in\" data-aos-duration=\"300\" data-aos-delay=\"300\"  class=\"img-1\">\n                        <img decoding=\"async\" src=\"https:\/\/glinik.dev10.pro\/wp-content\/uploads\/2021\/06\/G.-Sidor-e1629976533468-500x456.jpg\" alt=\"\">\n                    <\/div>\n\n                    <div data-aos=\"fade-left\" data-aos-duration=\"300\" data-aos-delay=\"300\" class=\"box-right\">\n\n                            <h2>Grzegorz Sidor<\/h2>\n                            <h3>Presidente del Consejo de Administraci\u00f3n<\/h3>\n                            <p>Licenciado por la Universidad Tecnol\u00f3gica Ignacy \u0141ukasiewicz de Rzesz\u00f3w y la Academia Leon Ko\u017ami\u0144ski de Varsovia (MBA) . Comenz\u00f3 su carrera profesional como especialista en TI (SAP) en EADS PZL Warszawa-Ok\u0119cie. En 2003, se incorpor\u00f3 a WSK Rzesz\u00f3w (ahora Pratt &#038; Whitney) como consultor SAP, antes de pasar a puestos de gesti\u00f3n y convertirse en director del programa de implantaci\u00f3n de la producci\u00f3n de componentes de motores PW800 en Polonia. En 2011, pas\u00f3 a ser Director de Planificaci\u00f3n y Log\u00edstica en PZL Mielec (Sikorsky, 2011). En 2015, fue nombrado Director de Operaciones de la planta de Sikorsky\/Lockheed Martin en Mielec. Desde 2019, es Presidente del Consejo de Administraci\u00f3n de NiUW Glinik en Gorlice.<\/p>\n\n                     <\/div>\n                <\/li>\n                           <li>\n                    <div data-aos=\"zoom-in\" data-aos-duration=\"300\" data-aos-delay=\"300\"  class=\"img-1\">\n                        <img decoding=\"async\" src=\"https:\/\/glinik.dev10.pro\/wp-content\/uploads\/2021\/06\/IMG_3033a-\u2014-gotowe-e1629976581697-500x404.jpeg\" alt=\"\">\n                    <\/div>\n\n                    <div data-aos=\"fade-left\" data-aos-duration=\"300\" data-aos-delay=\"300\" class=\"box-right\">\n\n                            <h2>Wojciech Tomkiewicz<\/h2>\n                            <h3>Vice President of the Board <\/h3>\n                            <p>Licenciado por la Universidad de Econom\u00eda de Cracovia. Su carrera profesional comenz\u00f3 hace 20 a\u00f1os en Carrefour Polska como contable. Despu\u00e9s trabaj\u00f3 para : BDO Polska &#8211; como consultor, Kronospan Polska &#8211; como auditor interno, Masonite PL Polska &#8211; como Director Financiero. Posteriormente fue Director Financiero y miembro del Comit\u00e9 de Direcci\u00f3n de Mercator Medical S.A., empresa que prepar\u00f3 para su cotizaci\u00f3n en la Bolsa de Varsovia. Durante su estancia en las empresas mencionadas, trabaj\u00f3 en varios pa\u00edses, como Rusia, Ucrania, Tailandia, Ruman\u00eda, Hungr\u00eda, Turqu\u00eda e Israel. Est\u00e1 especializado en el desarrollo de estrategias financieras, procedimientos de control y reestructuraci\u00f3n financiera de empresas. Sus pasiones son la cultura y las costumbres de los pa\u00edses del sudeste asi\u00e1tico y la medicina, salvo la acad\u00e9mica.<\/p>\n\n                     <\/div>\n                <\/li>\n        <\/ul>\n <\/div>\n<\/div>\n\n\n<div class=\"pracownik pracownik-slider \">\n    <div class=\"container-full\">\n                    <h2>Especialistas clave<\/h2>\n                            <ul id=\"pracownik-slider\">\n                                    <li>\n                        <div data-aos=\"zoom-in\" data-aos-duration=\"300\" data-aos-delay=\"300\" class=\"box-img\">\n                            <div class=\"p-desc\">\n                               <span class=\"p-hidden\">\n                               <h2>Jacek Szpyrka<\/h2>\n                                   <p>Director T\u00e9cnico<\/p>\n                                <\/span>\n                                <img decoding=\"async\" src=\"https:\/\/glinik.dev10.pro\/wp-content\/uploads\/2023\/01\/1-scaled-e1673958406880-482x500.jpg\"\n                                     alt=\"\">\n                            <\/div>\n                            <div class=\"block-b\">\n                                <h2>Jacek Szpyrka<\/h2>\n                                <h3><\/h3>\n\n                            <\/div>\n                        <\/div>\n\n\n                    <\/li>\n                                    <li>\n                        <div data-aos=\"zoom-in\" data-aos-duration=\"300\" data-aos-delay=\"300\" class=\"box-img\">\n                            <div class=\"p-desc\">\n                               <span class=\"p-hidden\">\n                               <h2>Pawe\u0142 Rzepiela<\/h2>\n                                   <p>Responsable de Tratamiento T\u00e9rmico<\/p>\n                                <\/span>\n                                <img decoding=\"async\" src=\"https:\/\/glinik.dev10.pro\/wp-content\/uploads\/2021\/08\/IMG_3142a-scaled-e1632586208694-500x475.jpg\"\n                                     alt=\"\">\n                            <\/div>\n                            <div class=\"block-b\">\n                                <h2>Pawe\u0142 Rzepiela<\/h2>\n                                <h3><\/h3>\n\n                            <\/div>\n                        <\/div>\n\n\n                    <\/li>\n                                    <li>\n                        <div data-aos=\"zoom-in\" data-aos-duration=\"300\" data-aos-delay=\"300\" class=\"box-img\">\n                            <div class=\"p-desc\">\n                               <span class=\"p-hidden\">\n                               <h2>Katarzyna Kolarzyk<\/h2>\n                                   <p>Responsable de Ventas<\/p>\n                                <\/span>\n                                <img decoding=\"async\" src=\"https:\/\/glinik.dev10.pro\/wp-content\/uploads\/2021\/09\/IMG_KK-scaled-e1675255686531-500x447.jpg\"\n                                     alt=\"\">\n                            <\/div>\n                            <div class=\"block-b\">\n                                <h2>Katarzyna Kolarzyk<\/h2>\n                                <h3><\/h3>\n\n                            <\/div>\n                        <\/div>\n\n\n                    <\/li>\n                                    <li>\n                        <div data-aos=\"zoom-in\" data-aos-duration=\"300\" data-aos-delay=\"300\" class=\"box-img\">\n                            <div class=\"p-desc\">\n                               <span class=\"p-hidden\">\n                               <h2>Daniel Urz\u0119dowski<\/h2>\n                                   <p>Responsable de Calidad<\/p>\n                                <\/span>\n                                <img decoding=\"async\" src=\"https:\/\/glinik.dev10.pro\/wp-content\/uploads\/2021\/08\/011-e1629980583217-439x500.jpg\"\n                                     alt=\"\">\n                            <\/div>\n                            <div class=\"block-b\">\n                                <h2>Daniel Urz\u0119dowski<\/h2>\n                                <h3><\/h3>\n\n                            <\/div>\n                        <\/div>\n\n\n                    <\/li>\n                                    <li>\n                        <div data-aos=\"zoom-in\" data-aos-duration=\"300\" data-aos-delay=\"300\" class=\"box-img\">\n                            <div class=\"p-desc\">\n                               <span class=\"p-hidden\">\n                               <h2>Iwona Dyl\u0105g<\/h2>\n                                   <p>Manager<\/p>\n                                <\/span>\n                                <img decoding=\"async\" src=\"https:\/\/glinik.dev10.pro\/wp-content\/uploads\/2023\/03\/013-1-e1678186279623-500x500.jpg\"\n                                     alt=\"\">\n                            <\/div>\n                            <div class=\"block-b\">\n                                <h2>Iwona Dyl\u0105g<\/h2>\n                                <h3><\/h3>\n\n                            <\/div>\n                        <\/div>\n\n\n                    <\/li>\n                                    <li>\n                        <div data-aos=\"zoom-in\" data-aos-duration=\"300\" data-aos-delay=\"300\" class=\"box-img\">\n                            <div class=\"p-desc\">\n                               <span class=\"p-hidden\">\n                               <h2>Iwona \u0141abno<\/h2>\n                                   <p>Logistic Dept Manager<\/p>\n                                <\/span>\n                                <img decoding=\"async\" src=\"https:\/\/glinik.dev10.pro\/wp-content\/uploads\/2023\/03\/DSC02109a-scaled-e1678272874273-500x439.jpg\"\n                                     alt=\"\">\n                            <\/div>\n                            <div class=\"block-b\">\n                                <h2>Iwona \u0141abno<\/h2>\n                                <h3><\/h3>\n\n                            <\/div>\n                        <\/div>\n\n\n                    <\/li>\n                                    <li>\n                        <div data-aos=\"zoom-in\" data-aos-duration=\"300\" data-aos-delay=\"300\" class=\"box-img\">\n                            <div class=\"p-desc\">\n                               <span class=\"p-hidden\">\n                               <h2>Piotr Jarocha<\/h2>\n                                   <p>Production Manager<\/p>\n                                <\/span>\n                                <img decoding=\"async\" src=\"https:\/\/glinik.dev10.pro\/wp-content\/uploads\/2023\/03\/DSC02067a-scaled-e1678186334528-500x495.jpg\"\n                                     alt=\"\">\n                            <\/div>\n                            <div class=\"block-b\">\n                                <h2>Piotr Jarocha<\/h2>\n                                <h3><\/h3>\n\n                            <\/div>\n                        <\/div>\n\n\n                    <\/li>\n                            <\/ul>\n            <div id=\"myPager4\"><\/div>\n                    <\/div>\n<\/div>\n","protected":false},"excerpt":{"rendered":"","protected":false},"author":1,"featured_media":0,"parent":0,"menu_order":0,"comment_status":"closed","ping_status":"closed","template":"page-full.php","meta":{"footnotes":""},"class_list":["post-9739","page","type-page","status-publish","hentry"],"acf":[],"_links":{"self":[{"href":"https:\/\/glinik.dev10.pro\/es\/wp-json\/wp\/v2\/pages\/9739","targetHints":{"allow":["GET"]}}],"collection":[{"href":"https:\/\/glinik.dev10.pro\/es\/wp-json\/wp\/v2\/pages"}],"about":[{"href":"https:\/\/glinik.dev10.pro\/es\/wp-json\/wp\/v2\/types\/page"}],"author":[{"embeddable":true,"href":"https:\/\/glinik.dev10.pro\/es\/wp-json\/wp\/v2\/users\/1"}],"replies":[{"embeddable":true,"href":"https:\/\/glinik.dev10.pro\/es\/wp-json\/wp\/v2\/comments?post=9739"}],"version-history":[{"count":5,"href":"https:\/\/glinik.dev10.pro\/es\/wp-json\/wp\/v2\/pages\/9739\/revisions"}],"predecessor-version":[{"id":9943,"href":"https:\/\/glinik.dev10.pro\/es\/wp-json\/wp\/v2\/pages\/9739\/revisions\/9943"}],"wp:attachment":[{"href":"https:\/\/glinik.dev10.pro\/es\/wp-json\/wp\/v2\/media?parent=9739"}],"curies":[{"name":"wp","href":"https:\/\/api.w.org\/{rel}","templated":true}]}}