{"id":9762,"date":"2021-05-04T12:23:08","date_gmt":"2021-05-04T10:23:08","guid":{"rendered":"https:\/\/glinik.dev10.pro\/strona-glowna\/"},"modified":"2023-08-23T09:55:57","modified_gmt":"2023-08-23T07:55:57","slug":"strona-glowna","status":"publish","type":"page","link":"https:\/\/glinik.dev10.pro\/es\/","title":{"rendered":"Strona g\u0142\u00f3wna"},"content":{"rendered":"<div data-aos=\"fade-up\" data-aos-duration=\"500\" data-aos-delay=\"500\" class=\"box-n-produkty\">\n    <div class=\"box-n-img\">\n    <div class=\"box-b\">\n          <div class=\"box-a\">\n              <h3>Nuestros productos<\/h3>\n              <a class=\"more\" href=\"https:\/\/glinik.dev10.pro\/es\/category\/products\/\">M\u00e1s detalles<\/a>\n        <\/div>\n        <img decoding=\"async\" src=\"https:\/\/glinik.dev10.pro\/wp-content\/uploads\/2021\/05\/poznaj-nasze-produkty-1024x480.jpg\" alt=\"Nuestros productos\">\n        <\/div>\n                    <div class=\"box-pdf\">\n                <a class=\"pdf-d more-arrow\" href=\"https:\/\/glinik.dev10.pro\/wp-content\/uploads\/2021\/08\/Catalog-2021_-v1_EN_compressed-2.pdf\">Descargar cat\u00e1logo<\/a>\n        <\/div>\n    \t    <\/div>\n<\/div>\n\n\n<div  style=\"background-image: url(https:\/\/glinik.dev10.pro\/wp-content\/uploads\/2021\/05\/innowacje-tlo-300x300.jpg);\"  class=\"box-n-left\">\n    <div class=\"container\">\n    <div class=\"box-left\">\n         <h2 data-aos=\"fade-right\" data-aos-duration=\"500\" data-aos-delay=\"200\">Innovaci\u00f3n<\/h2>\n         <div data-aos=\"fade-right\" data-aos-duration=\"500\" data-aos-delay=\"300\" > <p>Hacemos cambios&#8230;.determinando el futuro<br \/>\nNuestro equipo de ingenieros participa en proyectos avanzados de investigaci\u00f3n y desarrollo, lo que<br \/>\npermite una innovaci\u00f3n continua de los productos en las \u00e1reas de dise\u00f1o y aplicaci\u00f3n de las \u00faltimas<br \/>\nsoluciones tecnol\u00f3gicas.<\/p>\n<\/div>\n                         <a data-aos=\"fade-right\" data-aos-duration=\"500\" data-aos-delay=\"300\" class=\"more\" href=\"https:\/\/glinik.dev10.pro\/es\/innowacje-i-technologie\/#content\">M\u00e1s detalles<\/a>\n            <\/div>\n    <div data-aos=\"fade-left\" data-aos-duration=\"500\" data-aos-delay=\"500\" class=\"box-right\">\n        <img decoding=\"async\" src=\"https:\/\/glinik.dev10.pro\/wp-content\/uploads\/2021\/05\/innowacje-300x300.png\" alt=\"Innowacje Glinik\">\n    <\/div>\n<\/div>\n<\/div>\n\n\n\n\n<div class=\"box-tab box-tab-n\"> \n    <div class=\"container\">\n                               \n               <h3>Glinik en n\u00fameros<\/h3>\n                            <ul class=\"numbers\">\n                                    <li  data-aos=\"fade-up\" data-aos-duration=\"300\"   data-aos-delay=\"100\" class=\"\">\n                    <a href=\"#number-1\" rel=\"nofollow\"><span>140<\/span><\/a>\n                \n                    <div data-aos=\"fade-left\" data-aos-duration=\"300\" data-aos-delay=\"300\" class=\"tabs-stage\">                \n                        <div id=\"number-1\" style=\"display: none;\">\n                            <h3>a\u00f1os de herencia<\/h3>\n                                                    <\/div>                 \n                     <\/div> \n                <\/li>\n                 \n                   \n                 \n                 \n                                    <li  data-aos=\"fade-up\" data-aos-duration=\"300\"   data-aos-delay=\"200\" class=\"\">\n                    <a href=\"#number-2\" rel=\"nofollow\"><span>50<\/span><\/a>\n                \n                    <div data-aos=\"fade-left\" data-aos-duration=\"300\" data-aos-delay=\"300\" class=\"tabs-stage\">                \n                        <div id=\"number-2\" style=\"display: none;\">\n                            <h3>pa\u00edses en los que vendemos<\/h3>\n                                                    <\/div>                 \n                     <\/div> \n                <\/li>\n                 \n                   \n                 \n                 \n                                    <li  data-aos=\"fade-up\" data-aos-duration=\"300\"   data-aos-delay=\"300\" class=\"\">\n                    <a href=\"#number-3\" rel=\"nofollow\"><span>200 000<\/span><\/a>\n                \n                    <div data-aos=\"fade-left\" data-aos-duration=\"300\" data-aos-delay=\"300\" class=\"tabs-stage\">                \n                        <div id=\"number-3\" style=\"display: none;\">\n                            <h3>brocas producidas<\/h3>\n                            <p>.<\/p>\n                        <\/div>                 \n                     <\/div> \n                <\/li>\n                 \n                   \n                 \n                 \n                                    <li  data-aos=\"fade-up\" data-aos-duration=\"300\"   data-aos-delay=\"400\" class=\"\">\n                    <a href=\"#number-4\" rel=\"nofollow\"><span>180<\/span><\/a>\n                \n                    <div data-aos=\"fade-left\" data-aos-duration=\"300\" data-aos-delay=\"300\" class=\"tabs-stage\">                \n                        <div id=\"number-4\" style=\"display: none;\">\n                            <h3>empleados<\/h3>\n                                                    <\/div>                 \n                     <\/div> \n                <\/li>\n                 \n                   \n                 \n                 \n                \n            <\/ul>  \n           \n        <\/div> \n<\/div>\n\n<div  style=\"background-image: url(https:\/\/glinik.dev10.pro\/wp-content\/uploads\/2021\/05\/bg-map.jpg);\"         class=\"box-n-center\">\n    <div class=\"container\">\n        <p>Nuestras herramientas se utilizan en m\u00e1s de <strong class=\"count\">50<\/strong> pa\u00edses<\/p>\n    <\/div>\n<\/div>\n","protected":false},"excerpt":{"rendered":"","protected":false},"author":1,"featured_media":0,"parent":0,"menu_order":0,"comment_status":"closed","ping_status":"closed","template":"page-full-slider.php","meta":{"footnotes":""},"class_list":["post-9762","page","type-page","status-publish","hentry"],"acf":[],"_links":{"self":[{"href":"https:\/\/glinik.dev10.pro\/es\/wp-json\/wp\/v2\/pages\/9762","targetHints":{"allow":["GET"]}}],"collection":[{"href":"https:\/\/glinik.dev10.pro\/es\/wp-json\/wp\/v2\/pages"}],"about":[{"href":"https:\/\/glinik.dev10.pro\/es\/wp-json\/wp\/v2\/types\/page"}],"author":[{"embeddable":true,"href":"https:\/\/glinik.dev10.pro\/es\/wp-json\/wp\/v2\/users\/1"}],"replies":[{"embeddable":true,"href":"https:\/\/glinik.dev10.pro\/es\/wp-json\/wp\/v2\/comments?post=9762"}],"version-history":[{"count":7,"href":"https:\/\/glinik.dev10.pro\/es\/wp-json\/wp\/v2\/pages\/9762\/revisions"}],"predecessor-version":[{"id":9914,"href":"https:\/\/glinik.dev10.pro\/es\/wp-json\/wp\/v2\/pages\/9762\/revisions\/9914"}],"wp:attachment":[{"href":"https:\/\/glinik.dev10.pro\/es\/wp-json\/wp\/v2\/media?parent=9762"}],"curies":[{"name":"wp","href":"https:\/\/api.w.org\/{rel}","templated":true}]}}