{"id":9092,"date":"2021-05-17T09:36:01","date_gmt":"2021-05-17T07:36:01","guid":{"rendered":"https:\/\/glinik.dev10.pro\/o-nas\/"},"modified":"2023-07-10T15:53:53","modified_gmt":"2023-07-10T13:53:53","slug":"o-nas","status":"publish","type":"page","link":"https:\/\/glinik.dev10.pro\/fr\/o-nas\/","title":{"rendered":"\u00c0 PROPOS DE NOUS"},"content":{"rendered":"\n<div class=\"box-tab history-content\">\n    <div class=\"container-full\">\n                       <h2>L&rsquo;histoire<\/h2>\n                            <ul id=\"slider-history\" class=\"numbers \">\n                                    <li data-pagenumber=\"1\"  data-aos=\"fade-up\" data-aos-duration=\"300\"   data-aos-delay=\"100\" class=\"\">\n                    <a rel=\"nofollow\"><span>1883<\/span><\/a>\n\n                    <div data-aos=\"zoom-in\" data-aos-duration=\"300\" data-aos-delay=\"300\" class=\"tabs-stage\">\n                        <div id=\"number-1\" >\n                            <h3>Cr\u00e9ation de l\u2019entreprise<\/h3>\n                                                    <\/div>\n                     <\/div>\n                <\/li>\n\n\n\n                 \n                                    <li data-pagenumber=\"2\"  data-aos=\"fade-up\" data-aos-duration=\"300\"   data-aos-delay=\"200\" class=\"\">\n                    <a rel=\"nofollow\"><span>1952<\/span><\/a>\n\n                    <div data-aos=\"zoom-in\" data-aos-duration=\"300\" data-aos-delay=\"300\" class=\"tabs-stage\">\n                        <div id=\"number-2\" >\n                            <h3>Production s\u00e9rie d\u2019outils de forage<\/h3>\n                                                    <\/div>\n                     <\/div>\n                <\/li>\n\n\n\n                 \n                                    <li data-pagenumber=\"3\"  data-aos=\"fade-up\" data-aos-duration=\"300\"   data-aos-delay=\"300\" class=\"\">\n                    <a rel=\"nofollow\"><span>1998<\/span><\/a>\n\n                    <div data-aos=\"zoom-in\" data-aos-duration=\"300\" data-aos-delay=\"300\" class=\"tabs-stage\">\n                        <div id=\"number-3\" >\n                            <h3>Certification API Q1<\/h3>\n                                                    <\/div>\n                     <\/div>\n                <\/li>\n\n\n\n                 \n                                    <li data-pagenumber=\"4\"  data-aos=\"fade-up\" data-aos-duration=\"300\"   data-aos-delay=\"400\" class=\"\">\n                    <a rel=\"nofollow\"><span>2011<\/span><\/a>\n\n                    <div data-aos=\"zoom-in\" data-aos-duration=\"300\" data-aos-delay=\"300\" class=\"tabs-stage\">\n                        <div id=\"number-4\" >\n                            <h3>Int\u00e9gration avec TDJ Holding<\/h3>\n                                                    <\/div>\n                     <\/div>\n                <\/li>\n\n\n\n                 \n                                    <li data-pagenumber=\"5\"  data-aos=\"fade-up\" data-aos-duration=\"300\"   data-aos-delay=\"500\" class=\"\">\n                    <a rel=\"nofollow\"><span>2016<\/span><\/a>\n\n                    <div data-aos=\"zoom-in\" data-aos-duration=\"300\" data-aos-delay=\"300\" class=\"tabs-stage\">\n                        <div id=\"number-5\" >\n                            <h3>Ventes dans 50 pays<\/h3>\n                                                    <\/div>\n                     <\/div>\n                <\/li>\n\n\n\n                 \n                                    <li data-pagenumber=\"6\"  data-aos=\"fade-up\" data-aos-duration=\"300\"   data-aos-delay=\"600\" class=\"\">\n                    <a rel=\"nofollow\"><span>2019<\/span><\/a>\n\n                    <div data-aos=\"zoom-in\" data-aos-duration=\"300\" data-aos-delay=\"300\" class=\"tabs-stage\">\n                        <div id=\"number-6\" >\n                            <h3>Premier outil de forage de 42\u201d produit par Glinik<\/h3>\n                                                    <\/div>\n                     <\/div>\n                <\/li>\n\n\n\n                 \n                                    <li data-pagenumber=\"7\"  data-aos=\"fade-up\" data-aos-duration=\"300\"   data-aos-delay=\"700\" class=\"nodot\">\n                    <a rel=\"nofollow\"><span><\/span><\/a>\n\n                    <div data-aos=\"zoom-in\" data-aos-duration=\"300\" data-aos-delay=\"300\" class=\"tabs-stage\">\n                        <div id=\"number-7\" >\n                            <h3><\/h3>\n                                                    <\/div>\n                     <\/div>\n                <\/li>\n\n\n\n                 \n                \n            <\/ul>\n            <div id=\"myPager8\"><\/div>\n        <\/div>\n<\/div>\n\n\n<div class=\"pracownik pracownik-slider \">\n    <div class=\"container-full\">\n                    <h2>\u00c9quipe<\/h2>\n                            <ul id=\"pracownik-slider\">\n                                    <li>\n                        <div data-aos=\"zoom-in\" data-aos-duration=\"300\" data-aos-delay=\"300\" class=\"box-img\">\n                            <div class=\"p-desc\">\n                               <span class=\"p-hidden\">\n                               <h2>Grzegorz Sidor<\/h2>\n                                   <p>Pr\u00e9sident du conseil d\u2019administration<\/p>\n                                <\/span>\n                                <img decoding=\"async\" src=\"https:\/\/glinik.dev10.pro\/wp-content\/uploads\/2021\/06\/G.-Sidor-e1629976533468-500x456.jpg\"\n                                     alt=\"\">\n                            <\/div>\n                            <div class=\"block-b\">\n                                <h2>Grzegorz Sidor<\/h2>\n                                <h3><\/h3>\n\n                            <\/div>\n                        <\/div>\n\n\n                    <\/li>\n                                    <li>\n                        <div data-aos=\"zoom-in\" data-aos-duration=\"300\" data-aos-delay=\"300\" class=\"box-img\">\n                            <div class=\"p-desc\">\n                               <span class=\"p-hidden\">\n                               <h2>Wojciech Tomkiewicz<\/h2>\n                                   <p>Vice Pr\u00e9sident du conseil d\u2019administration<\/p>\n                                <\/span>\n                                <img decoding=\"async\" src=\"https:\/\/glinik.dev10.pro\/wp-content\/uploads\/2021\/06\/IMG_3033a-\u2014-gotowe-e1629976581697-500x404.jpeg\"\n                                     alt=\"\">\n                            <\/div>\n                            <div class=\"block-b\">\n                                <h2>Wojciech Tomkiewicz<\/h2>\n                                <h3><\/h3>\n\n                            <\/div>\n                        <\/div>\n\n\n                    <\/li>\n                                    <li>\n                        <div data-aos=\"zoom-in\" data-aos-duration=\"300\" data-aos-delay=\"300\" class=\"box-img\">\n                            <div class=\"p-desc\">\n                               <span class=\"p-hidden\">\n                               <h2>Jacek Szpyrka<\/h2>\n                                   <p>Directeur Technique<\/p>\n                                <\/span>\n                                <img decoding=\"async\" src=\"https:\/\/glinik.dev10.pro\/wp-content\/uploads\/2023\/01\/1-scaled-e1673958406880-482x500.jpg\"\n                                     alt=\"\">\n                            <\/div>\n                            <div class=\"block-b\">\n                                <h2>Jacek Szpyrka<\/h2>\n                                <h3><\/h3>\n\n                            <\/div>\n                        <\/div>\n\n\n                    <\/li>\n                                    <li>\n                        <div data-aos=\"zoom-in\" data-aos-duration=\"300\" data-aos-delay=\"300\" class=\"box-img\">\n                            <div class=\"p-desc\">\n                               <span class=\"p-hidden\">\n                               <h2>Pawe\u0142 Rzepiela<\/h2>\n                                   <p>Responsable Traitement Thermique<\/p>\n                                <\/span>\n                                <img decoding=\"async\" src=\"https:\/\/glinik.dev10.pro\/wp-content\/uploads\/2021\/08\/IMG_3142a-scaled-e1629980487627-468x500.jpg\"\n                                     alt=\"\">\n                            <\/div>\n                            <div class=\"block-b\">\n                                <h2>Pawe\u0142 Rzepiela<\/h2>\n                                <h3><\/h3>\n\n                            <\/div>\n                        <\/div>\n\n\n                    <\/li>\n                                    <li>\n                        <div data-aos=\"zoom-in\" data-aos-duration=\"300\" data-aos-delay=\"300\" class=\"box-img\">\n                            <div class=\"p-desc\">\n                               <span class=\"p-hidden\">\n                               <h2>Katarzyna Kolarzyk<\/h2>\n                                   <p>Responsable Service des Ventes<\/p>\n                                <\/span>\n                                <img decoding=\"async\" src=\"https:\/\/glinik.dev10.pro\/wp-content\/uploads\/2021\/09\/IMG_KK-scaled-e1632226939589-500x474.jpg\"\n                                     alt=\"\">\n                            <\/div>\n                            <div class=\"block-b\">\n                                <h2>Katarzyna Kolarzyk<\/h2>\n                                <h3><\/h3>\n\n                            <\/div>\n                        <\/div>\n\n\n                    <\/li>\n                                    <li>\n                        <div data-aos=\"zoom-in\" data-aos-duration=\"300\" data-aos-delay=\"300\" class=\"box-img\">\n                            <div class=\"p-desc\">\n                               <span class=\"p-hidden\">\n                               <h2>Daniel Urz\u0119dowski<\/h2>\n                                   <p>Responsable Qualit\u00e9<\/p>\n                                <\/span>\n                                <img decoding=\"async\" src=\"https:\/\/glinik.dev10.pro\/wp-content\/uploads\/2021\/08\/011-e1629980351287-455x500.jpg\"\n                                     alt=\"\">\n                            <\/div>\n                            <div class=\"block-b\">\n                                <h2>Daniel Urz\u0119dowski<\/h2>\n                                <h3><\/h3>\n\n                            <\/div>\n                        <\/div>\n\n\n                    <\/li>\n                                    <li>\n                        <div data-aos=\"zoom-in\" data-aos-duration=\"300\" data-aos-delay=\"300\" class=\"box-img\">\n                            <div class=\"p-desc\">\n                               <span class=\"p-hidden\">\n                               <h2>Iwona Dyl\u0105g<\/h2>\n                                   <p>Responsable de Projets<\/p>\n                                <\/span>\n                                <img decoding=\"async\" src=\"https:\/\/glinik.dev10.pro\/wp-content\/uploads\/2023\/03\/013-1-e1678185999536-498x500.jpg\"\n                                     alt=\"\">\n                            <\/div>\n                            <div class=\"block-b\">\n                                <h2>Iwona Dyl\u0105g<\/h2>\n                                <h3><\/h3>\n\n                            <\/div>\n                        <\/div>\n\n\n                    <\/li>\n                                    <li>\n                        <div data-aos=\"zoom-in\" data-aos-duration=\"300\" data-aos-delay=\"300\" class=\"box-img\">\n                            <div class=\"p-desc\">\n                               <span class=\"p-hidden\">\n                               <h2>Iwona \u0141abno<\/h2>\n                                   <p>Responsable Service Logistique<\/p>\n                                <\/span>\n                                <img decoding=\"async\" src=\"https:\/\/glinik.dev10.pro\/wp-content\/uploads\/2023\/03\/DSC02109a-1-scaled-e1678185474580-500x500.jpg\"\n                                     alt=\"\">\n                            <\/div>\n                            <div class=\"block-b\">\n                                <h2>Iwona \u0141abno<\/h2>\n                                <h3><\/h3>\n\n                            <\/div>\n                        <\/div>\n\n\n                    <\/li>\n                                    <li>\n                        <div data-aos=\"zoom-in\" data-aos-duration=\"300\" data-aos-delay=\"300\" class=\"box-img\">\n                            <div class=\"p-desc\">\n                               <span class=\"p-hidden\">\n                               <h2>Piotr Jarocha<\/h2>\n                                   <p>Responsable de Production<\/p>\n                                <\/span>\n                                <img decoding=\"async\" src=\"https:\/\/glinik.dev10.pro\/wp-content\/uploads\/2023\/03\/DSC02067a-scaled-e1678185528969-498x500.jpg\"\n                                     alt=\"\">\n                            <\/div>\n                            <div class=\"block-b\">\n                                <h2>Piotr Jarocha<\/h2>\n                                <h3><\/h3>\n\n                            <\/div>\n                        <\/div>\n\n\n                    <\/li>\n                            <\/ul>\n            <div id=\"myPager4\"><\/div>\n                            <span class=\"text-center\"> <a data-aos=\"zoom-in\" class=\"more\"\n                                          href=\"https:\/\/glinik.dev10.pro\/fr\/zespol\/\">Rencontrer l&rsquo;\u00e9quipe<\/a> <\/span>\n            <\/div>\n<\/div>\n\n\n\n<div class=\"slider-typ-1  slider-o-nas\" >\n    <div class=\"container-full\">\n                    <ul id=\"lightSlider3\">\n                                    <li>\n                    <div class=\"img-1\">\n                        <img decoding=\"async\" src=\"https:\/\/glinik.dev10.pro\/wp-content\/uploads\/2021\/08\/wiara-1024x683.jpeg\" alt=\"\">\n                    <\/div>\n\n                    <div data-aos=\"fade-left\" data-aos-duration=\"300\" data-aos-delay=\"300\" class=\"box-right\">\n\n                            <h2>Croyance<\/h2>\n                            <p><span lang=\"en-US\">Nous croyons en une vision commune<\/span>. Nous suivons nos valeurs. Nous nous focalisons sur le futur. Nous croyons que l\u2019investissement dans l\u2019\u00e9ducation et le d\u00e9veloppement g\u00e9n\u00e8re la plus haute valeur pour la soci\u00e9t\u00e9.<\/p>\n                            \n                     <\/div>\n                <\/li>\n\n\n\n                 \n                                    <li>\n                    <div class=\"img-1\">\n                        <img decoding=\"async\" src=\"https:\/\/glinik.dev10.pro\/wp-content\/uploads\/2021\/08\/odpowiedzialnosc-1024x682.jpeg\" alt=\"\">\n                    <\/div>\n\n                    <div data-aos=\"fade-left\" data-aos-duration=\"300\" data-aos-delay=\"300\" class=\"box-right\">\n\n                            <h2>Responsabilit\u00e9<\/h2>\n                            <p>Nous prenons des d\u00e9cisions audacieuses et m\u00fbrement r\u00e9fl\u00e9chies.\u00a0Nous assumons la responsabilit\u00e9 de nos d\u00e9cisions et actions et de celles de notre \u00e9quipe. Nous avons besoin d&rsquo;initiative de nous-m\u00eames. Nous agissons toujours dans le meilleur int\u00e9r\u00eat de l&rsquo;entreprise.<\/p>\n                            \n                     <\/div>\n                <\/li>\n\n\n\n                 \n                                    <li>\n                    <div class=\"img-1\">\n                        <img decoding=\"async\" src=\"https:\/\/glinik.dev10.pro\/wp-content\/uploads\/2021\/08\/wspolpraca-1024x683.jpeg\" alt=\"\">\n                    <\/div>\n\n                    <div data-aos=\"fade-left\" data-aos-duration=\"300\" data-aos-delay=\"300\" class=\"box-right\">\n\n                            <h2>Coop\u00e9ration<\/h2>\n                            <p>Nous nous faisons confiance et formons une \u00e9quipe soud\u00e9e. Nous \u00e9coutons et apprenons des autres en tenant compte de chaque voix dans la discussion. Apr\u00e8s avoir pris la d\u00e9cision, nous agissons ensemble pour atteindre notre objectif. Nous c\u00e9l\u00e9brons le succ\u00e8s de nos employ\u00e9s en les faisant \u00e9voluer au sein de l&rsquo;organisation.<\/p>\n                            \n                     <\/div>\n                <\/li>\n\n\n\n                 \n                                    <li>\n                    <div class=\"img-1\">\n                        <img decoding=\"async\" src=\"https:\/\/glinik.dev10.pro\/wp-content\/uploads\/2021\/08\/otwartosc-1024x683.jpeg\" alt=\"\">\n                    <\/div>\n\n                    <div data-aos=\"fade-left\" data-aos-duration=\"300\" data-aos-delay=\"300\" class=\"box-right\">\n\n                            <h2>Franchise<\/h2>\n                            <p>Nous sommes loyaux les uns envers les autres et communiquons ouvertement et avec honn\u00eatet\u00e9. Nous respectons la diversit\u00e9 des opinions. Nous sommes ouverts au changement et \u00e0 l&rsquo;innovation. Nous discutons des erreurs que nous commettons et en apprenons.<\/p>\n                            \n                     <\/div>\n                <\/li>\n\n\n\n                 \n                                    <li>\n                    <div class=\"img-1\">\n                        <img decoding=\"async\" src=\"https:\/\/glinik.dev10.pro\/wp-content\/uploads\/2021\/06\/glinik-e1631706069902.jpg\" alt=\"\">\n                    <\/div>\n\n                    <div data-aos=\"fade-left\" data-aos-duration=\"300\" data-aos-delay=\"300\" class=\"box-right\">\n\n                            <h2>Cr\u00e9dibilit\u00e9<\/h2>\n                            <p>Nous tenons toujours notre parole. Nous sommes fiables et honn\u00eates. Kierujemy si\u0119 zasadami fair play. Nous sommes attach\u00e9s au fair-play. Nous respectons nos engagements.<\/p>\n                            \n                     <\/div>\n                <\/li>\n\n\n\n                 \n                \n            <\/ul>\n            <div id=\"myPager3\"><\/div>\n\n        <\/div>\n<\/div>\n\n\n<div class=\"box-txt-2\">\n<div data-aos=\"fade-up\" data-aos-duration=\"500\" data-aos-delay=\"500\"  class=\"box-right\">\n        <h2 >Notre mission<\/h2>\n          <p>Gagnez gr\u00e2ce \u00e0 notre fiabilit\u00e9 et notre technologie!<\/p>\n<p>\u00ab\u00a0Glinik est un producteur international de solutions de haute qualit\u00e9 avec une gamme d&rsquo;outils de forage qui fonctionnent bien dans toutes les conditions, sur tous les continents\u00a0\u00bb<\/p>\n             <\/div>\n\n    <div data-aos=\"zoom-in\" data-aos-duration=\"500\" data-aos-delay=\"500\" class=\"box-left\">\n         <img decoding=\"async\" src=\"https:\/\/glinik.dev10.pro\/wp-content\/uploads\/2021\/05\/misja-firmy2-1024x477.jpg\" alt=\"Misja firmy\">\n    <\/div>\n\n\n<\/div>\n\n\n\n\n<h2 class=\"container-full mb-4 wp-block-heading\">Visite de l&rsquo;usine Glinik<\/h2>\n\n\n\n<figure class=\"wp-block-embed is-type-video is-provider-youtube wp-block-embed-youtube wp-embed-aspect-16-9 wp-has-aspect-ratio\"><div class=\"wp-block-embed__wrapper\">\n<div class=\"embed-responsive embed-responsive-16by9\"><iframe title=\"Glinik Drilling Tools\" width=\"800\" height=\"450\" src=\"https:\/\/www.youtube.com\/embed\/Wxghh_kpirQ?start=2&#038;feature=oembed\" frameborder=\"0\" allow=\"accelerometer; autoplay; clipboard-write; encrypted-media; gyroscope; picture-in-picture; web-share\" allowfullscreen><\/iframe><\/div>\n<\/div><\/figure>\n\n\n\n<div class=\"kariera\">\n    <div data-aos=\"fade-up\" data-aos-duration=\"300\" data-aos-delay=\"300\" class=\"box-left\">\n\n        \n                    <\/div>\n    <\/div>\n","protected":false},"excerpt":{"rendered":"<p>Visite de l&rsquo;usine Glinik<\/p>\n","protected":false},"author":1,"featured_media":0,"parent":0,"menu_order":0,"comment_status":"closed","ping_status":"closed","template":"page-full.php","meta":{"footnotes":""},"class_list":["post-9092","page","type-page","status-publish","hentry"],"acf":[],"_links":{"self":[{"href":"https:\/\/glinik.dev10.pro\/fr\/wp-json\/wp\/v2\/pages\/9092","targetHints":{"allow":["GET"]}}],"collection":[{"href":"https:\/\/glinik.dev10.pro\/fr\/wp-json\/wp\/v2\/pages"}],"about":[{"href":"https:\/\/glinik.dev10.pro\/fr\/wp-json\/wp\/v2\/types\/page"}],"author":[{"embeddable":true,"href":"https:\/\/glinik.dev10.pro\/fr\/wp-json\/wp\/v2\/users\/1"}],"replies":[{"embeddable":true,"href":"https:\/\/glinik.dev10.pro\/fr\/wp-json\/wp\/v2\/comments?post=9092"}],"version-history":[{"count":6,"href":"https:\/\/glinik.dev10.pro\/fr\/wp-json\/wp\/v2\/pages\/9092\/revisions"}],"predecessor-version":[{"id":9446,"href":"https:\/\/glinik.dev10.pro\/fr\/wp-json\/wp\/v2\/pages\/9092\/revisions\/9446"}],"wp:attachment":[{"href":"https:\/\/glinik.dev10.pro\/fr\/wp-json\/wp\/v2\/media?parent=9092"}],"curies":[{"name":"wp","href":"https:\/\/api.w.org\/{rel}","templated":true}]}}