{"id":9158,"date":"2021-06-23T22:42:43","date_gmt":"2021-06-23T20:42:43","guid":{"rendered":"https:\/\/glinik.dev10.pro\/laser\/"},"modified":"2023-07-03T07:22:47","modified_gmt":"2023-07-03T05:22:47","slug":"laser","status":"publish","type":"page","link":"https:\/\/glinik.dev10.pro\/fr\/laser\/","title":{"rendered":"Laser"},"content":{"rendered":"\n<div class=\"slider-typ-3\">\n     <div class=\"container-full\">\n                    <ul id=\"lightSlider6\">\n                                    <li>\n\n                    <div  data-aos=\"zoom-in\" data-aos-duration=\"300\" data-aos-delay=\"300\"  class=\"img-1\">\n                        <img decoding=\"async\" src=\"https:\/\/glinik.dev10.pro\/wp-content\/uploads\/2021\/06\/Laser-1-min-1024x1024.png\" alt=\"\">\n                    <\/div>\n\n\n                    <div data-aos=\"fade-left\" data-aos-duration=\"300\" data-aos-delay=\"300\" class=\"box-left\">\n\n                            <h2><\/h2>\n                            <p>Technologies de pointe \u2013 C\u2019est ce que les projets, les initiatives et les produits fabriqu\u00e9s par GLINIK ont en commun. Ils sont une de nos priorit\u00e9s dans la mise en oeuvre de notre strat\u00e9gie mais repr\u00e9sentent aussi les outils de forage du futur. <\/p>\n                            \n                     <\/div>\n\n                <\/li>\n\n\n\n                 \n                                    <li>\n\n                    <div  data-aos=\"zoom-in\" data-aos-duration=\"300\" data-aos-delay=\"300\"  class=\"img-1\">\n                        <img decoding=\"async\" src=\"https:\/\/glinik.dev10.pro\/wp-content\/uploads\/2021\/07\/MG_8861-min-1024x773.jpg\" alt=\"\">\n                    <\/div>\n\n\n                    <div data-aos=\"fade-left\" data-aos-duration=\"300\" data-aos-delay=\"300\" class=\"box-left\">\n\n                            <h2><\/h2>\n                            <p>Ensemble avec le Centre National de Recherche et D\u00e9veloppement et les Universit\u00e9s Polonaises, GLINIK met en oeuvre un projet avanc\u00e9 de d\u00e9p\u00f4t de rechargement dur .<\/p>\n                            \n                     <\/div>\n\n                <\/li>\n\n\n\n                 \n                                    <li>\n\n                    <div  data-aos=\"zoom-in\" data-aos-duration=\"300\" data-aos-delay=\"300\"  class=\"img-1\">\n                        <img decoding=\"async\" src=\"https:\/\/glinik.dev10.pro\/wp-content\/uploads\/2021\/07\/rozwoj-1-1.jpg\" alt=\"\">\n                    <\/div>\n\n\n                    <div data-aos=\"fade-left\" data-aos-duration=\"300\" data-aos-delay=\"300\" class=\"box-left\">\n\n                            <h2><\/h2>\n                            <p>L\u2019objectif de ce projet (POIR.01.01.01-00-0705\/18-00) est de concevoir de nouveaux mat\u00e9riaux de protection de surfaces et la robotisation du d\u00e9p\u00f4t via une technologie laser (LMD)<br \/>\nLes r\u00e9sultats obtenus jusqu&rsquo;\u00e0 pr\u00e9sent sont tr\u00e8s prometteurs et les tests ont prouv\u00e9 l&rsquo;avenir brillant de la nouvelle technologie qui apporte encore plus de durabilit\u00e9 et de performance aux produits Glinik.<\/p>\n                            \n                     <\/div>\n\n                <\/li>\n\n\n\n                 \n                \n            <\/ul>\n            <div id=\"myPager6\"><\/div>\n\n        <\/div>\n<\/div>\n\n\n\n<div style=\"height:198px\" aria-hidden=\"true\" class=\"wp-block-spacer\"><\/div>\n","protected":false},"excerpt":{"rendered":"","protected":false},"author":2,"featured_media":0,"parent":0,"menu_order":0,"comment_status":"closed","ping_status":"closed","template":"page-full.php","meta":{"footnotes":""},"class_list":["post-9158","page","type-page","status-publish","hentry"],"acf":[],"_links":{"self":[{"href":"https:\/\/glinik.dev10.pro\/fr\/wp-json\/wp\/v2\/pages\/9158","targetHints":{"allow":["GET"]}}],"collection":[{"href":"https:\/\/glinik.dev10.pro\/fr\/wp-json\/wp\/v2\/pages"}],"about":[{"href":"https:\/\/glinik.dev10.pro\/fr\/wp-json\/wp\/v2\/types\/page"}],"author":[{"embeddable":true,"href":"https:\/\/glinik.dev10.pro\/fr\/wp-json\/wp\/v2\/users\/2"}],"replies":[{"embeddable":true,"href":"https:\/\/glinik.dev10.pro\/fr\/wp-json\/wp\/v2\/comments?post=9158"}],"version-history":[{"count":2,"href":"https:\/\/glinik.dev10.pro\/fr\/wp-json\/wp\/v2\/pages\/9158\/revisions"}],"predecessor-version":[{"id":9173,"href":"https:\/\/glinik.dev10.pro\/fr\/wp-json\/wp\/v2\/pages\/9158\/revisions\/9173"}],"wp:attachment":[{"href":"https:\/\/glinik.dev10.pro\/fr\/wp-json\/wp\/v2\/media?parent=9158"}],"curies":[{"name":"wp","href":"https:\/\/api.w.org\/{rel}","templated":true}]}}