{"id":9187,"date":"2021-06-26T16:01:31","date_gmt":"2021-06-26T14:01:31","guid":{"rendered":"https:\/\/glinik.dev10.pro\/systemy-plukania\/"},"modified":"2023-07-03T07:29:18","modified_gmt":"2023-07-03T05:29:18","slug":"systemy-plukania","status":"publish","type":"page","link":"https:\/\/glinik.dev10.pro\/fr\/systemy-plukania\/","title":{"rendered":"Syst\u00e8me de nettoyage"},"content":{"rendered":"\n<div class=\"slider-typ-3\">\n     <div class=\"container-full\">\n                    <ul id=\"lightSlider6\">\n                                    <li>\n\n                    <div  data-aos=\"zoom-in\" data-aos-duration=\"300\" data-aos-delay=\"300\"  class=\"img-1\">\n                        <img decoding=\"async\" src=\"https:\/\/glinik.dev10.pro\/wp-content\/uploads\/2021\/07\/1_dysza_przek-min-1024x1024.jpg\" alt=\"\">\n                    <\/div>\n\n\n                    <div data-aos=\"fade-left\" data-aos-duration=\"300\" data-aos-delay=\"300\" class=\"box-left\">\n\n                            <h2>Nettoyage du trou central<\/h2>\n                            <p>Utilis\u00e9 pour des outils de forage de diam\u00e8tre 2-3\/8\u201c jusqu\u2019\u00e0 42\u201d<\/p>\n<p>Le nettoyage du trou central est r\u00e9alis\u00e9 avec des outils de forage destin\u00e9s au forage hydrog\u00e9ologique et g\u00e9otechnique. Pour les outils de forage destin\u00e9s au forage \u00e0 boue invers\u00e9e, la conception n\u00e9cessite de s\u00e9lectionner un trou central avec le diam\u00e8tre maximum pour une connexion filet\u00e9e donn\u00e9e.<\/p>\n                            \n                     <\/div>\n\n                <\/li>\n\n\n\n                 \n                                    <li>\n\n                    <div  data-aos=\"zoom-in\" data-aos-duration=\"300\" data-aos-delay=\"300\"  class=\"img-1\">\n                        <img decoding=\"async\" src=\"https:\/\/glinik.dev10.pro\/wp-content\/uploads\/2021\/07\/3_dysze-min-1024x1024.jpg\" alt=\"\">\n                    <\/div>\n\n\n                    <div data-aos=\"fade-left\" data-aos-duration=\"300\" data-aos-delay=\"300\" class=\"box-left\">\n\n                            <h2>Syst\u00e8me de nettoyage \u00e0 trois buses<\/h2>\n                            <p>Utilis\u00e9 pour des outils de forage de diam\u00e8tre 3-7\/8\u201c jusqu\u2019\u00e0 36\u201d<\/p>\n<p>La disposition des buses et l&rsquo;orientation de la sortie de la buse permettent un nettoyage efficace du fond du trou et de la structure de coupe de l\u2019outil. Cette solution a \u00e9t\u00e9 con\u00e7ue pour une efficacit\u00e9 de forage maximale.<\/p>\n                            \n                     <\/div>\n\n                <\/li>\n\n\n\n                 \n                                    <li>\n\n                    <div  data-aos=\"zoom-in\" data-aos-duration=\"300\" data-aos-delay=\"300\"  class=\"img-1\">\n                        <img decoding=\"async\" src=\"https:\/\/glinik.dev10.pro\/wp-content\/uploads\/2021\/07\/4_dysze_przek-min-1024x1024.jpg\" alt=\"\">\n                    <\/div>\n\n\n                    <div data-aos=\"fade-left\" data-aos-duration=\"300\" data-aos-delay=\"300\" class=\"box-left\">\n\n                            <h2>Syst\u00e8me \u00e0 buses multiples<\/h2>\n                            <p>Utilis\u00e9 pour des outils de forage de diam\u00e8tre 5-1\/2\u201c jusqu\u2019\u00e0 42\u201d<\/p>\n<p>Un syst\u00e8me de nettoyage avanc\u00e9 \u00e9quip\u00e9 de buses suppl\u00e9mentaires pour un nettoyage plus efficace de la structure de coupe et du fond du trou, maintenant ainsi une progression \u00e9lev\u00e9e du forage.<\/p>\n                            \n                     <\/div>\n\n                <\/li>\n\n\n\n                 \n                \n            <\/ul>\n            <div id=\"myPager6\"><\/div>\n\n        <\/div>\n<\/div>\n","protected":false},"excerpt":{"rendered":"","protected":false},"author":2,"featured_media":0,"parent":0,"menu_order":0,"comment_status":"closed","ping_status":"closed","template":"page-full.php","meta":{"footnotes":""},"class_list":["post-9187","page","type-page","status-publish","hentry"],"acf":[],"_links":{"self":[{"href":"https:\/\/glinik.dev10.pro\/fr\/wp-json\/wp\/v2\/pages\/9187","targetHints":{"allow":["GET"]}}],"collection":[{"href":"https:\/\/glinik.dev10.pro\/fr\/wp-json\/wp\/v2\/pages"}],"about":[{"href":"https:\/\/glinik.dev10.pro\/fr\/wp-json\/wp\/v2\/types\/page"}],"author":[{"embeddable":true,"href":"https:\/\/glinik.dev10.pro\/fr\/wp-json\/wp\/v2\/users\/2"}],"replies":[{"embeddable":true,"href":"https:\/\/glinik.dev10.pro\/fr\/wp-json\/wp\/v2\/comments?post=9187"}],"version-history":[{"count":2,"href":"https:\/\/glinik.dev10.pro\/fr\/wp-json\/wp\/v2\/pages\/9187\/revisions"}],"predecessor-version":[{"id":9196,"href":"https:\/\/glinik.dev10.pro\/fr\/wp-json\/wp\/v2\/pages\/9187\/revisions\/9196"}],"wp:attachment":[{"href":"https:\/\/glinik.dev10.pro\/fr\/wp-json\/wp\/v2\/media?parent=9187"}],"curies":[{"name":"wp","href":"https:\/\/api.w.org\/{rel}","templated":true}]}}