{"id":9197,"date":"2021-05-13T12:29:43","date_gmt":"2021-05-13T10:29:43","guid":{"rendered":"https:\/\/glinik.dev10.pro\/innowacje-i-technologie\/"},"modified":"2023-07-07T11:43:04","modified_gmt":"2023-07-07T09:43:04","slug":"innowacje-i-technologie","status":"publish","type":"page","link":"https:\/\/glinik.dev10.pro\/fr\/innowacje-i-technologie\/","title":{"rendered":"l&rsquo;innovation"},"content":{"rendered":"\n<div class=\"wp-block-group container-full mt-100\"><div class=\"wp-block-group__inner-container is-layout-flow wp-block-group-is-layout-flow\">\n<h2 class=\"wp-block-heading\"><strong>Technologie<\/strong><\/h2>\n\n\n\n<p><\/p>\n\n\n\n<div class=\"wp-block-columns is-layout-flex wp-container-core-columns-is-layout-9d6595d7 wp-block-columns-is-layout-flex\">\n<div class=\"wp-block-column c-md-12 is-layout-flow wp-block-column-is-layout-flow\">\n<p>Nous avons constamment chang\u00e9 et cr\u00e9\u00e9 des tendances.<\/p>\n\n\n\n<p>L\u2019\u00e9quipe d\u2019ing\u00e9nieurs de Glinik d\u00e9veloppe des projets avanc\u00e9s en Recherche &amp; D\u00e9veloppement orient\u00e9s vers des solutions innovantes &amp; performantes.<\/p>\n\n\n\n<ul id=\"block-2cd76157-d293-45c9-9450-44ed54960b9d\" class=\"lista wp-block-list\"><li><a href=\"https:\/\/glinik.dev10.pro\/fr\/laser\/\">D\u00e9p\u00f4t Laser<\/a><\/li><li><a href=\"https:\/\/glinik.dev10.pro\/fr\/lozyska\/\">Syst\u00e8me de roulement<\/a><\/li><li><a href=\"https:\/\/glinik.dev10.pro\/fr\/systemy-plukania\/\">Syst\u00e8me de nettoyage<\/a><\/li><\/ul>\n<\/div>\n\n\n\n<div class=\"wp-block-column is-layout-flow wp-block-column-is-layout-flow\"><\/div>\n<\/div>\n<\/div><\/div>\n\n\n<div class=\"zapewnienie-jakosci\">\n\n\n    <div data-aos=\"zoom-in\" data-aos-duration=\"300\" data-aos-delay=\"300\"  class=\"img-1\">\n                        <img decoding=\"async\" src=\"https:\/\/glinik.dev10.pro\/wp-content\/uploads\/2021\/06\/10_2_swider_9_7_8_211-HYDROGEOLOGIA-BEZ-TLA-375x500.png\" alt=\"\">\n     <\/div>\n     <div data-aos=\"fade-up\" data-aos-duration=\"300\" data-aos-delay=\"300\" class=\"box-right\">\n         <div class=\"box-a\">\n                                        <h2>Assurance<br\/>Qualit\u00e9<\/h2>\n                                 <ul class=\"lista\">\n<li><a href=\"https:\/\/glinik.dev10.pro\/fr\/zapewnienie-jakosci\/#certyfikaty\">Certificats<\/a><\/li>\n<li><a href=\"https:\/\/glinik.dev10.pro\/fr\/zapewnienie-jakosci\/#labolatorium\">Laboratoire<\/a><\/li>\n<\/ul>\n             <\/div>\n            <img decoding=\"async\" src=\"https:\/\/glinik.dev10.pro\/wp-content\/uploads\/2021\/08\/IMG_2260-lab-1024x880.jpg\" alt=\"\">\n\n        <\/div>\n<\/div>\n","protected":false},"excerpt":{"rendered":"<p>Technologie Nous avons constamment chang\u00e9 et cr\u00e9\u00e9 des tendances. L\u2019\u00e9quipe d\u2019ing\u00e9nieurs de Glinik d\u00e9veloppe des projets avanc\u00e9s en Recherche &amp; D\u00e9veloppement orient\u00e9s vers des solutions innovantes &amp; performantes. D\u00e9p\u00f4t Laser Syst\u00e8me de roulement Syst\u00e8me de nettoyage<\/p>\n","protected":false},"author":1,"featured_media":0,"parent":0,"menu_order":0,"comment_status":"closed","ping_status":"closed","template":"page-full.php","meta":{"footnotes":""},"class_list":["post-9197","page","type-page","status-publish","hentry"],"acf":[],"_links":{"self":[{"href":"https:\/\/glinik.dev10.pro\/fr\/wp-json\/wp\/v2\/pages\/9197","targetHints":{"allow":["GET"]}}],"collection":[{"href":"https:\/\/glinik.dev10.pro\/fr\/wp-json\/wp\/v2\/pages"}],"about":[{"href":"https:\/\/glinik.dev10.pro\/fr\/wp-json\/wp\/v2\/types\/page"}],"author":[{"embeddable":true,"href":"https:\/\/glinik.dev10.pro\/fr\/wp-json\/wp\/v2\/users\/1"}],"replies":[{"embeddable":true,"href":"https:\/\/glinik.dev10.pro\/fr\/wp-json\/wp\/v2\/comments?post=9197"}],"version-history":[{"count":6,"href":"https:\/\/glinik.dev10.pro\/fr\/wp-json\/wp\/v2\/pages\/9197\/revisions"}],"predecessor-version":[{"id":9442,"href":"https:\/\/glinik.dev10.pro\/fr\/wp-json\/wp\/v2\/pages\/9197\/revisions\/9442"}],"wp:attachment":[{"href":"https:\/\/glinik.dev10.pro\/fr\/wp-json\/wp\/v2\/media?parent=9197"}],"curies":[{"name":"wp","href":"https:\/\/api.w.org\/{rel}","templated":true}]}}