{"id":9211,"date":"2021-05-17T05:33:58","date_gmt":"2021-05-17T03:33:58","guid":{"rendered":"https:\/\/glinik.dev10.pro\/zapewnienie-jakosci\/"},"modified":"2023-10-09T13:35:39","modified_gmt":"2023-10-09T11:35:39","slug":"zapewnienie-jakosci","status":"publish","type":"page","link":"https:\/\/glinik.dev10.pro\/fr\/zapewnienie-jakosci\/","title":{"rendered":"Assurance Qualit\u00e9"},"content":{"rendered":"\n<div class=\"wp-block-group alignfull\" id=\"labolatorium\"><div class=\"wp-block-group__inner-container is-layout-flow wp-block-group-is-layout-flow\">\n<div class=\"slider-typ-3\">\n     <div class=\"container-full\">\n                    <ul id=\"lightSlider6\">\n                                    <li>\n\n                    <div  data-aos=\"zoom-in\" data-aos-duration=\"300\" data-aos-delay=\"300\"  class=\"img-1\">\n                        <img decoding=\"async\" src=\"https:\/\/glinik.dev10.pro\/wp-content\/uploads\/2021\/08\/IMG_3784-1024x755.jpg\" alt=\"\">\n                    <\/div>\n\n\n                    <div data-aos=\"fade-left\" data-aos-duration=\"300\" data-aos-delay=\"300\" class=\"box-left\">\n\n                            <h2>Laboratoire<\/h2>\n                            <p>Le maintien du standard de qualit\u00e9 le plus \u00e9lev\u00e9 n\u00e9cessite la v\u00e9rification des caract\u00e9ristiques choisies dans un environnement contr\u00f4l\u00e9.<br \/>\nGlinik g\u00e8re son propre laboratoire et coop\u00e8re avec des organismes de certification accr\u00e9dit\u00e9s. Les domaines de recherche comprennent l&rsquo;analyse m\u00e9tallographique, la r\u00e9sistance des mat\u00e9riaux et la composition chimique, \u00e0 l&rsquo;aide d&rsquo;\u00e9quipements de laboratoire de pointe.<\/p>\n                            \n                     <\/div>\n\n                <\/li>\n\n\n\n                 \n                \n            <\/ul>\n            <div id=\"myPager6\"><\/div>\n\n        <\/div>\n<\/div>\n<\/div><\/div>\n\n\n\n<div class=\"wp-block-group alignfull\" id=\"certyfikaty\"><div class=\"wp-block-group__inner-container is-layout-flow wp-block-group-is-layout-flow\">\n<div class=\"slider-typ-4\">\n                    <ul id=\"lightSlider7\">\n                                    <li>\n\n\n                    <div data-aos=\"fade-left\" data-aos-duration=\"300\" data-aos-delay=\"300\" class=\"box-left\">\n\n                            <h2>ISO 9001<\/h2>\n                            <p>La certification API Q1 et ISO 9001 de Glinik garantit que notre entreprise op\u00e8re selon les normes les plus rigoureuses d&rsquo;un syst\u00e8me de gestion de la qualit\u00e9 pour la conception, la fabrication, la r\u00e9paration et la remise \u00e0 neuf des outils de forage.<\/p>\n                                                            <a target=\"blank\" data-aos=\"fade-right\" data-aos-duration=\"500\" data-aos-delay=\"300\" class=\"more\" href=\"https:\/\/glinik.dev10.pro\/wp-content\/uploads\/2023\/08\/Certificate-ISO-0195_20230719114444-2.pdf\">T\u00e9l\u00e9charger les certificats<\/a>\n                            \n                     <\/div>\n\n                     <div  data-aos=\"zoom-in\" data-aos-duration=\"300\" data-aos-delay=\"300\"  class=\"img-1\">\n                        <img decoding=\"async\" src=\"https:\/\/glinik.dev10.pro\/wp-content\/uploads\/2023\/07\/Certificate-ISO-0195_20230719114444-2_page-0001-790x1024.jpg\" alt=\"\">\n                    <\/div>\n\n                <\/li>\n\n\n\n                 \n                                    <li>\n\n\n                    <div data-aos=\"fade-left\" data-aos-duration=\"300\" data-aos-delay=\"300\" class=\"box-left\">\n\n                            <h2>Certification API Q1<\/h2>\n                            <p>Glinik est autoris\u00e9 \u00e0 appliquer la marque d\u00e9pos\u00e9e du monogramme API \u00e0 ses stabilisateurs, connexions rotatives filet\u00e9es, outils PDC, roller c\u00f4nes et connecteurs r\u00e9pondant \u00e0 la sp\u00e9cification API Q1 spec 7-1<\/p>\n                                                            <a target=\"blank\" data-aos=\"fade-right\" data-aos-duration=\"500\" data-aos-delay=\"300\" class=\"more\" href=\"https:\/\/glinik.dev10.pro\/wp-content\/uploads\/2023\/08\/Certificate-Q1-1436_20230719114343-2.pdf\">T\u00e9l\u00e9charger les certificats<\/a>\n                            \n                     <\/div>\n\n                     <div  data-aos=\"zoom-in\" data-aos-duration=\"300\" data-aos-delay=\"300\"  class=\"img-1\">\n                        <img decoding=\"async\" src=\"https:\/\/glinik.dev10.pro\/wp-content\/uploads\/2023\/07\/Certificate-Q1-1436_20230719114343-2_page-0001-790x1024.jpg\" alt=\"\">\n                    <\/div>\n\n                <\/li>\n\n\n\n                 \n                                    <li>\n\n\n                    <div data-aos=\"fade-left\" data-aos-duration=\"300\" data-aos-delay=\"300\" class=\"box-left\">\n\n                            <h2>Am\u00e9lioration continue<\/h2>\n                            <p>L&rsquo;am\u00e9lioration continue des processus, inh\u00e9rente \u00e0 notre syst\u00e8me de gestion de la qualit\u00e9, garantit la satisfaction des exigences les plus strictes de notre client.<\/p>\n                                                            <a target=\"blank\" data-aos=\"fade-right\" data-aos-duration=\"500\" data-aos-delay=\"300\" class=\"more\" href=\"\">T\u00e9l\u00e9charger les certificats<\/a>\n                            \n                     <\/div>\n\n                     <div  data-aos=\"zoom-in\" data-aos-duration=\"300\" data-aos-delay=\"300\"  class=\"img-1\">\n                        <img decoding=\"async\" src=\"https:\/\/glinik.dev10.pro\/wp-content\/uploads\/2023\/07\/Certificate-7-1-0307_20230719114235-2_page-0001-1024x791.jpg\" alt=\"\">\n                    <\/div>\n\n                <\/li>\n\n\n\n                 \n                \n            <\/ul>\n            <div id=\"myPager7\"><\/div>\n        <\/div>\n<\/div><\/div>\n","protected":false},"excerpt":{"rendered":"","protected":false},"author":1,"featured_media":0,"parent":0,"menu_order":0,"comment_status":"closed","ping_status":"closed","template":"page-full.php","meta":{"footnotes":""},"class_list":["post-9211","page","type-page","status-publish","hentry"],"acf":[],"_links":{"self":[{"href":"https:\/\/glinik.dev10.pro\/fr\/wp-json\/wp\/v2\/pages\/9211","targetHints":{"allow":["GET"]}}],"collection":[{"href":"https:\/\/glinik.dev10.pro\/fr\/wp-json\/wp\/v2\/pages"}],"about":[{"href":"https:\/\/glinik.dev10.pro\/fr\/wp-json\/wp\/v2\/types\/page"}],"author":[{"embeddable":true,"href":"https:\/\/glinik.dev10.pro\/fr\/wp-json\/wp\/v2\/users\/1"}],"replies":[{"embeddable":true,"href":"https:\/\/glinik.dev10.pro\/fr\/wp-json\/wp\/v2\/comments?post=9211"}],"version-history":[{"count":15,"href":"https:\/\/glinik.dev10.pro\/fr\/wp-json\/wp\/v2\/pages\/9211\/revisions"}],"predecessor-version":[{"id":10028,"href":"https:\/\/glinik.dev10.pro\/fr\/wp-json\/wp\/v2\/pages\/9211\/revisions\/10028"}],"wp:attachment":[{"href":"https:\/\/glinik.dev10.pro\/fr\/wp-json\/wp\/v2\/media?parent=9211"}],"curies":[{"name":"wp","href":"https:\/\/api.w.org\/{rel}","templated":true}]}}