{"id":9231,"date":"2021-05-13T14:25:30","date_gmt":"2021-05-13T12:25:30","guid":{"rendered":"https:\/\/glinik.dev10.pro\/rozwoj\/"},"modified":"2023-07-03T07:42:57","modified_gmt":"2023-07-03T05:42:57","slug":"rozwoj","status":"publish","type":"page","link":"https:\/\/glinik.dev10.pro\/fr\/rozwoj\/","title":{"rendered":"D\u00c9VELOPPEMENT"},"content":{"rendered":"\n<div class=\"slider-typ-1 \" >\n    <div class=\"container-full\">\n                    <ul id=\"lightSlider3\">\n                                    <li>\n                    <div class=\"img-1\">\n                        <img decoding=\"async\" src=\"https:\/\/glinik.dev10.pro\/wp-content\/uploads\/2021\/06\/Laser-1-min-1024x1024.png\" alt=\"\">\n                    <\/div>\n\n                    <div data-aos=\"fade-left\" data-aos-duration=\"300\" data-aos-delay=\"300\" class=\"box-right\">\n\n                            <h2>Projet de rev\u00eatement laser<\/h2>\n                            <p>Les exigences croissantes des op\u00e9rateurs de forage, les objectifs de performance et les demandes d&rsquo;optimisation des co\u00fbts qui en d\u00e9coulent sont les points de d\u00e9part de l&rsquo;\u00e9quipe LEAN Management de Glinik. L&rsquo;utilisation des techniques les plus efficaces comme les id\u00e9es Kaizen rapport\u00e9es par chaque employ\u00e9, la cartographie complexe des flux de valeur pour optimiser les processus, contribuent \u00e0 une am\u00e9lioration continue des processus de production, mais aussi \u00e0 la documentation compl\u00e8te du flux d&rsquo;informations d\u00e8s l\u2019enregistrement des besoins jusqu\u2019\u00e0 la livraison des outils au client.<\/p>\n                            \n                     <\/div>\n                <\/li>\n\n\n\n                 \n                \n            <\/ul>\n            <div id=\"myPager3\"><\/div>\n\n        <\/div>\n<\/div>\n\n\n\n<div class=\"slider-typ-2\">\n\n                    <ul id=\"lightSlider5\">\n                                    <li>\n\n\n                    <div data-aos=\"fade-left\" data-aos-duration=\"300\" data-aos-delay=\"300\" class=\"box-left\">\n                        <div class=\"bg\">\n\n                            <h2>LEAN<\/h2>\n                            <p>Les exigences croissantes des op\u00e9rateurs de forage, les objectifs de performance et les demandes d&rsquo;optimisation des co\u00fbts qui en d\u00e9coulent sont les points de d\u00e9part de l&rsquo;\u00e9quipe LEAN Management de Glinik. L&rsquo;utilisation des techniques les plus efficaces comme les id\u00e9es Kaizen rapport\u00e9es par chaque employ\u00e9, la cartographie complexe des flux de valeur pour optimiser les processus, contribuent \u00e0 une am\u00e9lioration continue des processus de production, mais aussi \u00e0 la documentation compl\u00e8te du flux d&rsquo;informations d\u00e8s l\u2019enregistrement des besoins jusqu\u2019\u00e0 la livraison des outils au client.<\/p>\n                                                        <\/div>\n                     <\/div>\n                     <div  data-aos=\"zoom-in\" data-aos-duration=\"300\" data-aos-delay=\"300\"  class=\"img-1\">\n                        <img decoding=\"async\" src=\"https:\/\/glinik.dev10.pro\/wp-content\/uploads\/2021\/05\/projekt-lean-1024x606.jpg\" alt=\"Projekt Lean i Kaizen\">\n                    <\/div>\n                <\/li>\n\n\n\n                 \n                                    <li>\n\n\n                    <div data-aos=\"fade-left\" data-aos-duration=\"300\" data-aos-delay=\"300\" class=\"box-left\">\n                        <div class=\"bg\">\n\n                            <h2>Am\u00e9lioration continue<\/h2>\n                            <p>L&rsquo;engagement de l&rsquo;\u00e9quipe de direction, des experts LEAN et de chaque employ\u00e9 de production garantit la r\u00e9ussite de la mise en \u0153uvre des projets d&rsquo;am\u00e9lioration continue. Cela a un impact direct sur le traitement professionnel et fiable des donn\u00e9es et sur la qualit\u00e9 du produit final.<\/p>\n                                                        <\/div>\n                     <\/div>\n                     <div  data-aos=\"zoom-in\" data-aos-duration=\"300\" data-aos-delay=\"300\"  class=\"img-1\">\n                        <img decoding=\"async\" src=\"https:\/\/glinik.dev10.pro\/wp-content\/uploads\/2021\/06\/MG_0882.jpg\" alt=\"\">\n                    <\/div>\n                <\/li>\n\n\n\n                 \n                \n            <\/ul>\n            <div id=\"myPager5\"><\/div>\n        \n<\/div>\n","protected":false},"excerpt":{"rendered":"","protected":false},"author":1,"featured_media":0,"parent":0,"menu_order":0,"comment_status":"closed","ping_status":"closed","template":"page-full.php","meta":{"footnotes":""},"class_list":["post-9231","page","type-page","status-publish","hentry"],"acf":[],"_links":{"self":[{"href":"https:\/\/glinik.dev10.pro\/fr\/wp-json\/wp\/v2\/pages\/9231","targetHints":{"allow":["GET"]}}],"collection":[{"href":"https:\/\/glinik.dev10.pro\/fr\/wp-json\/wp\/v2\/pages"}],"about":[{"href":"https:\/\/glinik.dev10.pro\/fr\/wp-json\/wp\/v2\/types\/page"}],"author":[{"embeddable":true,"href":"https:\/\/glinik.dev10.pro\/fr\/wp-json\/wp\/v2\/users\/1"}],"replies":[{"embeddable":true,"href":"https:\/\/glinik.dev10.pro\/fr\/wp-json\/wp\/v2\/comments?post=9231"}],"version-history":[{"count":2,"href":"https:\/\/glinik.dev10.pro\/fr\/wp-json\/wp\/v2\/pages\/9231\/revisions"}],"predecessor-version":[{"id":9239,"href":"https:\/\/glinik.dev10.pro\/fr\/wp-json\/wp\/v2\/pages\/9231\/revisions\/9239"}],"wp:attachment":[{"href":"https:\/\/glinik.dev10.pro\/fr\/wp-json\/wp\/v2\/media?parent=9231"}],"curies":[{"name":"wp","href":"https:\/\/api.w.org\/{rel}","templated":true}]}}