{"id":9250,"date":"2021-05-12T11:00:28","date_gmt":"2021-05-12T09:00:28","guid":{"rendered":"https:\/\/glinik.dev10.pro\/zespol\/"},"modified":"2023-07-10T15:55:29","modified_gmt":"2023-07-10T13:55:29","slug":"zespol","status":"publish","type":"page","link":"https:\/\/glinik.dev10.pro\/fr\/zespol\/","title":{"rendered":"\u00c9quipe"},"content":{"rendered":"<div class=\"pracownik\">\n    <div class=\"container-full\">\n            <h2>Notre atout et notre valeur, ce sont nos collaborateurs.<br>Leurs connaissances, leur exp\u00e9rience et leur passion.<\/h2>\n                            <ul>\n                                    <li>\n                    <div data-aos=\"zoom-in\" data-aos-duration=\"300\" data-aos-delay=\"300\"  class=\"img-1\">\n                        <img decoding=\"async\" src=\"https:\/\/glinik.dev10.pro\/wp-content\/uploads\/2021\/06\/G.-Sidor-e1629976533468-500x456.jpg\" alt=\"\">\n                    <\/div>\n\n                    <div data-aos=\"fade-left\" data-aos-duration=\"300\" data-aos-delay=\"300\" class=\"box-right\">\n\n                            <h2>Grzegorz Sidor<\/h2>\n                            <h3>Pr\u00e9sident du conseil d\u2019administration<\/h3>\n                            <p>Dipl\u00f4m\u00e9 de l\u2019universit\u00e9 de technologie Ignacy \u0141ukasiewicz de Rzesz\u00f3w et de l\u2019acad\u00e9mie de Leon Ko\u017ami\u0144ski de Varsovie (MBA) . Il a d\u00e9but\u00e9 sa carri\u00e8re professionnelle comme sp\u00e9cialiste informatique (SAP) chez EADS PZL Warszawa-Ok\u0119cie. En 2003, il rejoint WSK Rzesz\u00f3w (devenu Pratt &#038; Whitney), comme consultant SAP, puis acc\u00e8de \u00e0 des postes de direction et devient manager du programme d\u2019implantation de la production des composants du moteur PW800 en Pologne. En 2011, il devient Directeur planification et logistique chez PZL Mielec (Sikorsky, 2011). En 2015, il prend le poste de Directeur des op\u00e9rations de l\u2019usine Sikorsky\/Lockheed Martin \u00e0 Mielec. Depuis 2019, il est le Pr\u00e9sident du conseil d\u2019administration de NiUW Glinik \u00e0 Gorlice.<\/p>\n\n                     <\/div>\n                <\/li>\n                           <li>\n                    <div data-aos=\"zoom-in\" data-aos-duration=\"300\" data-aos-delay=\"300\"  class=\"img-1\">\n                        <img decoding=\"async\" src=\"https:\/\/glinik.dev10.pro\/wp-content\/uploads\/2021\/06\/IMG_3033a-\u2014-gotowe-e1629976581697-500x404.jpeg\" alt=\"\">\n                    <\/div>\n\n                    <div data-aos=\"fade-left\" data-aos-duration=\"300\" data-aos-delay=\"300\" class=\"box-right\">\n\n                            <h2>Wojciech Tomkiewicz<\/h2>\n                            <h3>Vice Pr\u00e9sident du conseil d\u2019administration<\/h3>\n                            <p>Dipl\u00f4m\u00e9 de l\u2019universit\u00e9 d\u2019\u00e9conomie de Cracovie. Sa carri\u00e8re professionnelle a commenc\u00e9 il y a 20 ans chez Carrefour Polska comme comptable. Puis, il a travaill\u00e9 pour : BDO Polska \u2013 comme consultant, Kronospan Polska \u2013 comme auditeur interne, Masonite PL Polska \u2013 comme Directeur Financier, Mandataire. Ensuite, il a \u00e9t\u00e9 le Directeur Financier et membre du comit\u00e9 de Direction chez Mercator Medical S.A, qu\u2019il a pr\u00e9par\u00e9 \u00e0 la mise sur le march\u00e9 du Warsaw Stock Exchange. Pendant qu\u2019il travaillait dans les soci\u00e9t\u00e9s pr\u00e9c\u00e9demment mentionn\u00e9es, il a travaill\u00e9 dans plusieurs pays comme la Russie, l\u2019Ukraine, la Tha\u00eflande, la Roumanie, la Hongrie, la Turquie et l\u2019Isra\u00ebl. Il est sp\u00e9cialis\u00e9 dans le d\u00e9veloppement de strat\u00e9gies financi\u00e8res, de proc\u00e9dures de contr\u00f4le et de la restructuration financi\u00e8re d\u2019entreprises. Ses passions sont la culture et les coutumes des pays d\u2019Asie du Sud-Est et la m\u00e9decine &#8211; autre que celle acad\u00e9mique.<\/p>\n\n                     <\/div>\n                <\/li>\n        <\/ul>\n <\/div>\n<\/div>\n\n\n<div class=\"pracownik pracownik-slider \">\n    <div class=\"container-full\">\n                    <h2>\u00c9QUIPE<\/h2>\n                            <ul id=\"pracownik-slider\">\n                                    <li>\n                        <div data-aos=\"zoom-in\" data-aos-duration=\"300\" data-aos-delay=\"300\" class=\"box-img\">\n                            <div class=\"p-desc\">\n                               <span class=\"p-hidden\">\n                               <h2>Jacek Szpyrka<\/h2>\n                                   <p>Directeur Technique<\/p>\n                                <\/span>\n                                <img decoding=\"async\" src=\"https:\/\/glinik.dev10.pro\/wp-content\/uploads\/2023\/01\/1-scaled-e1673958406880-482x500.jpg\"\n                                     alt=\"\">\n                            <\/div>\n                            <div class=\"block-b\">\n                                <h2>Jacek Szpyrka<\/h2>\n                                <h3><\/h3>\n\n                            <\/div>\n                        <\/div>\n\n\n                    <\/li>\n                                    <li>\n                        <div data-aos=\"zoom-in\" data-aos-duration=\"300\" data-aos-delay=\"300\" class=\"box-img\">\n                            <div class=\"p-desc\">\n                               <span class=\"p-hidden\">\n                               <h2>Pawe\u0142 Rzepiela<\/h2>\n                                   <p>Responsable Traitement Thermique<\/p>\n                                <\/span>\n                                <img decoding=\"async\" src=\"https:\/\/glinik.dev10.pro\/wp-content\/uploads\/2021\/08\/IMG_3142a-scaled-e1629980487627-468x500.jpg\"\n                                     alt=\"\">\n                            <\/div>\n                            <div class=\"block-b\">\n                                <h2>Pawe\u0142 Rzepiela<\/h2>\n                                <h3><\/h3>\n\n                            <\/div>\n                        <\/div>\n\n\n                    <\/li>\n                                    <li>\n                        <div data-aos=\"zoom-in\" data-aos-duration=\"300\" data-aos-delay=\"300\" class=\"box-img\">\n                            <div class=\"p-desc\">\n                               <span class=\"p-hidden\">\n                               <h2>Katarzyna Kolarzyk<\/h2>\n                                   <p>Responsable Service des Ventes<\/p>\n                                <\/span>\n                                <img decoding=\"async\" src=\"https:\/\/glinik.dev10.pro\/wp-content\/uploads\/2021\/09\/IMG_KK-scaled-e1632226939589-500x474.jpg\"\n                                     alt=\"\">\n                            <\/div>\n                            <div class=\"block-b\">\n                                <h2>Katarzyna Kolarzyk<\/h2>\n                                <h3><\/h3>\n\n                            <\/div>\n                        <\/div>\n\n\n                    <\/li>\n                                    <li>\n                        <div data-aos=\"zoom-in\" data-aos-duration=\"300\" data-aos-delay=\"300\" class=\"box-img\">\n                            <div class=\"p-desc\">\n                               <span class=\"p-hidden\">\n                               <h2>Daniel Urz\u0119dowski<\/h2>\n                                   <p>Responsable Qualit\u00e9<\/p>\n                                <\/span>\n                                <img decoding=\"async\" src=\"https:\/\/glinik.dev10.pro\/wp-content\/uploads\/2021\/08\/011-e1629980351287-455x500.jpg\"\n                                     alt=\"\">\n                            <\/div>\n                            <div class=\"block-b\">\n                                <h2>Daniel Urz\u0119dowski<\/h2>\n                                <h3><\/h3>\n\n                            <\/div>\n                        <\/div>\n\n\n                    <\/li>\n                                    <li>\n                        <div data-aos=\"zoom-in\" data-aos-duration=\"300\" data-aos-delay=\"300\" class=\"box-img\">\n                            <div class=\"p-desc\">\n                               <span class=\"p-hidden\">\n                               <h2>Iwona Dyl\u0105g<\/h2>\n                                   <p>Responsable de Projets<\/p>\n                                <\/span>\n                                <img decoding=\"async\" src=\"https:\/\/glinik.dev10.pro\/wp-content\/uploads\/2023\/03\/013-1-e1678185999536-498x500.jpg\"\n                                     alt=\"\">\n                            <\/div>\n                            <div class=\"block-b\">\n                                <h2>Iwona Dyl\u0105g<\/h2>\n                                <h3><\/h3>\n\n                            <\/div>\n                        <\/div>\n\n\n                    <\/li>\n                                    <li>\n                        <div data-aos=\"zoom-in\" data-aos-duration=\"300\" data-aos-delay=\"300\" class=\"box-img\">\n                            <div class=\"p-desc\">\n                               <span class=\"p-hidden\">\n                               <h2>Iwona \u0141abno<\/h2>\n                                   <p>Responsable Service Logistique<\/p>\n                                <\/span>\n                                <img decoding=\"async\" src=\"https:\/\/glinik.dev10.pro\/wp-content\/uploads\/2023\/03\/DSC02109a-scaled-e1678185409162-500x441.jpg\"\n                                     alt=\"\">\n                            <\/div>\n                            <div class=\"block-b\">\n                                <h2>Iwona \u0141abno<\/h2>\n                                <h3><\/h3>\n\n                            <\/div>\n                        <\/div>\n\n\n                    <\/li>\n                                    <li>\n                        <div data-aos=\"zoom-in\" data-aos-duration=\"300\" data-aos-delay=\"300\" class=\"box-img\">\n                            <div class=\"p-desc\">\n                               <span class=\"p-hidden\">\n                               <h2>Piotr Jarocha<\/h2>\n                                   <p>Responsable de Production<\/p>\n                                <\/span>\n                                <img decoding=\"async\" src=\"https:\/\/glinik.dev10.pro\/wp-content\/uploads\/2023\/03\/DSC02067a-scaled-e1678185528969-498x500.jpg\"\n                                     alt=\"\">\n                            <\/div>\n                            <div class=\"block-b\">\n                                <h2>Piotr Jarocha<\/h2>\n                                <h3><\/h3>\n\n                            <\/div>\n                        <\/div>\n\n\n                    <\/li>\n                            <\/ul>\n            <div id=\"myPager4\"><\/div>\n                    <\/div>\n<\/div>\n","protected":false},"excerpt":{"rendered":"","protected":false},"author":1,"featured_media":0,"parent":0,"menu_order":0,"comment_status":"closed","ping_status":"closed","template":"page-full.php","meta":{"footnotes":""},"class_list":["post-9250","page","type-page","status-publish","hentry"],"acf":[],"_links":{"self":[{"href":"https:\/\/glinik.dev10.pro\/fr\/wp-json\/wp\/v2\/pages\/9250","targetHints":{"allow":["GET"]}}],"collection":[{"href":"https:\/\/glinik.dev10.pro\/fr\/wp-json\/wp\/v2\/pages"}],"about":[{"href":"https:\/\/glinik.dev10.pro\/fr\/wp-json\/wp\/v2\/types\/page"}],"author":[{"embeddable":true,"href":"https:\/\/glinik.dev10.pro\/fr\/wp-json\/wp\/v2\/users\/1"}],"replies":[{"embeddable":true,"href":"https:\/\/glinik.dev10.pro\/fr\/wp-json\/wp\/v2\/comments?post=9250"}],"version-history":[{"count":5,"href":"https:\/\/glinik.dev10.pro\/fr\/wp-json\/wp\/v2\/pages\/9250\/revisions"}],"predecessor-version":[{"id":9448,"href":"https:\/\/glinik.dev10.pro\/fr\/wp-json\/wp\/v2\/pages\/9250\/revisions\/9448"}],"wp:attachment":[{"href":"https:\/\/glinik.dev10.pro\/fr\/wp-json\/wp\/v2\/media?parent=9250"}],"curies":[{"name":"wp","href":"https:\/\/api.w.org\/{rel}","templated":true}]}}