{"id":9297,"date":"2021-07-14T10:55:05","date_gmt":"2021-07-14T08:55:05","guid":{"rendered":"https:\/\/glinik.dev10.pro\/regeneracja-poszerzaczy\/"},"modified":"2023-07-03T10:49:13","modified_gmt":"2023-07-03T08:49:13","slug":"regeneracja-poszerzaczy","status":"publish","type":"page","link":"https:\/\/glinik.dev10.pro\/fr\/regeneracja-poszerzaczy\/","title":{"rendered":"R\u00e9paration des \u00e9largisseurs"},"content":{"rendered":"\n<figure class=\"wp-block-image size-large\"><img decoding=\"async\" src=\"blob:https:\/\/glinik.dev10.pro\/38cd85af-aa6d-40fe-9a52-d0c965c772e1\" alt=\"\"\/><\/figure>\n\n\n<div class=\"container-full\">\n<div class=\"box-txt-1\">\n    \n    <div data-aos=\"zoom-in\" data-aos-duration=\"500\" data-aos-delay=\"500\" class=\"box-left\">\n         <img decoding=\"async\" src=\"https:\/\/glinik.dev10.pro\/wp-content\/uploads\/2021\/07\/Zrzut-ekranu-2021-07-15-o-15.03.20-min-500x452.png\" alt=\"\">\n    <\/div>\n    <div data-aos=\"fade-up\" data-aos-duration=\"500\" data-aos-delay=\"500\"  class=\"box-right\">\n        <h2 >Regeneration<br>of hole openers<\/h2>\n          <p>Glinik offre un service de r\u00e9g\u00e9n\u00e9ration et de r\u00e9paration professionnelles des outils de forage afin de r\u00e9duire le co\u00fbt des op\u00e9rations pour ses clients. Nous sommes pr\u00eats \u00e0 r\u00e9parer les outils de forage fabriqu\u00e9s par Glinik, ainsi que ceux des autres fabricants. Chaque outil livr\u00e9 pour la r\u00e9g\u00e9n\u00e9ration est v\u00e9rifi\u00e9 pour identifier les d\u00e9fauts cach\u00e9s. Sur la base de cette \u00e9valuation, l&rsquo;\u00e9tendue des travaux de r\u00e9paration est d\u00e9termin\u00e9e. Apr\u00e8s une analyse approfondie, le client est contact\u00e9 pour lui communiquer les informations compl\u00e8tes de l\u2019analyse, le co\u00fbt et le d\u00e9lai des travaux de r\u00e9g\u00e9n\u00e9ration.<\/p>\n             <\/div>\n\n<\/div>\n\n         <\/div>\n\n\n<div class=\"wp-block-group alignwide container-m\"><div class=\"wp-block-group__inner-container is-layout-flow wp-block-group-is-layout-flow\">\n<p><\/p>\n\n\n\n<h2 class=\"wp-block-heading\"><\/h2>\n\n\n\n<p><\/p>\n<\/div><\/div>\n","protected":false},"excerpt":{"rendered":"","protected":false},"author":2,"featured_media":9299,"parent":0,"menu_order":0,"comment_status":"closed","ping_status":"closed","template":"page-full.php","meta":{"footnotes":""},"class_list":["post-9297","page","type-page","status-publish","has-post-thumbnail","hentry"],"acf":[],"_links":{"self":[{"href":"https:\/\/glinik.dev10.pro\/fr\/wp-json\/wp\/v2\/pages\/9297","targetHints":{"allow":["GET"]}}],"collection":[{"href":"https:\/\/glinik.dev10.pro\/fr\/wp-json\/wp\/v2\/pages"}],"about":[{"href":"https:\/\/glinik.dev10.pro\/fr\/wp-json\/wp\/v2\/types\/page"}],"author":[{"embeddable":true,"href":"https:\/\/glinik.dev10.pro\/fr\/wp-json\/wp\/v2\/users\/2"}],"replies":[{"embeddable":true,"href":"https:\/\/glinik.dev10.pro\/fr\/wp-json\/wp\/v2\/comments?post=9297"}],"version-history":[{"count":2,"href":"https:\/\/glinik.dev10.pro\/fr\/wp-json\/wp\/v2\/pages\/9297\/revisions"}],"predecessor-version":[{"id":9303,"href":"https:\/\/glinik.dev10.pro\/fr\/wp-json\/wp\/v2\/pages\/9297\/revisions\/9303"}],"wp:featuredmedia":[{"embeddable":true,"href":"https:\/\/glinik.dev10.pro\/fr\/wp-json\/wp\/v2\/media\/9299"}],"wp:attachment":[{"href":"https:\/\/glinik.dev10.pro\/fr\/wp-json\/wp\/v2\/media?parent=9297"}],"curies":[{"name":"wp","href":"https:\/\/api.w.org\/{rel}","templated":true}]}}