{"id":9339,"date":"2021-09-28T09:16:57","date_gmt":"2021-09-28T07:16:57","guid":{"rendered":"https:\/\/glinik.dev10.pro\/do-pobrania\/"},"modified":"2023-10-09T13:36:46","modified_gmt":"2023-10-09T11:36:46","slug":"do-pobrania","status":"publish","type":"page","link":"https:\/\/glinik.dev10.pro\/fr\/do-pobrania\/","title":{"rendered":"T\u00c9L\u00c9CHARGER"},"content":{"rendered":"\n<div class=\"wp-block-group container-full mt-100\"><div class=\"wp-block-group__inner-container is-layout-flow wp-block-group-is-layout-flow\">\n<ul class=\"lista wp-block-list\"><li><a href=\"https:\/\/glinik.dev10.pro\/wp-content\/uploads\/2021\/10\/Glinik_Drilling_Tools_api.vevioz.com_360p_f18-1.mp4\" data-type=\"URL\" data-id=\"https:\/\/glinik.dev10.pro\/wp-content\/uploads\/2021\/10\/Glinik_Drilling_Tools_api.vevioz.com_360p_f18-1.mp4\">Film<\/a><\/li><li><a href=\"https:\/\/glinik.dev10.pro\/wp-content\/uploads\/2021\/10\/katalog-2021-v1_PL_compressed-1_compressed.pdf\" data-type=\"URL\" data-id=\"https:\/\/glinik.dev10.pro\/wp-content\/uploads\/2021\/10\/katalog-2021-v1_PL_compressed-1_compressed.pdf\">Katalog 2021<\/a><\/li><li><a href=\"https:\/\/glinik.dev10.pro\/wp-content\/uploads\/2021\/07\/Hydrogeologia-PL.pdf\" data-type=\"URL\" data-id=\"https:\/\/glinik.dev10.pro\/wp-content\/uploads\/2021\/07\/Hydrogeologia-PL.pdf\">Katalog Hydrogeologia<\/a><\/li><li><a href=\"https:\/\/glinik.dev10.pro\/wp-content\/uploads\/2021\/07\/Oil-Gas-PL.pdf\" data-type=\"URL\" data-id=\"https:\/\/glinik.dev10.pro\/wp-content\/uploads\/2021\/07\/Oil-Gas-PL.pdf\">Katalog Energia i Geotermia<\/a><\/li><li><a href=\"https:\/\/glinik.dev10.pro\/wp-content\/uploads\/2021\/07\/HDD-PL.pdf\" data-type=\"URL\" data-id=\"https:\/\/glinik.dev10.pro\/wp-content\/uploads\/2021\/07\/HDD-PL.pdf\">Katalog HDD<\/a><\/li><li><a href=\"https:\/\/glinik.dev10.pro\/wp-content\/uploads\/2021\/07\/Geotechnika-PL-1.pdf\" data-type=\"URL\" data-id=\"https:\/\/glinik.dev10.pro\/wp-content\/uploads\/2021\/07\/Geotechnika-PL-1.pdf\">Katalog Geotechnika <\/a><\/li><li><a href=\"https:\/\/glinik.dev10.pro\/wp-content\/uploads\/2021\/07\/Mineraly-PL.pdf\" data-type=\"URL\" data-id=\"https:\/\/glinik.dev10.pro\/wp-content\/uploads\/2021\/07\/Mineraly-PL.pdf\">Katalog Minera\u0142<\/a>y<\/li><li><a href=\"https:\/\/glinik.dev10.pro\/wp-content\/uploads\/2023\/09\/certyfikaty_23-1.zip\">Certyfikaty<\/a><\/li><li><a href=\"https:\/\/glinik.dev10.pro\/wp-content\/uploads\/2021\/10\/polityka-prywatnosci-niuw.pdf\" data-type=\"URL\" data-id=\"https:\/\/glinik.dev10.pro\/wp-content\/uploads\/2021\/10\/polityka-prywatnosci-niuw.pdf\">Polityka Prywatno\u015bci<\/a><\/li><li><a href=\"https:\/\/glinik.dev10.pro\/wp-content\/uploads\/2022\/07\/OWU-NiUW-GLINIK-2022-jezyk-polski.pdf\" data-type=\"URL\" data-id=\"https:\/\/glinik.dev10.pro\/wp-content\/uploads\/2022\/07\/OWU-NiUW-GLINIK-2022-jezyk-polski.pdf\">Og\u00f3lne Warunki Sprzeda\u017cy<\/a><\/li><li><a href=\"https:\/\/glinik.dev10.pro\/wp-content\/uploads\/2021\/10\/ogolne-warunki-zakupu-6.pdf\" data-type=\"URL\" data-id=\"https:\/\/glinik.dev10.pro\/wp-content\/uploads\/2021\/10\/ogolne-warunki-zakupu-6.pdf\">Og\u00f3lne Warunki Zakupu<\/a><\/li><li><a href=\"https:\/\/glinik.dev10.pro\/wp-content\/uploads\/2021\/10\/ogolne-warunki-dostaw-srodki-ue.pdf\" data-type=\"URL\" data-id=\"https:\/\/glinik.dev10.pro\/wp-content\/uploads\/2021\/10\/ogolne-warunki-dostaw-srodki-ue.pdf\">Og\u00f3lne Warunki Dostaw<\/a><\/li><\/ul>\n\n\n\n<p><\/p>\n<\/div><\/div>\n\n\n\n<p><\/p>\n","protected":false},"excerpt":{"rendered":"<p>Film Katalog 2021 Katalog Hydrogeologia Katalog Energia i Geotermia Katalog HDD Katalog Geotechnika Katalog Minera\u0142y Certyfikaty Polityka Prywatno\u015bci Og\u00f3lne Warunki Sprzeda\u017cy Og\u00f3lne Warunki Zakupu Og\u00f3lne Warunki Dostaw<\/p>\n","protected":false},"author":1,"featured_media":0,"parent":0,"menu_order":0,"comment_status":"closed","ping_status":"closed","template":"page-full.php","meta":{"footnotes":""},"class_list":["post-9339","page","type-page","status-publish","hentry"],"acf":[],"_links":{"self":[{"href":"https:\/\/glinik.dev10.pro\/fr\/wp-json\/wp\/v2\/pages\/9339","targetHints":{"allow":["GET"]}}],"collection":[{"href":"https:\/\/glinik.dev10.pro\/fr\/wp-json\/wp\/v2\/pages"}],"about":[{"href":"https:\/\/glinik.dev10.pro\/fr\/wp-json\/wp\/v2\/types\/page"}],"author":[{"embeddable":true,"href":"https:\/\/glinik.dev10.pro\/fr\/wp-json\/wp\/v2\/users\/1"}],"replies":[{"embeddable":true,"href":"https:\/\/glinik.dev10.pro\/fr\/wp-json\/wp\/v2\/comments?post=9339"}],"version-history":[{"count":3,"href":"https:\/\/glinik.dev10.pro\/fr\/wp-json\/wp\/v2\/pages\/9339\/revisions"}],"predecessor-version":[{"id":10029,"href":"https:\/\/glinik.dev10.pro\/fr\/wp-json\/wp\/v2\/pages\/9339\/revisions\/10029"}],"wp:attachment":[{"href":"https:\/\/glinik.dev10.pro\/fr\/wp-json\/wp\/v2\/media?parent=9339"}],"curies":[{"name":"wp","href":"https:\/\/api.w.org\/{rel}","templated":true}]}}